{"id":6553,"date":"2025-09-25T10:16:46","date_gmt":"2025-09-25T02:16:46","guid":{"rendered":"https:\/\/fayshing.com\/?post_type=product&#038;p=6553"},"modified":"2025-12-12T10:58:44","modified_gmt":"2025-12-12T02:58:44","slug":"fs1215-two-hole-small-surface-latch","status":"publish","type":"product","link":"https:\/\/fayshing.com\/pt-pt\/product\/fs1215-two-hole-small-surface-latch\/","title":{"rendered":"FS1215 Trinco de superf\u00edcie pequeno com dois orif\u00edcios"},"content":{"rendered":"<p data-start=\"131\" data-end=\"398\">O <strong data-start=\"135\" data-end=\"165\">FS1215 Trinco de superf\u00edcie pequeno<\/strong> \u00e9 uma solu\u00e7\u00e3o de hardware compacta e pr\u00e1tica, concebida para caixas leves, caixas pequenas e compartimentos. Com a sua <strong data-start=\"281\" data-end=\"309\">design de montagem de dois furos<\/strong>A sua forma de fixa\u00e7\u00e3o garante uma instala\u00e7\u00e3o segura, mantendo o perfil do trinco simples e funcional.<\/p>\n<p data-start=\"400\" data-end=\"671\">Fabricado em <strong data-start=\"410\" data-end=\"418\">ferro<\/strong> com um resistente <strong data-start=\"434\" data-end=\"458\">acabamento cromado<\/strong>O FS1215 \u00e9 resistente \u00e0 corros\u00e3o e proporciona um aspeto limpo e polido. A sua <strong data-start=\"535\" data-end=\"557\">conce\u00e7\u00e3o sem bloqueio<\/strong> permite um acesso r\u00e1pido e f\u00e1cil, tornando-o ideal para aplica\u00e7\u00f5es em que \u00e9 necess\u00e1rio abrir e fechar rapidamente.<\/p>\n<p data-start=\"673\" data-end=\"692\"><strong data-start=\"673\" data-end=\"690\">Carater\u00edsticas principais:<\/strong><\/p>\n<ul data-start=\"693\" data-end=\"967\">\n<li data-start=\"693\" data-end=\"717\">\n<p data-start=\"695\" data-end=\"717\">C\u00f3digo do produto: FS1215<\/p>\n<\/li>\n<li data-start=\"718\" data-end=\"747\">\n<p data-start=\"720\" data-end=\"747\">Tipo: Trinco de superf\u00edcie pequeno<\/p>\n<\/li>\n<li data-start=\"748\" data-end=\"766\">\n<p data-start=\"750\" data-end=\"766\">Material: Ferro<\/p>\n<\/li>\n<li data-start=\"767\" data-end=\"800\">\n<p data-start=\"769\" data-end=\"800\">Acabamento da superf\u00edcie: Cromado<\/p>\n<\/li>\n<li data-start=\"801\" data-end=\"837\">\n<p data-start=\"803\" data-end=\"837\">Tamanho: Design pequeno e econ\u00f3mico em termos de espa\u00e7o<\/p>\n<\/li>\n<li data-start=\"880\" data-end=\"896\">\n<p data-start=\"882\" data-end=\"896\">Pode ser fechado \u00e0 chave: N\u00e3o<\/p>\n<\/li>\n<li data-start=\"897\" data-end=\"967\">\n<p data-start=\"899\" data-end=\"967\">Aplica\u00e7\u00f5es: Caixas pequenas, estojos, kits de ferramentas, caixas decorativas<\/p>\n<\/li>\n<\/ul>\n<p data-start=\"969\" data-end=\"1129\">O FS1215 \u00e9 a escolha perfeita para <strong data-start=\"1006\" data-end=\"1058\">fabricantes de caixas, fabricantes de caixas e projectos de bricolage<\/strong> \u00e0 procura de um <strong data-start=\"1069\" data-end=\"1126\">solu\u00e7\u00e3o de trinco compacta, fi\u00e1vel e f\u00e1cil de instalar<\/strong>.<\/p>\n<p data-start=\"969\" data-end=\"1129\"><h2 id=\"tablepress-4-name\" class=\"tablepress-table-name tablepress-table-name-id-4\">Trava de superf\u00edcie pequena<\/h2>\n\n<table id=\"tablepress-4\" class=\"tablepress tablepress-id-4\" aria-labelledby=\"tablepress-4-name\">\n<thead>\n<tr class=\"row-1\">\n\t<th class=\"column-1\"><strong>N\u00famero da pe\u00e7a<\/strong><\/th><th class=\"column-2\"><strong>Desenho<\/strong><\/th><th class=\"column-3\"><strong>Acabamento<\/strong><\/th><th class=\"column-4\"><strong>Bloque\u00e1vel<\/strong><\/th><th class=\"column-5\"><strong>primavera<\/strong><\/th>\n<\/tr>\n<\/thead>\n<tbody class=\"row-striping row-hover\">\n<tr class=\"row-2\">\n\t<td class=\"column-1\"><a href=\"https:\/\/fayshing.com\/pt-pt\/product\/fs1215-two-hole-small-surface-latch\/\">FS1215<\/a><\/td><td class=\"column-2\"><\/td><td class=\"column-3\">cromada<\/td><td class=\"column-4\">N\u00e3o<\/td><td class=\"column-5\">N\u00e3o<\/td>\n<\/tr>\n<tr class=\"row-3\">\n\t<td class=\"column-1\"><a href=\"https:\/\/fayshing.com\/pt-pt\/product\/42x40mm-stainless-steel-small-surface-mount-butterfly-twist-latch-and-keeper-fs-1121\/\">FS1121<\/a><\/td><td class=\"column-2\"><a href=\"https:\/\/fayshing.com\/wp-content\/uploads\/FS1121-Surface-Mount-Twist-Latches.jpg\"><img decoding=\"async\" src=\"https:\/\/fayshing.com\/wp-content\/uploads\/FS1121-Surface-Mount-Twist-Latches-300x300.jpg\" alt=\"FS1121 Fechos de tor\u00e7\u00e3o de montagem em superf\u00edcie\" width=\"60\" height=\"60\" class=\"alignnone size-medium wp-image-6224\" title=\"\" srcset=\"https:\/\/fayshing.com\/wp-content\/uploads\/FS1121-Surface-Mount-Twist-Latches-300x300.jpg 300w, https:\/\/fayshing.com\/wp-content\/uploads\/FS1121-Surface-Mount-Twist-Latches-150x150.jpg 150w, https:\/\/fayshing.com\/wp-content\/uploads\/FS1121-Surface-Mount-Twist-Latches-768x768.jpg 768w, https:\/\/fayshing.com\/wp-content\/uploads\/FS1121-Surface-Mount-Twist-Latches-12x12.jpg 12w, https:\/\/fayshing.com\/wp-content\/uploads\/FS1121-Surface-Mount-Twist-Latches-600x600.jpg 600w, https:\/\/fayshing.com\/wp-content\/uploads\/FS1121-Surface-Mount-Twist-Latches-200x200.jpg 200w, https:\/\/fayshing.com\/wp-content\/uploads\/FS1121-Surface-Mount-Twist-Latches.jpg 800w\" sizes=\"(max-width: 60px) 100vw, 60px\" \/><\/a><\/td><td class=\"column-3\">cromada<\/td><td class=\"column-4\">N\u00e3o<\/td><td class=\"column-5\">N\u00e3o<\/td>\n<\/tr>\n<tr class=\"row-4\">\n\t<td class=\"column-1\"><a href=\"https:\/\/fayshing.com\/pt-pt\/product\/42x40mm-stainless-steel-surface-mount-twist-latch-and-keeper-with-exposed-mounting-hole-fs-1122\/\">FS1122<\/a><\/td><td class=\"column-2\"><a href=\"https:\/\/fayshing.com\/wp-content\/uploads\/2022\/05\/FS1122.jpg\"><img decoding=\"async\" src=\"https:\/\/fayshing.com\/wp-content\/uploads\/2022\/05\/FS1122-300x300.jpg\" alt=\"Pequeno fecho de tor\u00e7\u00e3o em a\u00e7o inoxid\u00e1vel com montagem exposta\" width=\"60\" height=\"60\" class=\"alignnone size-medium wp-image-2935\" title=\"\" srcset=\"https:\/\/fayshing.com\/wp-content\/uploads\/2022\/05\/FS1122-300x300.jpg 300w, https:\/\/fayshing.com\/wp-content\/uploads\/2022\/05\/FS1122-200x200.jpg 200w, https:\/\/fayshing.com\/wp-content\/uploads\/2022\/05\/FS1122-600x600.jpg 600w, https:\/\/fayshing.com\/wp-content\/uploads\/2022\/05\/FS1122-64x64.jpg 64w, https:\/\/fayshing.com\/wp-content\/uploads\/2022\/05\/FS1122-150x150.jpg 150w, https:\/\/fayshing.com\/wp-content\/uploads\/2022\/05\/FS1122-768x768.jpg 768w, https:\/\/fayshing.com\/wp-content\/uploads\/2022\/05\/FS1122-100x100.jpg 100w, https:\/\/fayshing.com\/wp-content\/uploads\/2022\/05\/FS1122.jpg 800w\" sizes=\"(max-width: 60px) 100vw, 60px\" \/><\/a><\/td><td class=\"column-3\">cromada<\/td><td class=\"column-4\">N\u00e3o<\/td><td class=\"column-5\">N\u00e3o<\/td>\n<\/tr>\n<tr class=\"row-5\">\n\t<td class=\"column-1\"><a href=\"https:\/\/fayshing.com\/pt-pt\/product\/55x51mm-spring-loaded-small-surface-mount-butterfly-twist-latch-and-keeper-fs-1123\/\">FS1123<\/a><\/td><td class=\"column-2\"><a href=\"https:\/\/fayshing.com\/wp-content\/uploads\/2022\/05\/FS1123.jpg\"><img decoding=\"async\" src=\"https:\/\/fayshing.com\/wp-content\/uploads\/2022\/05\/FS1123-300x300.jpg\" alt=\"55x51mm trinco borboleta com mola para montagem em superf\u00edcie\" width=\"60\" height=\"60\" class=\"alignnone size-medium wp-image-2933\" title=\"\" srcset=\"https:\/\/fayshing.com\/wp-content\/uploads\/2022\/05\/FS1123-300x300.jpg 300w, https:\/\/fayshing.com\/wp-content\/uploads\/2022\/05\/FS1123-200x200.jpg 200w, https:\/\/fayshing.com\/wp-content\/uploads\/2022\/05\/FS1123-600x600.jpg 600w, https:\/\/fayshing.com\/wp-content\/uploads\/2022\/05\/FS1123-64x64.jpg 64w, https:\/\/fayshing.com\/wp-content\/uploads\/2022\/05\/FS1123-150x150.jpg 150w, https:\/\/fayshing.com\/wp-content\/uploads\/2022\/05\/FS1123-768x768.jpg 768w, https:\/\/fayshing.com\/wp-content\/uploads\/2022\/05\/FS1123-100x100.jpg 100w, https:\/\/fayshing.com\/wp-content\/uploads\/2022\/05\/FS1123.jpg 800w\" sizes=\"(max-width: 60px) 100vw, 60px\" \/><\/a><\/td><td class=\"column-3\">cromada<\/td><td class=\"column-4\">N\u00e3o<\/td><td class=\"column-5\">N\u00e3o<\/td>\n<\/tr>\n<tr class=\"row-6\">\n\t<td class=\"column-1\"><a href=\"https:\/\/fayshing.com\/pt-pt\/product\/55x51mm-padlockable-spring-loaded-surface-mount-butterfly-twist-latch-and-keeper-fs-1124\/\">FS1124<\/a><\/td><td class=\"column-2\"><a href=\"https:\/\/fayshing.com\/wp-content\/uploads\/FS1124.png\"><img loading=\"lazy\" decoding=\"async\" src=\"https:\/\/fayshing.com\/wp-content\/uploads\/FS1124-300x128.png\" alt=\"FS1124 Desenhos CAD detalhados\" width=\"60\" height=\"30\" class=\"alignnone size-medium wp-image-5610\" title=\"\"><\/a><\/td><td class=\"column-3\">cromada<\/td><td class=\"column-4\">Com cadeado<\/td><td class=\"column-5\">N\u00e3o<\/td>\n<\/tr>\n<\/tbody>\n<\/table>\n<!-- #tablepress-4 from cache --><\/p>","protected":false},"excerpt":{"rendered":"<ul>\n<li>Material: Ferro<\/li>\n<li>Acabamento: Cromado;<\/li>\n<li>Tamanho: 55 \u00d7 52 mm;<\/li>\n<\/ul>","protected":false},"featured_media":6554,"comment_status":"open","ping_status":"closed","template":"","meta":{"_acf_changed":false},"product_brand":[],"product_cat":[23],"product_tag":[],"class_list":{"0":"post-6553","1":"product","2":"type-product","3":"status-publish","4":"has-post-thumbnail","6":"product_cat-latches","7":"pa_material-iron","8":"pa_parts-no-fs1215","9":"pa_surface-treatment-chrome","10":"description-off","12":"first","13":"instock","14":"shipping-taxable","15":"product-type-simple"},"acf":[],"_links":{"self":[{"href":"https:\/\/fayshing.com\/pt-pt\/wp-json\/wp\/v2\/product\/6553","targetHints":{"allow":["GET"]}}],"collection":[{"href":"https:\/\/fayshing.com\/pt-pt\/wp-json\/wp\/v2\/product"}],"about":[{"href":"https:\/\/fayshing.com\/pt-pt\/wp-json\/wp\/v2\/types\/product"}],"replies":[{"embeddable":true,"href":"https:\/\/fayshing.com\/pt-pt\/wp-json\/wp\/v2\/comments?post=6553"}],"wp:featuredmedia":[{"embeddable":true,"href":"https:\/\/fayshing.com\/pt-pt\/wp-json\/wp\/v2\/media\/6554"}],"wp:attachment":[{"href":"https:\/\/fayshing.com\/pt-pt\/wp-json\/wp\/v2\/media?parent=6553"}],"wp:term":[{"taxonomy":"product_brand","embeddable":true,"href":"https:\/\/fayshing.com\/pt-pt\/wp-json\/wp\/v2\/product_brand?post=6553"},{"taxonomy":"product_cat","embeddable":true,"href":"https:\/\/fayshing.com\/pt-pt\/wp-json\/wp\/v2\/product_cat?post=6553"},{"taxonomy":"product_tag","embeddable":true,"href":"https:\/\/fayshing.com\/pt-pt\/wp-json\/wp\/v2\/product_tag?post=6553"}],"curies":[{"name":"wp","href":"https:\/\/api.w.org\/{rel}","templated":true}]}}