{"id":6544,"date":"2025-09-25T09:13:27","date_gmt":"2025-09-25T01:13:27","guid":{"rendered":"https:\/\/fayshing.com\/?post_type=product&#038;p=6544"},"modified":"2025-12-13T11:47:56","modified_gmt":"2025-12-13T03:47:56","slug":"fs1212-large-recessed-butterfly-twist-latch","status":"publish","type":"product","link":"https:\/\/fayshing.com\/pt-pt\/product\/fs1212-large-recessed-butterfly-twist-latch\/","title":{"rendered":"FS1212 Fecho de tor\u00e7\u00e3o tipo borboleta grande encastrado"},"content":{"rendered":"<p data-start=\"182\" data-end=\"518\">O fecho de tor\u00e7\u00e3o tipo borboleta FS1212 \u00e9 uma solu\u00e7\u00e3o de hardware de fecho de tor\u00e7\u00e3o para trabalhos pesados, concebida para malas de voo de grandes dimens\u00f5es, malas de estrada e caixas de armazenamento industrial. Com o seu design embutido e prato raso de 1\/2\u2033, proporciona um fecho seguro, evitando o entalamento acidental durante o manuseamento e o transporte.<\/p>\n<p data-start=\"520\" data-end=\"793\">Este trinco possui 14 orif\u00edcios de montagem para maior estabilidade, e a pega inclui orif\u00edcios de \u03a65,2 mm, garantindo uma instala\u00e7\u00e3o forte e fi\u00e1vel. Com uma dimens\u00e3o de 174 \u00d7 127 mm, \u00e9 ideal para a constru\u00e7\u00e3o de caixas em grande escala, onde a resist\u00eancia e a durabilidade s\u00e3o essenciais.<\/p>\n<p data-start=\"795\" data-end=\"814\"><strong data-start=\"795\" data-end=\"812\">Carater\u00edsticas principais:<\/strong><\/p>\n<ul data-start=\"815\" data-end=\"1140\">\n<li data-start=\"815\" data-end=\"839\">\n<p data-start=\"817\" data-end=\"839\">C\u00f3digo do produto: FS1212<\/p>\n<\/li>\n<li data-start=\"840\" data-end=\"886\">\n<p data-start=\"842\" data-end=\"886\">Tipo: Fecho de tor\u00e7\u00e3o de borboleta grande encastrado<\/p>\n<\/li>\n<li data-start=\"887\" data-end=\"944\">\n<p data-start=\"889\" data-end=\"944\">Profundidade do prato: prato raso de 1\/2\u2033 - nivelado e de baixo perfil<\/p>\n<\/li>\n<li data-start=\"945\" data-end=\"966\">\n<p data-start=\"947\" data-end=\"966\">Tamanho do furo: \u03a65.2mm<\/p>\n<\/li>\n<li data-start=\"967\" data-end=\"996\">\n<p data-start=\"969\" data-end=\"996\">Tamanho total: 174 \u00d7 127 mm<\/p>\n<\/li>\n<li data-start=\"997\" data-end=\"1040\">\n<p data-start=\"999\" data-end=\"1040\">Fixa\u00e7\u00e3o: 14 orif\u00edcios para uma fixa\u00e7\u00e3o segura<\/p>\n<\/li>\n<li data-start=\"1041\" data-end=\"1140\">\n<p data-start=\"1043\" data-end=\"1140\">Aplica\u00e7\u00f5es: Malas de voo de grandes dimens\u00f5es, malas de estrada, arm\u00e1rios para altifalantes, caixas para equipamento industrial<\/p>\n<\/li>\n<\/ul>\n<p data-start=\"1142\" data-end=\"1327\">O FS1212 \u00e9 um <strong data-start=\"1158\" data-end=\"1211\">ferragem de fecho de tor\u00e7\u00e3o tipo borboleta de qualidade profissional<\/strong> oferecendo m\u00e1xima estabilidade, funcionamento suave e desempenho duradouro para aplica\u00e7\u00f5es exigentes.<\/p>\n<p data-start=\"1142\" data-end=\"1327\"><h2 id=\"tablepress-3-name\" class=\"tablepress-table-name tablepress-table-name-id-3\">Fecho de embutir grande<\/h2>\n\n<table id=\"tablepress-3\" class=\"tablepress tablepress-id-3\" aria-labelledby=\"tablepress-3-name\">\n<thead>\n<tr class=\"row-1\">\n\t<th class=\"column-1\"><strong>N\u00famero da pe\u00e7a<\/strong><\/th><th class=\"column-2\"><strong>Desenho<\/strong><\/th><th class=\"column-3\"><strong>Acabamento<\/strong><\/th><th class=\"column-4\"><strong>Bloque\u00e1vel<\/strong><\/th><th class=\"column-5\"><strong>Desvio<\/strong><\/th>\n<\/tr>\n<\/thead>\n<tbody class=\"row-striping row-hover\">\n<tr class=\"row-2\">\n\t<td class=\"column-1\"><a href=\"https:\/\/fayshing.com\/pt-pt\/product\/fs1211-trinco-de-torcao-tipo-borboleta-grande-encastrado-com-desvio\/\">FS1211<\/a><\/td><td class=\"column-2\"><a href=\"https:\/\/fayshing.com\/wp-content\/uploads\/FS1211-Large-Recessed-Butterfly-Twist-Latch-with-Offset-Size.jpg\"><img decoding=\"async\" src=\"https:\/\/fayshing.com\/wp-content\/uploads\/FS1211-Large-Recessed-Butterfly-Twist-Latch-with-Offset-Size-300x300.jpg\" alt=\"FS1211 Fecho de tor\u00e7\u00e3o de borboleta grande encastrado com tamanho deslocado\" width=\"60\" height=\"60\" class=\"alignnone size-medium wp-image-6215\" title=\"\" srcset=\"https:\/\/fayshing.com\/wp-content\/uploads\/FS1211-Large-Recessed-Butterfly-Twist-Latch-with-Offset-Size-300x300.jpg 300w, https:\/\/fayshing.com\/wp-content\/uploads\/FS1211-Large-Recessed-Butterfly-Twist-Latch-with-Offset-Size-150x150.jpg 150w, https:\/\/fayshing.com\/wp-content\/uploads\/FS1211-Large-Recessed-Butterfly-Twist-Latch-with-Offset-Size-768x768.jpg 768w, https:\/\/fayshing.com\/wp-content\/uploads\/FS1211-Large-Recessed-Butterfly-Twist-Latch-with-Offset-Size-12x12.jpg 12w, https:\/\/fayshing.com\/wp-content\/uploads\/FS1211-Large-Recessed-Butterfly-Twist-Latch-with-Offset-Size-600x600.jpg 600w, https:\/\/fayshing.com\/wp-content\/uploads\/FS1211-Large-Recessed-Butterfly-Twist-Latch-with-Offset-Size-200x200.jpg 200w, https:\/\/fayshing.com\/wp-content\/uploads\/FS1211-Large-Recessed-Butterfly-Twist-Latch-with-Offset-Size.jpg 1000w\" sizes=\"(max-width: 60px) 100vw, 60px\" \/><\/a><\/td><td class=\"column-3\"><\/td><td class=\"column-4\">Cadeado<\/td><td class=\"column-5\">Sim<\/td>\n<\/tr>\n<tr class=\"row-3\">\n\t<td class=\"column-1\"><a href=\"https:\/\/fayshing.com\/pt-pt\/product\/157x127mm-large-recessed-butterfly-twist-latch-in-offset-dish-with-padlock-ring-fs-1113\/\">FS1113<\/a><\/td><td class=\"column-2\"><a href=\"https:\/\/fayshing.com\/wp-content\/uploads\/Large-Recessed-Butterfly-Twist-Latch-in-Offset-Dish-with-Padlock-Ring-FS-1113.jpg\"><img decoding=\"async\" src=\"https:\/\/fayshing.com\/wp-content\/uploads\/Large-Recessed-Butterfly-Twist-Latch-in-Offset-Dish-with-Padlock-Ring-FS-1113-300x300.jpg\" alt=\"Grande trinco de tor\u00e7\u00e3o em forma de borboleta embutido em prato de compensa\u00e7\u00e3o com anel de cadeado\" width=\"60\" height=\"60\" class=\"alignnone size-medium wp-image-6218\" title=\"\" srcset=\"https:\/\/fayshing.com\/wp-content\/uploads\/Large-Recessed-Butterfly-Twist-Latch-in-Offset-Dish-with-Padlock-Ring-FS-1113-300x300.jpg 300w, https:\/\/fayshing.com\/wp-content\/uploads\/Large-Recessed-Butterfly-Twist-Latch-in-Offset-Dish-with-Padlock-Ring-FS-1113-150x150.jpg 150w, https:\/\/fayshing.com\/wp-content\/uploads\/Large-Recessed-Butterfly-Twist-Latch-in-Offset-Dish-with-Padlock-Ring-FS-1113-768x768.jpg 768w, https:\/\/fayshing.com\/wp-content\/uploads\/Large-Recessed-Butterfly-Twist-Latch-in-Offset-Dish-with-Padlock-Ring-FS-1113-12x12.jpg 12w, https:\/\/fayshing.com\/wp-content\/uploads\/Large-Recessed-Butterfly-Twist-Latch-in-Offset-Dish-with-Padlock-Ring-FS-1113-600x600.jpg 600w, https:\/\/fayshing.com\/wp-content\/uploads\/Large-Recessed-Butterfly-Twist-Latch-in-Offset-Dish-with-Padlock-Ring-FS-1113-200x200.jpg 200w, https:\/\/fayshing.com\/wp-content\/uploads\/Large-Recessed-Butterfly-Twist-Latch-in-Offset-Dish-with-Padlock-Ring-FS-1113.jpg 1000w\" sizes=\"(max-width: 60px) 100vw, 60px\" \/><\/a><\/td><td class=\"column-3\">cromada<\/td><td class=\"column-4\">Cadeado<\/td><td class=\"column-5\">Sim<\/td>\n<\/tr>\n<tr class=\"row-4\">\n\t<td class=\"column-1\"><a href=\"https:\/\/fayshing.com\/pt-pt\/product\/157x127mm-large-recessed-butterfly-twist-latch-in-offset-dish-fs-1114\/\">FS1114<\/a><\/td><td class=\"column-2\"><a href=\"https:\/\/fayshing.com\/wp-content\/uploads\/2022\/05\/FS1114-5.jpg\"><img decoding=\"async\" src=\"https:\/\/fayshing.com\/wp-content\/uploads\/2022\/05\/FS1114-5-300x300.jpg\" alt=\"Grande trinco de tor\u00e7\u00e3o em forma de borboleta embutido em prato de compensa\u00e7\u00e3o\" width=\"60\" height=\"60\" class=\"alignnone size-medium wp-image-2952\" title=\"\" srcset=\"https:\/\/fayshing.com\/wp-content\/uploads\/2022\/05\/FS1114-5-300x300.jpg 300w, https:\/\/fayshing.com\/wp-content\/uploads\/2022\/05\/FS1114-5-200x200.jpg 200w, https:\/\/fayshing.com\/wp-content\/uploads\/2022\/05\/FS1114-5-600x600.jpg 600w, https:\/\/fayshing.com\/wp-content\/uploads\/2022\/05\/FS1114-5-64x64.jpg 64w, https:\/\/fayshing.com\/wp-content\/uploads\/2022\/05\/FS1114-5-150x150.jpg 150w, https:\/\/fayshing.com\/wp-content\/uploads\/2022\/05\/FS1114-5-768x768.jpg 768w, https:\/\/fayshing.com\/wp-content\/uploads\/2022\/05\/FS1114-5-100x100.jpg 100w, https:\/\/fayshing.com\/wp-content\/uploads\/2022\/05\/FS1114-5.jpg 800w\" sizes=\"(max-width: 60px) 100vw, 60px\" \/><\/a><\/td><td class=\"column-3\">cromada<\/td><td class=\"column-4\">N\u00c3O<\/td><td class=\"column-5\">Sim<\/td>\n<\/tr>\n<tr class=\"row-5\">\n\t<td class=\"column-1\"><a href=\"https:\/\/fayshing.com\/pt-pt\/product\/157x127mm-large-recessed-butterfly-twist-latch-in-offset-dish-with-padlock-feature-fs-1115\/\">FS1115<\/a><\/td><td class=\"column-2\"><a href=\"https:\/\/fayshing.com\/wp-content\/uploads\/2022\/05\/FS1115-6.jpg\"><img loading=\"lazy\" decoding=\"async\" src=\"https:\/\/fayshing.com\/wp-content\/uploads\/2022\/05\/FS1115-6-300x300.jpg\" alt=\"Grande trinco de tor\u00e7\u00e3o tipo borboleta embutido com prato deslocado e fun\u00e7\u00e3o de cadeado\" width=\"60\" height=\"60\" class=\"alignnone size-medium wp-image-2950\" title=\"\" srcset=\"https:\/\/fayshing.com\/wp-content\/uploads\/2022\/05\/FS1115-6-300x300.jpg 300w, https:\/\/fayshing.com\/wp-content\/uploads\/2022\/05\/FS1115-6-200x200.jpg 200w, https:\/\/fayshing.com\/wp-content\/uploads\/2022\/05\/FS1115-6-600x600.jpg 600w, https:\/\/fayshing.com\/wp-content\/uploads\/2022\/05\/FS1115-6-64x64.jpg 64w, https:\/\/fayshing.com\/wp-content\/uploads\/2022\/05\/FS1115-6-150x150.jpg 150w, https:\/\/fayshing.com\/wp-content\/uploads\/2022\/05\/FS1115-6-768x768.jpg 768w, https:\/\/fayshing.com\/wp-content\/uploads\/2022\/05\/FS1115-6-100x100.jpg 100w, https:\/\/fayshing.com\/wp-content\/uploads\/2022\/05\/FS1115-6.jpg 800w\" sizes=\"(max-width: 60px) 100vw, 60px\" \/><\/a><\/td><td class=\"column-3\">cromada<\/td><td class=\"column-4\">Cadeado<\/td><td class=\"column-5\">Sim<\/td>\n<\/tr>\n<tr class=\"row-6\">\n\t<td class=\"column-1\"><a href=\"https:\/\/fayshing.com\/pt-pt\/product\/fs1212-large-recessed-butterfly-twist-latch\/\">FS1212<\/a><\/td><td class=\"column-2\"><\/td><td class=\"column-3\">cromada<\/td><td class=\"column-4\">N\u00c3O<\/td><td class=\"column-5\">N\u00c3O<\/td>\n<\/tr>\n<\/tbody>\n<\/table>\n<!-- #tablepress-3 from cache --><\/p>\n<h3>FS1211 Desenhos CAD detalhados<\/h3>\n<p><iframe title=\"FAYSHING | Flight Case Fecho de borboleta embutido\" width=\"1200\" height=\"675\" src=\"https:\/\/www.youtube.com\/embed\/aTp86AjsHpU?feature=oembed&#038;enablejsapi=1&#038;origin=https:\/\/fayshing.com\" frameborder=\"0\" allow=\"accelerometer; autoplay; clipboard-write; encrypted-media; gyroscope; picture-in-picture; web-share\" referrerpolicy=\"strict-origin-when-cross-origin\" allowfullscreen><\/iframe><\/p>\n<p>&nbsp;<\/p>","protected":false},"excerpt":{"rendered":"<ul>\n<li>Fecho de tor\u00e7\u00e3o tipo borboleta grande e encastrado;<\/li>\n<li>Prato raso com 1\/2\u2033 de profundidade;<\/li>\n<li>\u03a65.2mm Tamanho do furo;<\/li>\n<li>Tamanho 174 \u00d7 127 mm;<\/li>\n<li>14 orif\u00edcios de montagem;<\/li>\n<\/ul>","protected":false},"featured_media":6545,"comment_status":"open","ping_status":"closed","template":"","meta":{"_acf_changed":false},"product_brand":[],"product_cat":[23,116],"product_tag":[],"class_list":{"0":"post-6544","1":"product","2":"type-product","3":"status-publish","4":"has-post-thumbnail","6":"product_cat-latches","7":"product_cat-recessed-twist-latches","8":"pa_material-iron","9":"pa_surface-treatment-black","10":"pa_surface-treatment-blue-zinc","11":"pa_surface-treatment-chrome","12":"description-off","14":"first","15":"instock","16":"shipping-taxable","17":"product-type-simple"},"acf":[],"_links":{"self":[{"href":"https:\/\/fayshing.com\/pt-pt\/wp-json\/wp\/v2\/product\/6544","targetHints":{"allow":["GET"]}}],"collection":[{"href":"https:\/\/fayshing.com\/pt-pt\/wp-json\/wp\/v2\/product"}],"about":[{"href":"https:\/\/fayshing.com\/pt-pt\/wp-json\/wp\/v2\/types\/product"}],"replies":[{"embeddable":true,"href":"https:\/\/fayshing.com\/pt-pt\/wp-json\/wp\/v2\/comments?post=6544"}],"wp:featuredmedia":[{"embeddable":true,"href":"https:\/\/fayshing.com\/pt-pt\/wp-json\/wp\/v2\/media\/6545"}],"wp:attachment":[{"href":"https:\/\/fayshing.com\/pt-pt\/wp-json\/wp\/v2\/media?parent=6544"}],"wp:term":[{"taxonomy":"product_brand","embeddable":true,"href":"https:\/\/fayshing.com\/pt-pt\/wp-json\/wp\/v2\/product_brand?post=6544"},{"taxonomy":"product_cat","embeddable":true,"href":"https:\/\/fayshing.com\/pt-pt\/wp-json\/wp\/v2\/product_cat?post=6544"},{"taxonomy":"product_tag","embeddable":true,"href":"https:\/\/fayshing.com\/pt-pt\/wp-json\/wp\/v2\/product_tag?post=6544"}],"curies":[{"name":"wp","href":"https:\/\/api.w.org\/{rel}","templated":true}]}}