{"id":6439,"date":"2025-07-07T11:03:07","date_gmt":"2025-07-07T03:03:07","guid":{"rendered":"https:\/\/fayshing.com\/?post_type=product&#038;p=6439"},"modified":"2025-12-15T11:31:02","modified_gmt":"2025-12-15T03:31:02","slug":"small-ball-corner-with-20mm-offset-fs3210","status":"publish","type":"product","link":"https:\/\/fayshing.com\/pt-pt\/product\/small-ball-corner-with-20mm-offset-fs3210\/","title":{"rendered":"Canto de bola pequeno com desvio de 20 mm FS3210"},"content":{"rendered":"<p data-start=\"143\" data-end=\"429\">O <strong data-start=\"147\" data-end=\"175\">FS3210 Canto de bola pequeno<\/strong> \u00e9 um protetor de cantos compacto mas robusto, concebido para caixas que requerem espa\u00e7o e refor\u00e7o adicionais. Com um <strong data-start=\"301\" data-end=\"316\">Desvio de 20 mm<\/strong> e <strong data-start=\"321\" data-end=\"345\">tr\u00eas orif\u00edcios de fixa\u00e7\u00e3o<\/strong>O sistema de fixa\u00e7\u00e3o de seguran\u00e7a garante uma instala\u00e7\u00e3o segura, protegendo as extremidades da caixa contra impactos e desgaste.<\/p>\n<p data-start=\"431\" data-end=\"703\">Fabricado em <strong data-start=\"441\" data-end=\"458\">a\u00e7o dur\u00e1vel<\/strong> e dispon\u00edvel em <strong data-start=\"476\" data-end=\"486\">cromo<\/strong>, <strong data-start=\"488\" data-end=\"497\">preto<\/strong>, ou <strong data-start=\"502\" data-end=\"515\">zinco azul<\/strong> A FS3210 combina resist\u00eancia com um aspeto profissional. O seu design deslocado torna-o especialmente adequado para caixas com ferragens salientes ou tampas que necessitem de espa\u00e7o adicional.<\/p>\n<p data-start=\"705\" data-end=\"724\"><strong data-start=\"705\" data-end=\"722\">Carater\u00edsticas principais:<\/strong><\/p>\n<ul data-start=\"725\" data-end=\"1005\">\n<li data-start=\"725\" data-end=\"749\">\n<p data-start=\"727\" data-end=\"749\">C\u00f3digo do produto: FS3210<\/p>\n<\/li>\n<li data-start=\"750\" data-end=\"794\">\n<p data-start=\"752\" data-end=\"794\">Tipo: Canto de bola pequeno com desvio de 20 mm<\/p>\n<\/li>\n<li data-start=\"795\" data-end=\"814\">\n<p data-start=\"797\" data-end=\"814\">Material: A\u00e7o<\/p>\n<\/li>\n<li data-start=\"815\" data-end=\"861\">\n<p data-start=\"817\" data-end=\"861\">Op\u00e7\u00f5es de acabamento: Cromado \/ Preto \/ Zinco azul<\/p>\n<\/li>\n<li data-start=\"862\" data-end=\"916\">\n<p data-start=\"864\" data-end=\"916\">Fixa\u00e7\u00e3o: 3 orif\u00edcios para uma fixa\u00e7\u00e3o est\u00e1vel e segura<\/p>\n<\/li>\n<li data-start=\"917\" data-end=\"1005\">\n<p data-start=\"919\" data-end=\"1005\">Aplica\u00e7\u00f5es: Malas de voo, malas de viagem, malas para instrumentos, caixas de ferramentas, caixas de arruma\u00e7\u00e3o<\/p>\n<\/li>\n<\/ul>\n<p data-start=\"1007\" data-end=\"1151\">O FS3210 \u00e9 ideal para <strong data-start=\"1031\" data-end=\"1066\">projectos de repara\u00e7\u00e3o e de cria\u00e7\u00e3o de casos<\/strong> \u00e0 procura de ambos <strong data-start=\"1084\" data-end=\"1128\">prote\u00e7\u00e3o dos bordos e desobstru\u00e7\u00e3o funcional<\/strong> num design compacto.<\/p>","protected":false},"excerpt":{"rendered":"<ul>\n<li>Canto de bola pequeno com desvio de 20 mm<\/li>\n<li>FS3210<\/li>\n<li>3 furos<\/li>\n<li>A\u00e7o<\/li>\n<li>Cromado \/ Preto \/ Azul Zinco<\/li>\n<\/ul>","protected":false},"featured_media":6441,"comment_status":"open","ping_status":"closed","template":"","meta":{"_acf_changed":false},"product_brand":[],"product_cat":[109,126],"product_tag":[],"class_list":{"0":"post-6439","1":"product","2":"type-product","3":"status-publish","4":"has-post-thumbnail","6":"product_cat-case-corners","7":"product_cat-ball-corners","8":"pa_material-steel","9":"pa_parts-no-fs-3210","10":"description-off","12":"first","13":"instock","14":"shipping-taxable","15":"product-type-simple"},"acf":[],"_links":{"self":[{"href":"https:\/\/fayshing.com\/pt-pt\/wp-json\/wp\/v2\/product\/6439","targetHints":{"allow":["GET"]}}],"collection":[{"href":"https:\/\/fayshing.com\/pt-pt\/wp-json\/wp\/v2\/product"}],"about":[{"href":"https:\/\/fayshing.com\/pt-pt\/wp-json\/wp\/v2\/types\/product"}],"replies":[{"embeddable":true,"href":"https:\/\/fayshing.com\/pt-pt\/wp-json\/wp\/v2\/comments?post=6439"}],"wp:featuredmedia":[{"embeddable":true,"href":"https:\/\/fayshing.com\/pt-pt\/wp-json\/wp\/v2\/media\/6441"}],"wp:attachment":[{"href":"https:\/\/fayshing.com\/pt-pt\/wp-json\/wp\/v2\/media?parent=6439"}],"wp:term":[{"taxonomy":"product_brand","embeddable":true,"href":"https:\/\/fayshing.com\/pt-pt\/wp-json\/wp\/v2\/product_brand?post=6439"},{"taxonomy":"product_cat","embeddable":true,"href":"https:\/\/fayshing.com\/pt-pt\/wp-json\/wp\/v2\/product_cat?post=6439"},{"taxonomy":"product_tag","embeddable":true,"href":"https:\/\/fayshing.com\/pt-pt\/wp-json\/wp\/v2\/product_tag?post=6439"}],"curies":[{"name":"wp","href":"https:\/\/api.w.org\/{rel}","templated":true}]}}