{"id":6430,"date":"2025-07-03T15:22:44","date_gmt":"2025-07-03T07:22:44","guid":{"rendered":"https:\/\/fayshing.com\/?post_type=product&#038;p=6430"},"modified":"2025-12-15T11:26:10","modified_gmt":"2025-12-15T03:26:10","slug":"3-holes-small-female-stackable-ball-corner-fs3130","status":"publish","type":"product","link":"https:\/\/fayshing.com\/pt-pt\/product\/3-holes-small-female-stackable-ball-corner-fs3130\/","title":{"rendered":"Canto de esfera empilh\u00e1vel f\u00eamea pequeno com 3 furos FS3130"},"content":{"rendered":"<p data-start=\"161\" data-end=\"461\">O <strong data-start=\"165\" data-end=\"211\">FS-3130 Canto de esfera empilh\u00e1vel f\u00eamea pequeno<\/strong> \u00e9 um protetor de canto compacto e duradouro concebido para caixas que requerem <strong data-start=\"286\" data-end=\"309\">capacidade de empilhamento<\/strong>. Com a sua <strong data-start=\"320\" data-end=\"347\">design empilh\u00e1vel feminino<\/strong>O sistema de empilhamento de caixas permite que as caixas sejam empilhadas de forma segura umas sobre as outras, proporcionando estabilidade durante o armazenamento e o transporte.<\/p>\n<p data-start=\"463\" data-end=\"748\">Apresentando <strong data-start=\"473\" data-end=\"497\">tr\u00eas orif\u00edcios de fixa\u00e7\u00e3o<\/strong>O FS-3130 assegura um ajuste seguro e uma excelente prote\u00e7\u00e3o dos bordos. Fabricado em a\u00e7o resistente e dispon\u00edvel em <strong data-start=\"603\" data-end=\"613\">cromo<\/strong>, <strong data-start=\"615\" data-end=\"624\">preto<\/strong>, ou <strong data-start=\"629\" data-end=\"642\">zinco azul<\/strong> oferece resist\u00eancia ao impacto e versatilidade est\u00e9tica para complementar v\u00e1rios estilos de caixas.<\/p>\n<p data-start=\"750\" data-end=\"769\"><strong data-start=\"750\" data-end=\"767\">Carater\u00edsticas principais:<\/strong><\/p>\n<ul data-start=\"770\" data-end=\"1096\">\n<li data-start=\"770\" data-end=\"795\">\n<p data-start=\"772\" data-end=\"795\">C\u00f3digo do produto: FS-3130<\/p>\n<\/li>\n<li data-start=\"796\" data-end=\"862\">\n<p data-start=\"798\" data-end=\"862\">Tipo: Canto de esfera empilh\u00e1vel f\u00eamea pequeno com 3 orif\u00edcios de montagem<\/p>\n<\/li>\n<li data-start=\"863\" data-end=\"909\">\n<p data-start=\"865\" data-end=\"909\">Op\u00e7\u00f5es de acabamento: Cromado \/ Preto \/ Zinco azul<\/p>\n<\/li>\n<li data-start=\"910\" data-end=\"968\">\n<p data-start=\"912\" data-end=\"968\">Constru\u00e7\u00e3o em a\u00e7o dur\u00e1vel para uma prote\u00e7\u00e3o duradoura<\/p>\n<\/li>\n<li data-start=\"969\" data-end=\"1020\">\n<p data-start=\"971\" data-end=\"1020\">Design empilh\u00e1vel - permite um empilhamento seguro das caixas<\/p>\n<\/li>\n<li data-start=\"1021\" data-end=\"1096\">\n<p data-start=\"1023\" data-end=\"1096\">Aplica\u00e7\u00f5es: Malas de voo, malas de viagem, malas para instrumentos, caixas de arruma\u00e7\u00e3o<\/p>\n<\/li>\n<\/ul>\n<p data-start=\"1098\" data-end=\"1239\">O FS-3130 \u00e9 ideal para construtores de caixas profissionais e projectos de repara\u00e7\u00e3o onde <strong data-start=\"1176\" data-end=\"1214\">possibilidade de empilhamento e prote\u00e7\u00e3o dos cantos<\/strong> s\u00e3o igualmente importantes.<\/p>","protected":false},"excerpt":{"rendered":"<ul>\n<li>Canto de bola com 3 furos<\/li>\n<li>FS-3130<\/li>\n<li>Cromado\/Preto\/Zinco azul<\/li>\n<li>Pequeno<\/li>\n<\/ul>","protected":false},"featured_media":6431,"comment_status":"open","ping_status":"closed","template":"","meta":{"_acf_changed":false},"product_brand":[],"product_cat":[109,126],"product_tag":[],"class_list":{"0":"post-6430","1":"product","2":"type-product","3":"status-publish","4":"has-post-thumbnail","6":"product_cat-case-corners","7":"product_cat-ball-corners","8":"pa_material-steel","9":"pa_parts-no-fs-3130","10":"pa_surface-treatment-black","11":"pa_surface-treatment-blue-zinc","12":"pa_surface-treatment-chrome","13":"description-off","15":"first","16":"instock","17":"shipping-taxable","18":"product-type-simple"},"acf":[],"_links":{"self":[{"href":"https:\/\/fayshing.com\/pt-pt\/wp-json\/wp\/v2\/product\/6430","targetHints":{"allow":["GET"]}}],"collection":[{"href":"https:\/\/fayshing.com\/pt-pt\/wp-json\/wp\/v2\/product"}],"about":[{"href":"https:\/\/fayshing.com\/pt-pt\/wp-json\/wp\/v2\/types\/product"}],"replies":[{"embeddable":true,"href":"https:\/\/fayshing.com\/pt-pt\/wp-json\/wp\/v2\/comments?post=6430"}],"wp:featuredmedia":[{"embeddable":true,"href":"https:\/\/fayshing.com\/pt-pt\/wp-json\/wp\/v2\/media\/6431"}],"wp:attachment":[{"href":"https:\/\/fayshing.com\/pt-pt\/wp-json\/wp\/v2\/media?parent=6430"}],"wp:term":[{"taxonomy":"product_brand","embeddable":true,"href":"https:\/\/fayshing.com\/pt-pt\/wp-json\/wp\/v2\/product_brand?post=6430"},{"taxonomy":"product_cat","embeddable":true,"href":"https:\/\/fayshing.com\/pt-pt\/wp-json\/wp\/v2\/product_cat?post=6430"},{"taxonomy":"product_tag","embeddable":true,"href":"https:\/\/fayshing.com\/pt-pt\/wp-json\/wp\/v2\/product_tag?post=6430"}],"curies":[{"name":"wp","href":"https:\/\/api.w.org\/{rel}","templated":true}]}}