{"id":6427,"date":"2025-07-03T15:15:40","date_gmt":"2025-07-03T07:15:40","guid":{"rendered":"https:\/\/fayshing.com\/?post_type=product&#038;p=6427"},"modified":"2025-12-15T11:28:12","modified_gmt":"2025-12-15T03:28:12","slug":"3-holes-small-ball-corner-fs-3129","status":"publish","type":"product","link":"https:\/\/fayshing.com\/pt-pt\/product\/3-holes-small-ball-corner-fs-3129\/","title":{"rendered":"Canto de bola pequeno com 3 furos FS-3129"},"content":{"rendered":"<p data-start=\"126\" data-end=\"456\">O <strong data-start=\"130\" data-end=\"159\">FS-3129 Canto de bola pequeno<\/strong> \u00e9 um protetor de cantos dur\u00e1vel e elegante, concebido para refor\u00e7ar e proteger os cantos de pequenas malas, caixas e compartimentos. Com <strong data-start=\"297\" data-end=\"321\">tr\u00eas orif\u00edcios de fixa\u00e7\u00e3o<\/strong>O sistema de prote\u00e7\u00e3o da mala, que oferece uma instala\u00e7\u00e3o segura e uma maior estabilidade, ajuda a proteger a mala contra impactos e desgaste durante o transporte ou a utiliza\u00e7\u00e3o di\u00e1ria.<\/p>\n<p data-start=\"458\" data-end=\"741\">Fabricado em a\u00e7o de alta qualidade e dispon\u00edvel em <strong data-start=\"504\" data-end=\"514\">cromo<\/strong>, <strong data-start=\"516\" data-end=\"525\">preto<\/strong>, ou <strong data-start=\"530\" data-end=\"543\">zinco azul<\/strong> Com acabamentos de alta qualidade, o FS-3129 oferece resist\u00eancia e versatilidade est\u00e9tica para combinar com diferentes designs de caixas. O seu tamanho compacto torna-o ideal para caixas mais pequenas onde o espa\u00e7o e a apar\u00eancia s\u00e3o importantes.<\/p>\n<p data-start=\"743\" data-end=\"762\"><strong data-start=\"743\" data-end=\"760\">Carater\u00edsticas principais:<\/strong><\/p>\n<ul data-start=\"763\" data-end=\"1066\">\n<li data-start=\"763\" data-end=\"788\">\n<p data-start=\"765\" data-end=\"788\">C\u00f3digo do produto: FS-3129<\/p>\n<\/li>\n<li data-start=\"789\" data-end=\"838\">\n<p data-start=\"791\" data-end=\"838\">Tipo: Canto de bola pequeno com 3 orif\u00edcios de montagem<\/p>\n<\/li>\n<li data-start=\"839\" data-end=\"885\">\n<p data-start=\"841\" data-end=\"885\">Op\u00e7\u00f5es de acabamento: Cromado \/ Preto \/ Zinco azul<\/p>\n<\/li>\n<li data-start=\"886\" data-end=\"938\">\n<p data-start=\"888\" data-end=\"938\">Constru\u00e7\u00e3o em a\u00e7o dur\u00e1vel para resist\u00eancia ao impacto<\/p>\n<\/li>\n<li data-start=\"939\" data-end=\"989\">\n<p data-start=\"941\" data-end=\"989\">Tamanho compacto - ideal para caixas pequenas e m\u00e9dias<\/p>\n<\/li>\n<li data-start=\"990\" data-end=\"1066\">\n<p data-start=\"992\" data-end=\"1066\">Aplica\u00e7\u00f5es: Malas de voo, maletas para instrumentos, caixas de arruma\u00e7\u00e3o, arcas de ferramentas<\/p>\n<\/li>\n<\/ul>\n<p data-start=\"1068\" data-end=\"1200\">A FS-3129 \u00e9 a escolha perfeita para adicionar prote\u00e7\u00e3o e um acabamento profissional ao seu projeto de mala personalizada ou de substitui\u00e7\u00e3o.<\/p>","protected":false},"excerpt":{"rendered":"<ul>\n<li>Canto de bola com 3 furos<\/li>\n<li>FS-3129<\/li>\n<li>Cromado\/Preto\/Zinco azul<\/li>\n<li>Pequeno<\/li>\n<\/ul>","protected":false},"featured_media":6428,"comment_status":"open","ping_status":"closed","template":"","meta":{"_acf_changed":false},"product_brand":[],"product_cat":[109,126],"product_tag":[],"class_list":{"0":"post-6427","1":"product","2":"type-product","3":"status-publish","4":"has-post-thumbnail","6":"product_cat-case-corners","7":"product_cat-ball-corners","8":"pa_material-steel","9":"pa_parts-no-fs-3129","10":"pa_surface-treatment-black","11":"pa_surface-treatment-blue-zinc","12":"pa_surface-treatment-chrome","13":"description-off","15":"first","16":"instock","17":"shipping-taxable","18":"product-type-simple"},"acf":[],"_links":{"self":[{"href":"https:\/\/fayshing.com\/pt-pt\/wp-json\/wp\/v2\/product\/6427","targetHints":{"allow":["GET"]}}],"collection":[{"href":"https:\/\/fayshing.com\/pt-pt\/wp-json\/wp\/v2\/product"}],"about":[{"href":"https:\/\/fayshing.com\/pt-pt\/wp-json\/wp\/v2\/types\/product"}],"replies":[{"embeddable":true,"href":"https:\/\/fayshing.com\/pt-pt\/wp-json\/wp\/v2\/comments?post=6427"}],"wp:featuredmedia":[{"embeddable":true,"href":"https:\/\/fayshing.com\/pt-pt\/wp-json\/wp\/v2\/media\/6428"}],"wp:attachment":[{"href":"https:\/\/fayshing.com\/pt-pt\/wp-json\/wp\/v2\/media?parent=6427"}],"wp:term":[{"taxonomy":"product_brand","embeddable":true,"href":"https:\/\/fayshing.com\/pt-pt\/wp-json\/wp\/v2\/product_brand?post=6427"},{"taxonomy":"product_cat","embeddable":true,"href":"https:\/\/fayshing.com\/pt-pt\/wp-json\/wp\/v2\/product_cat?post=6427"},{"taxonomy":"product_tag","embeddable":true,"href":"https:\/\/fayshing.com\/pt-pt\/wp-json\/wp\/v2\/product_tag?post=6427"}],"curies":[{"name":"wp","href":"https:\/\/api.w.org\/{rel}","templated":true}]}}