{"id":6420,"date":"2025-07-03T14:37:20","date_gmt":"2025-07-03T06:37:20","guid":{"rendered":"https:\/\/fayshing.com\/?post_type=product&#038;p=6420"},"modified":"2025-12-15T11:46:15","modified_gmt":"2025-12-15T03:46:15","slug":"fs3140-6-holes-large-female-stackable-heavy-duty-ball-corner-with-offset","status":"publish","type":"product","link":"https:\/\/fayshing.com\/pt-pt\/product\/fs3140-6-holes-large-female-stackable-heavy-duty-ball-corner-with-offset\/","title":{"rendered":"FS3140 6 furos F\u00eamea grande empilh\u00e1vel para servi\u00e7o pesado Canto de bola com desvio"},"content":{"rendered":"<ul>\n<li>Canto de esfera grande, empilh\u00e1vel e resistente, com desvio<\/li>\n<li>FS3140<\/li>\n<li>A\u00e7o<\/li>\n<li>Acabamento: Cromado \/ Dourado \/ Preto<\/li>\n<li>Com desvio (35mm)<\/li>\n<li>Pode ser utilizado com <em><strong><a href=\"https:\/\/fayshing.com\/pt-pt\/product\/fs3139-6-holes-large-stackable-heavy-duty-ball-corner-with-offset\/\">FS-3139<\/a><\/strong><\/em><\/li>\n<\/ul>","protected":false},"excerpt":{"rendered":"<ul>\n<li>Canto de esfera grande, empilh\u00e1vel e resistente, com desvio<\/li>\n<li>FS3140<\/li>\n<li>A\u00e7o<\/li>\n<li>Acabamento: Cromado \/ Dourado \/ Preto<\/li>\n<li>Com desvio (35mm)<\/li>\n<\/ul>","protected":false},"featured_media":6422,"comment_status":"open","ping_status":"closed","template":"","meta":{"_acf_changed":false},"product_brand":[],"product_cat":[109,126],"product_tag":[],"class_list":{"0":"post-6420","1":"product","2":"type-product","3":"status-publish","4":"has-post-thumbnail","6":"product_cat-case-corners","7":"product_cat-ball-corners","8":"pa_material-steel","9":"pa_parts-no-fs-3140","10":"pa_surface-treatment-black","11":"pa_surface-treatment-blue-zinc","12":"pa_surface-treatment-chrome-black-golden-gray","13":"description-off","15":"first","16":"instock","17":"shipping-taxable","18":"product-type-simple"},"acf":[],"_links":{"self":[{"href":"https:\/\/fayshing.com\/pt-pt\/wp-json\/wp\/v2\/product\/6420","targetHints":{"allow":["GET"]}}],"collection":[{"href":"https:\/\/fayshing.com\/pt-pt\/wp-json\/wp\/v2\/product"}],"about":[{"href":"https:\/\/fayshing.com\/pt-pt\/wp-json\/wp\/v2\/types\/product"}],"replies":[{"embeddable":true,"href":"https:\/\/fayshing.com\/pt-pt\/wp-json\/wp\/v2\/comments?post=6420"}],"wp:featuredmedia":[{"embeddable":true,"href":"https:\/\/fayshing.com\/pt-pt\/wp-json\/wp\/v2\/media\/6422"}],"wp:attachment":[{"href":"https:\/\/fayshing.com\/pt-pt\/wp-json\/wp\/v2\/media?parent=6420"}],"wp:term":[{"taxonomy":"product_brand","embeddable":true,"href":"https:\/\/fayshing.com\/pt-pt\/wp-json\/wp\/v2\/product_brand?post=6420"},{"taxonomy":"product_cat","embeddable":true,"href":"https:\/\/fayshing.com\/pt-pt\/wp-json\/wp\/v2\/product_cat?post=6420"},{"taxonomy":"product_tag","embeddable":true,"href":"https:\/\/fayshing.com\/pt-pt\/wp-json\/wp\/v2\/product_tag?post=6420"}],"curies":[{"name":"wp","href":"https:\/\/api.w.org\/{rel}","templated":true}]}}