{"id":6405,"date":"2025-06-26T15:10:32","date_gmt":"2025-06-26T07:10:32","guid":{"rendered":"https:\/\/fayshing.com\/?post_type=product&#038;p=6405"},"modified":"2025-08-07T17:37:22","modified_gmt":"2025-08-07T09:37:22","slug":"34mm-three-hole-flat-corner-with-raised-point-fs3124","status":"publish","type":"product","link":"https:\/\/fayshing.com\/pt-pt\/product\/34mm-three-hole-flat-corner-with-raised-point-fs3124\/","title":{"rendered":"Canto plano de tr\u00eas furos de 34 mm com ponta levantada FS3124"},"content":{"rendered":"<p data-start=\"181\" data-end=\"495\">O <strong data-start=\"185\" data-end=\"236\">FS3124 Canto plano de tr\u00eas furos com ponta levantada<\/strong> \u00e9 um acess\u00f3rio de hardware robusto e elegante concebido para melhorar a prote\u00e7\u00e3o e a est\u00e9tica de caixas, arm\u00e1rios e caixas de madeira. Com uma <strong data-start=\"383\" data-end=\"406\">ponto central elevado<\/strong>Este canto de 34 mm acrescenta resist\u00eancia estrutural e um toque visual \u00fanico ao seu arm\u00e1rio.<\/p>\n<p data-start=\"497\" data-end=\"858\">Fabricado com materiais de alta qualidade <strong data-start=\"520\" data-end=\"529\">a\u00e7o<\/strong> e dispon\u00edvel em <strong data-start=\"547\" data-end=\"557\">cromada<\/strong>, <strong data-start=\"559\" data-end=\"568\">Preto<\/strong>ou outros acabamentos personaliz\u00e1veis, o FS3124 foi concebido para suportar o desgaste di\u00e1rio, mantendo uma apar\u00eancia profissional. O seu <strong data-start=\"701\" data-end=\"731\">design de montagem de tr\u00eas furos<\/strong> assegura uma fixa\u00e7\u00e3o segura, tornando-a uma escolha fi\u00e1vel para malas de voo, malas de estrada, caixas de armazenamento e caixas de instrumentos.<\/p>\n<p data-start=\"860\" data-end=\"877\"><strong data-start=\"860\" data-end=\"877\">Carater\u00edsticas principais:<\/strong><\/p>\n<ul data-start=\"878\" data-end=\"1158\">\n<li data-start=\"878\" data-end=\"902\">\n<p data-start=\"880\" data-end=\"902\">C\u00f3digo do produto: FS3124<\/p>\n<\/li>\n<li data-start=\"903\" data-end=\"917\">\n<p data-start=\"905\" data-end=\"917\">Tamanho: 34 mm<\/p>\n<\/li>\n<li data-start=\"918\" data-end=\"991\">\n<p data-start=\"920\" data-end=\"991\">Design: Canto plano com ponto central elevado e tr\u00eas orif\u00edcios de montagem<\/p>\n<\/li>\n<li data-start=\"992\" data-end=\"1011\">\n<p data-start=\"994\" data-end=\"1011\">Material: A\u00e7o<\/p>\n<\/li>\n<li data-start=\"1012\" data-end=\"1063\">\n<p data-start=\"1014\" data-end=\"1063\">Acabamentos: Cromado \/ Preto \/ Outras op\u00e7\u00f5es personalizadas<\/p>\n<\/li>\n<li data-start=\"1064\" data-end=\"1115\">\n<p data-start=\"1066\" data-end=\"1115\">Acrescenta prote\u00e7\u00e3o e refor\u00e7o aos bordos da caixa<\/p>\n<\/li>\n<li data-start=\"1116\" data-end=\"1158\">\n<p data-start=\"1118\" data-end=\"1158\">F\u00e1cil de instalar com hardware padr\u00e3o<\/p>\n<\/li>\n<\/ul>\n<p data-start=\"1160\" data-end=\"1218\">\ud83d\udcd0 <em data-start=\"1163\" data-end=\"1218\">Precisa de um desenho 3D? Contacte-nos para obter ficheiros CAD detalhados.<\/em><\/p>","protected":false},"excerpt":{"rendered":"<ul>\n<li>34mm Canto plano de tr\u00eas furos com ponta levantada<\/li>\n<li>FS3124<\/li>\n<li>A\u00e7o<\/li>\n<li>Cromado \/ Preto \/ Outro<\/li>\n<\/ul>","protected":false},"featured_media":6407,"comment_status":"open","ping_status":"closed","template":"","meta":{"_acf_changed":false},"product_brand":[],"product_cat":[109,127],"product_tag":[],"class_list":{"0":"post-6405","1":"product","2":"type-product","3":"status-publish","4":"has-post-thumbnail","6":"product_cat-case-corners","7":"product_cat-flat-corners","8":"pa_material-steel","9":"pa_parts-no-fs-3124","10":"pa_surface-treatment-black","11":"pa_surface-treatment-blue-zinc","12":"pa_surface-treatment-chrome","13":"description-off","15":"first","16":"instock","17":"shipping-taxable","18":"product-type-simple"},"acf":[],"_links":{"self":[{"href":"https:\/\/fayshing.com\/pt-pt\/wp-json\/wp\/v2\/product\/6405","targetHints":{"allow":["GET"]}}],"collection":[{"href":"https:\/\/fayshing.com\/pt-pt\/wp-json\/wp\/v2\/product"}],"about":[{"href":"https:\/\/fayshing.com\/pt-pt\/wp-json\/wp\/v2\/types\/product"}],"replies":[{"embeddable":true,"href":"https:\/\/fayshing.com\/pt-pt\/wp-json\/wp\/v2\/comments?post=6405"}],"wp:featuredmedia":[{"embeddable":true,"href":"https:\/\/fayshing.com\/pt-pt\/wp-json\/wp\/v2\/media\/6407"}],"wp:attachment":[{"href":"https:\/\/fayshing.com\/pt-pt\/wp-json\/wp\/v2\/media?parent=6405"}],"wp:term":[{"taxonomy":"product_brand","embeddable":true,"href":"https:\/\/fayshing.com\/pt-pt\/wp-json\/wp\/v2\/product_brand?post=6405"},{"taxonomy":"product_cat","embeddable":true,"href":"https:\/\/fayshing.com\/pt-pt\/wp-json\/wp\/v2\/product_cat?post=6405"},{"taxonomy":"product_tag","embeddable":true,"href":"https:\/\/fayshing.com\/pt-pt\/wp-json\/wp\/v2\/product_tag?post=6405"}],"curies":[{"name":"wp","href":"https:\/\/api.w.org\/{rel}","templated":true}]}}