{"id":6402,"date":"2025-06-26T11:35:45","date_gmt":"2025-06-26T03:35:45","guid":{"rendered":"https:\/\/fayshing.com\/?post_type=product&#038;p=6402"},"modified":"2026-01-13T11:00:59","modified_gmt":"2026-01-13T03:00:59","slug":"34mm-three-hole-flat-corner-fs3201","status":"publish","type":"product","link":"https:\/\/fayshing.com\/pt-pt\/product\/34mm-three-hole-flat-corner-fs3201\/","title":{"rendered":"Canto plano com tr\u00eas orif\u00edcios de 34 mm FS3201"},"content":{"rendered":"<p data-start=\"148\" data-end=\"462\">O <strong data-start=\"152\" data-end=\"185\">FS3201 Canto plano com tr\u00eas orif\u00edcios<\/strong> \u00e9 uma solu\u00e7\u00e3o compacta e duradoura para refor\u00e7ar e proteger os cantos de caixas, arm\u00e1rios e inv\u00f3lucros. Medi\u00e7\u00e3o <strong data-start=\"305\" data-end=\"313\">34 mm<\/strong>Este acess\u00f3rio de canto plano foi concebido com <strong data-start=\"357\" data-end=\"395\">tr\u00eas orif\u00edcios de montagem uniformemente espa\u00e7ados<\/strong>que oferece uma instala\u00e7\u00e3o segura e um aspeto limpo e discreto.<\/p>\n<p data-start=\"464\" data-end=\"790\">Fabricado a partir de <strong data-start=\"482\" data-end=\"505\">a\u00e7o de alta resist\u00eancia<\/strong> e dispon\u00edvel em <strong data-start=\"523\" data-end=\"533\">cromada<\/strong>, <strong data-start=\"535\" data-end=\"544\">Preto<\/strong>, ou <strong data-start=\"549\" data-end=\"568\">acabamentos personalizados<\/strong>O FS3201 combina durabilidade com uma est\u00e9tica vers\u00e1til para corresponder \u00e0s necessidades do seu projeto. \u00c9 a escolha ideal para malas de voo, malas de estrada, caixas de equipamento ou qualquer estrutura que necessite de uma prote\u00e7\u00e3o adicional dos cantos sem volume.<\/p>\n<p data-start=\"792\" data-end=\"809\"><strong data-start=\"792\" data-end=\"809\">Carater\u00edsticas principais:<\/strong><\/p>\n<ul data-start=\"810\" data-end=\"1047\">\n<li data-start=\"810\" data-end=\"834\">\n<p data-start=\"812\" data-end=\"834\">C\u00f3digo do produto: FS3201<\/p>\n<\/li>\n<li data-start=\"835\" data-end=\"849\">\n<p data-start=\"837\" data-end=\"849\">Tamanho: 34 mm<\/p>\n<\/li>\n<li data-start=\"850\" data-end=\"895\">\n<p data-start=\"852\" data-end=\"895\">Design: Canto plano com 3 orif\u00edcios de montagem<\/p>\n<\/li>\n<li data-start=\"896\" data-end=\"915\">\n<p data-start=\"898\" data-end=\"915\">Material: A\u00e7o<\/p>\n<\/li>\n<li data-start=\"916\" data-end=\"989\">\n<p data-start=\"918\" data-end=\"989\">Acabamento da superf\u00edcie: Cromado \/ Preto \/ Outro (op\u00e7\u00f5es personalizadas dispon\u00edveis)<\/p>\n<\/li>\n<li data-start=\"990\" data-end=\"1047\">\n<p data-start=\"992\" data-end=\"1047\">F\u00e1cil de instalar e proporciona um apoio estrutural adicional<\/p>\n<\/li>\n<\/ul>\n<p data-start=\"1049\" data-end=\"1118\">\ud83d\udcd0 <em data-start=\"1052\" data-end=\"1118\">Desenho 3D dispon\u00edvel a pedido - contacte-nos para mais informa\u00e7\u00f5es.<\/em><\/p>","protected":false},"excerpt":{"rendered":"<ul>\n<li>Canto plano com tr\u00eas orif\u00edcios de 34 mm<\/li>\n<li>FS3201<\/li>\n<li>A\u00e7o<\/li>\n<li>Cromado \/ Preto \/ Outro<\/li>\n<\/ul>","protected":false},"featured_media":6403,"comment_status":"open","ping_status":"closed","template":"","meta":{"_acf_changed":false},"product_brand":[],"product_cat":[109,127],"product_tag":[],"class_list":{"0":"post-6402","1":"product","2":"type-product","3":"status-publish","4":"has-post-thumbnail","6":"product_cat-case-corners","7":"product_cat-flat-corners","8":"description-off","10":"first","11":"instock","12":"shipping-taxable","13":"product-type-simple"},"acf":[],"_links":{"self":[{"href":"https:\/\/fayshing.com\/pt-pt\/wp-json\/wp\/v2\/product\/6402","targetHints":{"allow":["GET"]}}],"collection":[{"href":"https:\/\/fayshing.com\/pt-pt\/wp-json\/wp\/v2\/product"}],"about":[{"href":"https:\/\/fayshing.com\/pt-pt\/wp-json\/wp\/v2\/types\/product"}],"replies":[{"embeddable":true,"href":"https:\/\/fayshing.com\/pt-pt\/wp-json\/wp\/v2\/comments?post=6402"}],"wp:featuredmedia":[{"embeddable":true,"href":"https:\/\/fayshing.com\/pt-pt\/wp-json\/wp\/v2\/media\/6403"}],"wp:attachment":[{"href":"https:\/\/fayshing.com\/pt-pt\/wp-json\/wp\/v2\/media?parent=6402"}],"wp:term":[{"taxonomy":"product_brand","embeddable":true,"href":"https:\/\/fayshing.com\/pt-pt\/wp-json\/wp\/v2\/product_brand?post=6402"},{"taxonomy":"product_cat","embeddable":true,"href":"https:\/\/fayshing.com\/pt-pt\/wp-json\/wp\/v2\/product_cat?post=6402"},{"taxonomy":"product_tag","embeddable":true,"href":"https:\/\/fayshing.com\/pt-pt\/wp-json\/wp\/v2\/product_tag?post=6402"}],"curies":[{"name":"wp","href":"https:\/\/api.w.org\/{rel}","templated":true}]}}