{"id":6351,"date":"2025-06-17T11:04:53","date_gmt":"2025-06-17T03:04:53","guid":{"rendered":"https:\/\/fayshing.com\/?post_type=product&#038;p=6351"},"modified":"2026-01-13T11:17:47","modified_gmt":"2026-01-13T03:17:47","slug":"large-black-plastic-briefcase-swivel-handle-anti-slip-grip-with-silver-fittings-fs-2037","status":"publish","type":"product","link":"https:\/\/fayshing.com\/pt-pt\/product\/large-black-plastic-briefcase-swivel-handle-anti-slip-grip-with-silver-fittings-fs-2037\/","title":{"rendered":"Pasta de pl\u00e1stico preta grande com pega girat\u00f3ria e pega antiderrapante com acess\u00f3rios prateados FS-2037"},"content":{"rendered":"<ul>\n<li>Pega girat\u00f3ria e pega antiderrapante para mala de pl\u00e1stico com acess\u00f3rios cromados<\/li>\n<li>FS-2037<\/li>\n<li>Preto<\/li>\n<li>Grande<\/li>\n<li>194 \u00d7 66 mm<\/li>\n<li>4 orif\u00edcios de montagem<\/li>\n<\/ul>","protected":false},"excerpt":{"rendered":"<ul>\n<li>Pasta de pl\u00e1stico preta Pega girat\u00f3ria e punho antiderrapante com acess\u00f3rios cromados<\/li>\n<li>FS-2037<\/li>\n<li>Grande<\/li>\n<li>194 \u00d7 66 mm<\/li>\n<li>4 orif\u00edcios de montagem<\/li>\n<\/ul>","protected":false},"featured_media":6353,"comment_status":"open","ping_status":"closed","template":"","meta":{"_acf_changed":false},"product_brand":[],"product_cat":[108,123],"product_tag":[],"class_list":{"0":"post-6351","1":"product","2":"type-product","3":"status-publish","4":"has-post-thumbnail","6":"product_cat-handles","7":"product_cat-briefcase-handles","8":"pa_color-black","9":"pa_material-plastic","10":"pa_parts-no-fs-2037","11":"description-off","13":"first","14":"instock","15":"shipping-taxable","16":"product-type-simple"},"acf":[],"_links":{"self":[{"href":"https:\/\/fayshing.com\/pt-pt\/wp-json\/wp\/v2\/product\/6351","targetHints":{"allow":["GET"]}}],"collection":[{"href":"https:\/\/fayshing.com\/pt-pt\/wp-json\/wp\/v2\/product"}],"about":[{"href":"https:\/\/fayshing.com\/pt-pt\/wp-json\/wp\/v2\/types\/product"}],"replies":[{"embeddable":true,"href":"https:\/\/fayshing.com\/pt-pt\/wp-json\/wp\/v2\/comments?post=6351"}],"wp:featuredmedia":[{"embeddable":true,"href":"https:\/\/fayshing.com\/pt-pt\/wp-json\/wp\/v2\/media\/6353"}],"wp:attachment":[{"href":"https:\/\/fayshing.com\/pt-pt\/wp-json\/wp\/v2\/media?parent=6351"}],"wp:term":[{"taxonomy":"product_brand","embeddable":true,"href":"https:\/\/fayshing.com\/pt-pt\/wp-json\/wp\/v2\/product_brand?post=6351"},{"taxonomy":"product_cat","embeddable":true,"href":"https:\/\/fayshing.com\/pt-pt\/wp-json\/wp\/v2\/product_cat?post=6351"},{"taxonomy":"product_tag","embeddable":true,"href":"https:\/\/fayshing.com\/pt-pt\/wp-json\/wp\/v2\/product_tag?post=6351"}],"curies":[{"name":"wp","href":"https:\/\/api.w.org\/{rel}","templated":true}]}}