{"id":6348,"date":"2025-06-17T10:51:48","date_gmt":"2025-06-17T02:51:48","guid":{"rendered":"https:\/\/fayshing.com\/?post_type=product&#038;p=6348"},"modified":"2026-01-13T11:20:52","modified_gmt":"2026-01-13T03:20:52","slug":"small-black-plastic-briefcase-swivel-handle-anti-slip-grip-with-chrome-fittings-fs2036","status":"publish","type":"product","link":"https:\/\/fayshing.com\/pt-pt\/product\/small-black-plastic-briefcase-swivel-handle-anti-slip-grip-with-chrome-fittings-fs2036\/","title":{"rendered":"Pasta de pl\u00e1stico preta pequena Pega girat\u00f3ria e punho antiderrapante com acess\u00f3rios cromados FS2036"},"content":{"rendered":"<ul>\n<li>Pasta de pl\u00e1stico preta pequena Pega girat\u00f3ria e pega antiderrapante com acess\u00f3rios cromados<\/li>\n<li>FS-2036<\/li>\n<li>Pequeno<\/li>\n<li>Preto<\/li>\n<li>Pl\u00e1stico<\/li>\n<li>186 \u00d7 55 mm<\/li>\n<\/ul>\n<p>Esta elegante pasta de pl\u00e1stico preto combina durabilidade e funcionalidade. Com uma pega girat\u00f3ria para facilitar o transporte em qualquer dire\u00e7\u00e3o, a pega foi ergonomicamente concebida com antiderrapante (punho texturado) para garantir uma fixa\u00e7\u00e3o segura, mesmo durante uma utiliza\u00e7\u00e3o prolongada.<\/p>","protected":false},"excerpt":{"rendered":"<ul>\n<li>Pasta de pl\u00e1stico preta pequena Pega girat\u00f3ria e pega antiderrapante com acess\u00f3rios cromados<\/li>\n<li>FS2036<\/li>\n<li>Pequeno<\/li>\n<li>Preto<\/li>\n<li>Pl\u00e1stico<\/li>\n<li>186 \u00d7 55 mm<\/li>\n<\/ul>","protected":false},"featured_media":6349,"comment_status":"open","ping_status":"closed","template":"","meta":{"_acf_changed":false},"product_brand":[],"product_cat":[108,123],"product_tag":[],"class_list":{"0":"post-6348","1":"product","2":"type-product","3":"status-publish","4":"has-post-thumbnail","6":"product_cat-handles","7":"product_cat-briefcase-handles","8":"pa_color-black","9":"pa_material-plastic","10":"pa_parts-no-fs-2036","11":"description-off","13":"first","14":"instock","15":"shipping-taxable","16":"product-type-simple"},"acf":[],"_links":{"self":[{"href":"https:\/\/fayshing.com\/pt-pt\/wp-json\/wp\/v2\/product\/6348","targetHints":{"allow":["GET"]}}],"collection":[{"href":"https:\/\/fayshing.com\/pt-pt\/wp-json\/wp\/v2\/product"}],"about":[{"href":"https:\/\/fayshing.com\/pt-pt\/wp-json\/wp\/v2\/types\/product"}],"replies":[{"embeddable":true,"href":"https:\/\/fayshing.com\/pt-pt\/wp-json\/wp\/v2\/comments?post=6348"}],"wp:featuredmedia":[{"embeddable":true,"href":"https:\/\/fayshing.com\/pt-pt\/wp-json\/wp\/v2\/media\/6349"}],"wp:attachment":[{"href":"https:\/\/fayshing.com\/pt-pt\/wp-json\/wp\/v2\/media?parent=6348"}],"wp:term":[{"taxonomy":"product_brand","embeddable":true,"href":"https:\/\/fayshing.com\/pt-pt\/wp-json\/wp\/v2\/product_brand?post=6348"},{"taxonomy":"product_cat","embeddable":true,"href":"https:\/\/fayshing.com\/pt-pt\/wp-json\/wp\/v2\/product_cat?post=6348"},{"taxonomy":"product_tag","embeddable":true,"href":"https:\/\/fayshing.com\/pt-pt\/wp-json\/wp\/v2\/product_tag?post=6348"}],"curies":[{"name":"wp","href":"https:\/\/api.w.org\/{rel}","templated":true}]}}