{"id":6342,"date":"2025-06-17T10:17:53","date_gmt":"2025-06-17T02:17:53","guid":{"rendered":"https:\/\/fayshing.com\/?post_type=product&#038;p=6342"},"modified":"2025-06-17T10:26:01","modified_gmt":"2025-06-17T02:26:01","slug":"fayshing-metal-case-hardware-black-handle-with-rubber-grip-fs-2036","status":"publish","type":"product","link":"https:\/\/fayshing.com\/pt-pt\/product\/fayshing-metal-case-hardware-black-handle-with-rubber-grip-fs-2036\/","title":{"rendered":"Pega girat\u00f3ria para mala de 100 mm com acess\u00f3rios cromados FS-2075"},"content":{"rendered":"<ul>\n<li>Pega girat\u00f3ria para pasta com acess\u00f3rios cromados<\/li>\n<li>FS2075<\/li>\n<li>100 \u00d7 55mm<\/li>\n<li>Pl\u00e1stico, Liga<\/li>\n<li>Preto + cromado<\/li>\n<\/ul>\n<p>Ampla aplica\u00e7\u00e3o: Amplamente utilizado em v\u00e1rios tipos de caixas de metal, caixas de estrada e caixas de alum\u00ednio, etc.<\/p>\n<hr \/>\n<p><strong>Descri\u00e7\u00e3o :<\/strong><\/p>\n<ul>\n<li>As pegas s\u00e3o feitas de pl\u00e1stico e placa fria, com forte resist\u00eancia \u00e0 corros\u00e3o, dur\u00e1veis, \u00e0 prova de \u00e1gua e leves.<\/li>\n<li>Estas pegas s\u00e3o perfeitas para as suas malas de metal, malas de estrada e malas de alum\u00ednio. Divirta-se com a bricolage para dar \u00e0s suas malas um aspeto novo e moderno.<\/li>\n<\/ul>\n<hr \/>\n<p><strong>Observa\u00e7\u00e3o :<\/strong><\/p>\n<ul>\n<li>Devido \u00e0s medi\u00e7\u00f5es manuais, pode haver um desvio de 1 a 3 mm.<\/li>\n<li>Entre em contato conosco, verifique o tamanho do produto com aten\u00e7\u00e3o e leia as descri\u00e7\u00f5es do tamanho do produto antes de comprar para evitar uma poss\u00edvel experi\u00eancia de compra desagrad\u00e1vel.<\/li>\n<\/ul>","protected":false},"excerpt":{"rendered":"<ul>\n<li>Pega girat\u00f3ria para pasta com acess\u00f3rios cromados<\/li>\n<li>FS2075<\/li>\n<li>100 \u00d7 55mm<\/li>\n<li>Pl\u00e1stico, Liga<\/li>\n<li>Preto + cromado<\/li>\n<\/ul>","protected":false},"featured_media":6343,"comment_status":"open","ping_status":"closed","template":"","meta":{"_acf_changed":false},"product_brand":[],"product_cat":[108,123],"product_tag":[],"class_list":{"0":"post-6342","1":"product","2":"type-product","3":"status-publish","4":"has-post-thumbnail","6":"product_cat-handles","7":"product_cat-briefcase-handles","8":"pa_material-plastic","9":"pa_material-zinc-alloy","10":"pa_surface-treatment-black","11":"pa_surface-treatment-chrome","12":"description-off","14":"first","15":"instock","16":"shipping-taxable","17":"product-type-simple"},"acf":[],"_links":{"self":[{"href":"https:\/\/fayshing.com\/pt-pt\/wp-json\/wp\/v2\/product\/6342","targetHints":{"allow":["GET"]}}],"collection":[{"href":"https:\/\/fayshing.com\/pt-pt\/wp-json\/wp\/v2\/product"}],"about":[{"href":"https:\/\/fayshing.com\/pt-pt\/wp-json\/wp\/v2\/types\/product"}],"replies":[{"embeddable":true,"href":"https:\/\/fayshing.com\/pt-pt\/wp-json\/wp\/v2\/comments?post=6342"}],"wp:featuredmedia":[{"embeddable":true,"href":"https:\/\/fayshing.com\/pt-pt\/wp-json\/wp\/v2\/media\/6343"}],"wp:attachment":[{"href":"https:\/\/fayshing.com\/pt-pt\/wp-json\/wp\/v2\/media?parent=6342"}],"wp:term":[{"taxonomy":"product_brand","embeddable":true,"href":"https:\/\/fayshing.com\/pt-pt\/wp-json\/wp\/v2\/product_brand?post=6342"},{"taxonomy":"product_cat","embeddable":true,"href":"https:\/\/fayshing.com\/pt-pt\/wp-json\/wp\/v2\/product_cat?post=6342"},{"taxonomy":"product_tag","embeddable":true,"href":"https:\/\/fayshing.com\/pt-pt\/wp-json\/wp\/v2\/product_tag?post=6342"}],"curies":[{"name":"wp","href":"https:\/\/api.w.org\/{rel}","templated":true}]}}