{"id":6239,"date":"2025-06-09T10:32:45","date_gmt":"2025-06-09T02:32:45","guid":{"rendered":"https:\/\/fayshing.com\/?post_type=product&#038;p=6239"},"modified":"2025-08-08T15:08:24","modified_gmt":"2025-08-08T07:08:24","slug":"fs-2118-small-recessed-handle-without-spring","status":"publish","type":"product","link":"https:\/\/fayshing.com\/pt-pt\/product\/fs-2118-small-recessed-handle-without-spring\/","title":{"rendered":"FS-2118 Pega pequena de encastrar sem mola"},"content":{"rendered":"<p data-start=\"148\" data-end=\"461\">O <strong data-start=\"152\" data-end=\"185\">FS-2118 Pega pequena de encastrar<\/strong> \u00e9 uma solu\u00e7\u00e3o de hardware compacta e pr\u00e1tica para caixas, arm\u00e1rios e compartimentos onde \u00e9 necess\u00e1rio um aperto de baixo perfil. Concebida <strong data-start=\"314\" data-end=\"344\">sem mecanismo de mola<\/strong>O seu funcionamento \u00e9 suave e simples e o seu desempenho \u00e9 fi\u00e1vel para aplica\u00e7\u00f5es ligeiras a m\u00e9dias.<\/p>\n<p data-start=\"463\" data-end=\"754\">Medi\u00e7\u00e3o <strong data-start=\"473\" data-end=\"487\">120 \u00d7 70mm<\/strong> e com um acabamento elegante <strong data-start=\"510\" data-end=\"520\">cromo<\/strong>Com um design de encaixe, esta pega combina durabilidade com um aspeto limpo e profissional. O design rebaixado minimiza o entalamento e protege a pega de danos acidentais, tornando-a ideal para malas port\u00e1teis, caixas de instrumentos e unidades de armazenamento.<\/p>\n<p data-start=\"756\" data-end=\"775\"><strong data-start=\"756\" data-end=\"773\">Carater\u00edsticas principais:<\/strong><\/p>\n<ul data-start=\"776\" data-end=\"1108\">\n<li data-start=\"776\" data-end=\"801\">\n<p data-start=\"778\" data-end=\"801\">C\u00f3digo do produto: FS-2118<\/p>\n<\/li>\n<li data-start=\"802\" data-end=\"848\">\n<p data-start=\"804\" data-end=\"848\">Tipo: Pega pequena encastrada sem mola<\/p>\n<\/li>\n<li data-start=\"849\" data-end=\"869\">\n<p data-start=\"851\" data-end=\"869\">Tamanho: 120 \u00d7 70mm<\/p>\n<\/li>\n<li data-start=\"870\" data-end=\"905\">\n<p data-start=\"872\" data-end=\"905\">Material: A\u00e7o (acabamento cromado)<\/p>\n<\/li>\n<li data-start=\"906\" data-end=\"968\">\n<p data-start=\"908\" data-end=\"968\">Acabamento: Cromado - resistente \u00e0 corros\u00e3o e com aspeto profissional<\/p>\n<\/li>\n<li data-start=\"969\" data-end=\"1026\">\n<p data-start=\"971\" data-end=\"1026\">Design: Embutido para um ajuste nivelado e redu\u00e7\u00e3o de encravamento<\/p>\n<\/li>\n<li data-start=\"1027\" data-end=\"1108\">\n<p data-start=\"1029\" data-end=\"1108\">Aplica\u00e7\u00f5es: Malas de voo, maletas de instrumentos, caixas de ferramentas e arm\u00e1rios de arruma\u00e7\u00e3o<\/p>\n<\/li>\n<\/ul>\n<p data-start=\"1110\" data-end=\"1256\">Uma escolha fi\u00e1vel para caixas e inv\u00f3lucros compactos, o FS-2118 proporciona funcionalidade, durabilidade e um acabamento polido numa embalagem elegante.<\/p>","protected":false},"excerpt":{"rendered":"<ul>\n<li>Pega pequena de encastrar sem mola<\/li>\n<li>FS2118<\/li>\n<li>120 \u00d7 70mm<\/li>\n<li>cromada<\/li>\n<\/ul>","protected":false},"featured_media":6240,"comment_status":"open","ping_status":"closed","template":"","meta":{"_acf_changed":false},"product_brand":[],"product_cat":[108,120],"product_tag":[],"class_list":{"0":"post-6239","1":"product","2":"type-product","3":"status-publish","4":"has-post-thumbnail","6":"product_cat-handles","7":"product_cat-recessed-handles","8":"pa_material-iron","9":"pa_surface-treatment-black","10":"pa_surface-treatment-blue-zinc","11":"pa_surface-treatment-chrome","12":"description-off","14":"first","15":"instock","16":"shipping-taxable","17":"product-type-simple"},"acf":[],"_links":{"self":[{"href":"https:\/\/fayshing.com\/pt-pt\/wp-json\/wp\/v2\/product\/6239","targetHints":{"allow":["GET"]}}],"collection":[{"href":"https:\/\/fayshing.com\/pt-pt\/wp-json\/wp\/v2\/product"}],"about":[{"href":"https:\/\/fayshing.com\/pt-pt\/wp-json\/wp\/v2\/types\/product"}],"replies":[{"embeddable":true,"href":"https:\/\/fayshing.com\/pt-pt\/wp-json\/wp\/v2\/comments?post=6239"}],"wp:featuredmedia":[{"embeddable":true,"href":"https:\/\/fayshing.com\/pt-pt\/wp-json\/wp\/v2\/media\/6240"}],"wp:attachment":[{"href":"https:\/\/fayshing.com\/pt-pt\/wp-json\/wp\/v2\/media?parent=6239"}],"wp:term":[{"taxonomy":"product_brand","embeddable":true,"href":"https:\/\/fayshing.com\/pt-pt\/wp-json\/wp\/v2\/product_brand?post=6239"},{"taxonomy":"product_cat","embeddable":true,"href":"https:\/\/fayshing.com\/pt-pt\/wp-json\/wp\/v2\/product_cat?post=6239"},{"taxonomy":"product_tag","embeddable":true,"href":"https:\/\/fayshing.com\/pt-pt\/wp-json\/wp\/v2\/product_tag?post=6239"}],"curies":[{"name":"wp","href":"https:\/\/api.w.org\/{rel}","templated":true}]}}