{"id":6236,"date":"2025-06-06T17:52:12","date_gmt":"2025-06-06T09:52:12","guid":{"rendered":"https:\/\/fayshing.com\/?post_type=product&#038;p=6236"},"modified":"2025-08-08T17:21:31","modified_gmt":"2025-08-08T09:21:31","slug":"square-concealed-embedded-spring-folding-handle-toolbox-side-black-handle-with-rubber-sleeve-fs2121","status":"publish","type":"product","link":"https:\/\/fayshing.com\/pt-pt\/product\/square-concealed-embedded-spring-folding-handle-toolbox-side-black-handle-with-rubber-sleeve-fs2121\/","title":{"rendered":"Pega dobr\u00e1vel com mola oculta quadrada para caixa de ferramentas Pega preta com manga de borracha FS2121"},"content":{"rendered":"<p data-start=\"171\" data-end=\"503\">O <strong data-start=\"175\" data-end=\"234\">FS-2121 Pega dobr\u00e1vel de mola embutida oculta quadrada<\/strong> \u00e9 uma solu\u00e7\u00e3o de hardware ergon\u00f3mica e resistente concebida para caixas de ferramentas, malas de equipamento, malas de estrada e ba\u00fas de arruma\u00e7\u00e3o. Concebida para ser resistente e c\u00f3moda, esta pega dobra-se quando n\u00e3o est\u00e1 a ser utilizada, proporcionando um aspeto elegante e oculto e evitando que se agarre acidentalmente.<\/p>\n<p data-start=\"505\" data-end=\"888\">Constru\u00eddo a partir de <strong data-start=\"522\" data-end=\"539\">a\u00e7o dur\u00e1vel<\/strong> e dispon\u00edvel em <strong data-start=\"557\" data-end=\"566\">preto<\/strong>, <strong data-start=\"568\" data-end=\"578\">cromo<\/strong>, ou <strong data-start=\"583\" data-end=\"596\">zinco azul<\/strong> acabamentos, o FS-2121 possui uma confort\u00e1vel <strong data-start=\"642\" data-end=\"664\">punho com manga de borracha<\/strong> para um melhor manuseamento. O seu <strong data-start=\"692\" data-end=\"716\">design com mola<\/strong> garante que o punho volta automaticamente \u00e0 posi\u00e7\u00e3o de encosto ap\u00f3s a utiliza\u00e7\u00e3o. Medi\u00e7\u00e3o <strong data-start=\"804\" data-end=\"822\">155,6 \u00d7 82,8 mm<\/strong>O seu desempenho \u00e9 robusto e a sua est\u00e9tica \u00e9 profissional.<\/p>\n<p data-start=\"890\" data-end=\"909\"><strong data-start=\"890\" data-end=\"907\">Carater\u00edsticas principais:<\/strong><\/p>\n<ul data-start=\"910\" data-end=\"1303\">\n<li data-start=\"910\" data-end=\"935\">\n<p data-start=\"912\" data-end=\"935\">C\u00f3digo do produto: FS-2121<\/p>\n<\/li>\n<li data-start=\"936\" data-end=\"993\">\n<p data-start=\"938\" data-end=\"993\">Tipo: Pega quadrada com mola embutida e dobr\u00e1vel<\/p>\n<\/li>\n<li data-start=\"994\" data-end=\"1037\">\n<p data-start=\"996\" data-end=\"1037\">Material: A\u00e7o com pega em manga de borracha<\/p>\n<\/li>\n<li data-start=\"1038\" data-end=\"1084\">\n<p data-start=\"1040\" data-end=\"1084\">Op\u00e7\u00f5es de acabamento: Preto \/ Cromado \/ Zinco azul<\/p>\n<\/li>\n<li data-start=\"1085\" data-end=\"1109\">\n<p data-start=\"1087\" data-end=\"1109\">Tamanho: 155,6 \u00d7 82,8 mm<\/p>\n<\/li>\n<li data-start=\"1110\" data-end=\"1156\">\n<p data-start=\"1112\" data-end=\"1156\">Design dobr\u00e1vel para poupan\u00e7a de espa\u00e7o e seguran\u00e7a<\/p>\n<\/li>\n<li data-start=\"1157\" data-end=\"1205\">\n<p data-start=\"1159\" data-end=\"1205\">Mecanismo de retorno autom\u00e1tico por mola<\/p>\n<\/li>\n<li data-start=\"1206\" data-end=\"1303\">\n<p data-start=\"1208\" data-end=\"1303\">Aplica\u00e7\u00f5es: Caixas de ferramentas, malas de voo, malas de estrada, ba\u00fas de arruma\u00e7\u00e3o, malas para equipamento pesado<\/p>\n<\/li>\n<\/ul>\n<p data-start=\"1305\" data-end=\"1453\">O FS-2121 combina <strong data-start=\"1326\" data-end=\"1378\">durabilidade, conforto e um design limpo e encastrado<\/strong>tornando-o ideal para o fabrico e renova\u00e7\u00e3o de caixas profissionais.<\/p>","protected":false},"excerpt":{"rendered":"<ul>\n<li>Pega quadrada dobr\u00e1vel com mola embutida e oculta<\/li>\n<li>FS-2121<\/li>\n<li>A\u00e7o<\/li>\n<li>Preto \/ Cromo \/ Zinco azul<\/li>\n<li>155,6 \u00d7 82,8 mm<\/li>\n<\/ul>","protected":false},"featured_media":6238,"comment_status":"open","ping_status":"closed","template":"","meta":{"_acf_changed":false},"product_brand":[],"product_cat":[108,120],"product_tag":[],"class_list":{"0":"post-6236","1":"product","2":"type-product","3":"status-publish","4":"has-post-thumbnail","6":"product_cat-handles","7":"product_cat-recessed-handles","8":"pa_material-steel","9":"pa_parts-no-fs-2121","10":"pa_surface-treatment-black","11":"description-off","13":"first","14":"instock","15":"shipping-taxable","16":"product-type-simple"},"acf":[],"_links":{"self":[{"href":"https:\/\/fayshing.com\/pt-pt\/wp-json\/wp\/v2\/product\/6236","targetHints":{"allow":["GET"]}}],"collection":[{"href":"https:\/\/fayshing.com\/pt-pt\/wp-json\/wp\/v2\/product"}],"about":[{"href":"https:\/\/fayshing.com\/pt-pt\/wp-json\/wp\/v2\/types\/product"}],"replies":[{"embeddable":true,"href":"https:\/\/fayshing.com\/pt-pt\/wp-json\/wp\/v2\/comments?post=6236"}],"wp:featuredmedia":[{"embeddable":true,"href":"https:\/\/fayshing.com\/pt-pt\/wp-json\/wp\/v2\/media\/6238"}],"wp:attachment":[{"href":"https:\/\/fayshing.com\/pt-pt\/wp-json\/wp\/v2\/media?parent=6236"}],"wp:term":[{"taxonomy":"product_brand","embeddable":true,"href":"https:\/\/fayshing.com\/pt-pt\/wp-json\/wp\/v2\/product_brand?post=6236"},{"taxonomy":"product_cat","embeddable":true,"href":"https:\/\/fayshing.com\/pt-pt\/wp-json\/wp\/v2\/product_cat?post=6236"},{"taxonomy":"product_tag","embeddable":true,"href":"https:\/\/fayshing.com\/pt-pt\/wp-json\/wp\/v2\/product_tag?post=6236"}],"curies":[{"name":"wp","href":"https:\/\/api.w.org\/{rel}","templated":true}]}}