{"id":6211,"date":"2025-06-02T11:38:21","date_gmt":"2025-06-02T03:38:21","guid":{"rendered":"https:\/\/fayshing.com\/?post_type=product&#038;p=6211"},"modified":"2025-08-08T15:44:49","modified_gmt":"2025-08-08T07:44:49","slug":"fs3203-medium-3-holes-flat-corner","status":"publish","type":"product","link":"https:\/\/fayshing.com\/pt-pt\/product\/fs3203-medium-3-holes-flat-corner\/","title":{"rendered":"FS3203 M\u00e9dia 3 Furos Canto Plano"},"content":{"rendered":"<p data-start=\"538\" data-end=\"850\">O <strong data-start=\"542\" data-end=\"578\">FS3203 Canto plano de 3 furos m\u00e9dio<\/strong> \u00e9 um protetor de cantos vers\u00e1til e funcional, ideal para caixas de voo, caixas de altifalantes, ba\u00fas de armazenamento e outros compartimentos personalizados. Fabricado a partir de <strong data-start=\"734\" data-end=\"742\">ferro<\/strong>Esta pe\u00e7a de canto proporciona uma excelente durabilidade, ao mesmo tempo que oferece um aspeto limpo e acabado ao design da sua caixa.<\/p>\n<p data-start=\"852\" data-end=\"869\"><strong data-start=\"852\" data-end=\"869\">Carater\u00edsticas principais:<\/strong><\/p>\n<ul data-start=\"871\" data-end=\"1444\">\n<li data-start=\"871\" data-end=\"962\">\n<p data-start=\"873\" data-end=\"962\">\ud83d\udee1\ufe0f <strong data-start=\"877\" data-end=\"902\">Material de ferro forte:<\/strong> Constru\u00eddo para uma prote\u00e7\u00e3o duradoura e um suporte estrutural.<\/p>\n<\/li>\n<li data-start=\"963\" data-end=\"1078\">\n<p data-start=\"965\" data-end=\"1078\">\ud83d\udd29 <strong data-start=\"968\" data-end=\"989\">3 orif\u00edcios de montagem:<\/strong> Concebida com tr\u00eas orif\u00edcios de 5,2 mm de di\u00e2metro para uma fixa\u00e7\u00e3o segura e uma instala\u00e7\u00e3o est\u00e1vel.<\/p>\n<\/li>\n<li data-start=\"1079\" data-end=\"1228\">\n<p data-start=\"1081\" data-end=\"1228\">\ud83c\udfa8 <strong data-start=\"1084\" data-end=\"1116\">V\u00e1rios acabamentos dispon\u00edveis:<\/strong> Escolha entre <strong data-start=\"1129\" data-end=\"1138\">preto<\/strong>, <strong data-start=\"1140\" data-end=\"1150\">cromo<\/strong>, <strong data-start=\"1152\" data-end=\"1160\">ouro<\/strong>, ou <strong data-start=\"1165\" data-end=\"1182\">cores personalizadas<\/strong> para combinar com o hardware e a est\u00e9tica da sua caixa.<\/p>\n<\/li>\n<li data-start=\"1229\" data-end=\"1356\">\n<p data-start=\"1231\" data-end=\"1356\">\ud83d\udcd0 <strong data-start=\"1234\" data-end=\"1262\">Canto plano de tamanho m\u00e9dio:<\/strong> Adequado para v\u00e1rios tipos de caixas em que \u00e9 necess\u00e1rio um refor\u00e7o moderado sem aumentar o volume.<\/p>\n<\/li>\n<li data-start=\"1357\" data-end=\"1444\">\n<p data-start=\"1359\" data-end=\"1444\">\ud83d\udee0\ufe0f <strong data-start=\"1363\" data-end=\"1385\">Instala\u00e7\u00e3o f\u00e1cil:<\/strong> Compat\u00edvel com parafusos ou rebites normais para uma instala\u00e7\u00e3o r\u00e1pida.<\/p>\n<\/li>\n<\/ul>\n<p data-start=\"1446\" data-end=\"1587\"><strong data-start=\"1446\" data-end=\"1463\">Aplica\u00e7\u00f5es:<\/strong><br data-start=\"1463\" data-end=\"1466\" \/>Perfeita para utiliza\u00e7\u00e3o em malas de transporte m\u00e9dio, caixas de ferramentas, malas de instrumentos musicais, caixas de equipamento audiovisual e muito mais.<\/p>\n<p data-start=\"1589\" data-end=\"1722\">Quer esteja a atualizar o hardware existente ou a construir uma caixa personalizada, a FS3203 oferece um equil\u00edbrio entre resist\u00eancia, estilo e simplicidade.<\/p>","protected":false},"excerpt":{"rendered":"<ul>\n<li>48mm M\u00e9dio 3 Furos Canto Plano<\/li>\n<li>A\u00e7o<\/li>\n<li>Di\u00e2metro do furo 5,2 mm<\/li>\n<li>Preto \/ Cromado \/ Dourado \/ Outro<\/li>\n<\/ul>","protected":false},"featured_media":6212,"comment_status":"open","ping_status":"closed","template":"","meta":{"_acf_changed":false},"product_brand":[],"product_cat":[109,127],"product_tag":[],"class_list":{"0":"post-6211","1":"product","2":"type-product","3":"status-publish","4":"has-post-thumbnail","6":"product_cat-case-corners","7":"product_cat-flat-corners","8":"pa_material-iron","9":"pa_surface-treatment-black","10":"pa_surface-treatment-chrome","11":"pa_surface-treatment-golden","12":"description-off","14":"first","15":"instock","16":"shipping-taxable","17":"product-type-simple"},"acf":[],"_links":{"self":[{"href":"https:\/\/fayshing.com\/pt-pt\/wp-json\/wp\/v2\/product\/6211","targetHints":{"allow":["GET"]}}],"collection":[{"href":"https:\/\/fayshing.com\/pt-pt\/wp-json\/wp\/v2\/product"}],"about":[{"href":"https:\/\/fayshing.com\/pt-pt\/wp-json\/wp\/v2\/types\/product"}],"replies":[{"embeddable":true,"href":"https:\/\/fayshing.com\/pt-pt\/wp-json\/wp\/v2\/comments?post=6211"}],"wp:featuredmedia":[{"embeddable":true,"href":"https:\/\/fayshing.com\/pt-pt\/wp-json\/wp\/v2\/media\/6212"}],"wp:attachment":[{"href":"https:\/\/fayshing.com\/pt-pt\/wp-json\/wp\/v2\/media?parent=6211"}],"wp:term":[{"taxonomy":"product_brand","embeddable":true,"href":"https:\/\/fayshing.com\/pt-pt\/wp-json\/wp\/v2\/product_brand?post=6211"},{"taxonomy":"product_cat","embeddable":true,"href":"https:\/\/fayshing.com\/pt-pt\/wp-json\/wp\/v2\/product_cat?post=6211"},{"taxonomy":"product_tag","embeddable":true,"href":"https:\/\/fayshing.com\/pt-pt\/wp-json\/wp\/v2\/product_tag?post=6211"}],"curies":[{"name":"wp","href":"https:\/\/api.w.org\/{rel}","templated":true}]}}