{"id":6207,"date":"2025-06-02T11:02:16","date_gmt":"2025-06-02T03:02:16","guid":{"rendered":"https:\/\/fayshing.com\/?post_type=product&#038;p=6207"},"modified":"2025-06-02T11:15:10","modified_gmt":"2025-06-02T03:15:10","slug":"fs3120-largest-6-hole-flat-corner","status":"publish","type":"product","link":"https:\/\/fayshing.com\/pt-pt\/product\/fs3120-largest-6-hole-flat-corner\/","title":{"rendered":"FS3120 Maior canto plano de 6 furos"},"content":{"rendered":"<p data-start=\"483\" data-end=\"775\"><strong data-start=\"483\" data-end=\"520\">O maior canto plano de 6 furos do FS3120<\/strong> \u00e9 um protetor de cantos de qualidade superior especificamente concebido para malas de transporte a\u00e9reo, malas de estrada, caixas de altifalantes e outras solu\u00e7\u00f5es de transporte ou armazenamento de cargas pesadas. O seu tamanho grande e <strong data-start=\"696\" data-end=\"718\">seis orif\u00edcios de montagem<\/strong> garantem um ajuste seguro e est\u00e1vel e uma prote\u00e7\u00e3o duradoura.<\/p>\n<p data-start=\"777\" data-end=\"794\"><strong data-start=\"777\" data-end=\"794\">Carater\u00edsticas principais:<\/strong><\/p>\n<ul data-start=\"796\" data-end=\"1368\">\n<li data-start=\"796\" data-end=\"916\">\n<p data-start=\"798\" data-end=\"916\">\ud83d\udd29 <strong data-start=\"801\" data-end=\"829\">Constru\u00e7\u00e3o para trabalhos pesados:<\/strong> Fabricado em a\u00e7o de alta resist\u00eancia para uma durabilidade superior e resist\u00eancia ao impacto.<\/p>\n<\/li>\n<li data-start=\"917\" data-end=\"1026\">\n<p data-start=\"919\" data-end=\"1026\">\ud83d\udd27 <strong data-start=\"922\" data-end=\"940\">Design de 6 furos:<\/strong> Proporciona um maior poder de fixa\u00e7\u00e3o e evita movimentos ou desloca\u00e7\u00f5es durante o transporte.<\/p>\n<\/li>\n<li data-start=\"1027\" data-end=\"1142\">\n<p data-start=\"1029\" data-end=\"1142\">\ud83d\udcd0 <strong data-start=\"1032\" data-end=\"1054\">Forma de canto plana:<\/strong> Ideal para utiliza\u00e7\u00e3o em superf\u00edcies planas e arestas de caixas quadradas, oferecendo um acabamento limpo e nivelado.<\/p>\n<\/li>\n<li data-start=\"1143\" data-end=\"1262\">\n<p data-start=\"1145\" data-end=\"1262\">\ud83c\udf9b\ufe0f <strong data-start=\"1149\" data-end=\"1180\">Refor\u00e7o e prote\u00e7\u00e3o:<\/strong> Evita o desgaste dos bordos e protege os cantos da caixa contra amolgadelas, quedas e colis\u00f5es.<\/p>\n<\/li>\n<li data-start=\"1263\" data-end=\"1368\">\n<p data-start=\"1265\" data-end=\"1368\">\ud83d\udee0\ufe0f <strong data-start=\"1269\" data-end=\"1289\">F\u00e1cil de instalar:<\/strong> Compat\u00edvel com rebites ou parafusos normais, garantindo uma montagem r\u00e1pida e segura.<\/p>\n<\/li>\n<\/ul>\n<p data-start=\"1370\" data-end=\"1542\"><strong data-start=\"1370\" data-end=\"1387\">Aplica\u00e7\u00f5es:<\/strong><br data-start=\"1387\" data-end=\"1390\" \/>Perfeitas para malas de voo profissionais, malas para instrumentos musicais, caixas para equipamento de DJ, arm\u00e1rios para altifalantes, ba\u00fas de servi\u00e7o e caixas de prote\u00e7\u00e3o personalizadas.<\/p>\n<p data-start=\"1544\" data-end=\"1712\"><strong data-start=\"1544\" data-end=\"1566\">Material e acabamento:<\/strong><br data-start=\"1566\" data-end=\"1569\" \/>Constru\u00e7\u00e3o em a\u00e7o dur\u00e1vel com acabamentos de superf\u00edcie opcionais (zincado, cromado, revestimento preto) para combinar com o design da sua caixa e evitar a corros\u00e3o.<\/p>","protected":false},"excerpt":{"rendered":"<ul>\n<li>Canto plano com 6 furos<\/li>\n<li>FS-3120<\/li>\n<li>A\u00e7o<\/li>\n<li>Acabamento: Cromado \/ Dourado \/ Preto<\/li>\n<\/ul>","protected":false},"featured_media":6209,"comment_status":"open","ping_status":"closed","template":"","meta":{"_acf_changed":false},"product_brand":[],"product_cat":[109,127],"product_tag":[],"class_list":{"0":"post-6207","1":"product","2":"type-product","3":"status-publish","4":"has-post-thumbnail","6":"product_cat-case-corners","7":"product_cat-flat-corners","8":"pa_material-steel","9":"description-off","11":"first","12":"instock","13":"shipping-taxable","14":"product-type-simple"},"acf":[],"_links":{"self":[{"href":"https:\/\/fayshing.com\/pt-pt\/wp-json\/wp\/v2\/product\/6207","targetHints":{"allow":["GET"]}}],"collection":[{"href":"https:\/\/fayshing.com\/pt-pt\/wp-json\/wp\/v2\/product"}],"about":[{"href":"https:\/\/fayshing.com\/pt-pt\/wp-json\/wp\/v2\/types\/product"}],"replies":[{"embeddable":true,"href":"https:\/\/fayshing.com\/pt-pt\/wp-json\/wp\/v2\/comments?post=6207"}],"wp:featuredmedia":[{"embeddable":true,"href":"https:\/\/fayshing.com\/pt-pt\/wp-json\/wp\/v2\/media\/6209"}],"wp:attachment":[{"href":"https:\/\/fayshing.com\/pt-pt\/wp-json\/wp\/v2\/media?parent=6207"}],"wp:term":[{"taxonomy":"product_brand","embeddable":true,"href":"https:\/\/fayshing.com\/pt-pt\/wp-json\/wp\/v2\/product_brand?post=6207"},{"taxonomy":"product_cat","embeddable":true,"href":"https:\/\/fayshing.com\/pt-pt\/wp-json\/wp\/v2\/product_cat?post=6207"},{"taxonomy":"product_tag","embeddable":true,"href":"https:\/\/fayshing.com\/pt-pt\/wp-json\/wp\/v2\/product_tag?post=6207"}],"curies":[{"name":"wp","href":"https:\/\/api.w.org\/{rel}","templated":true}]}}