{"id":6205,"date":"2025-06-02T10:51:38","date_gmt":"2025-06-02T02:51:38","guid":{"rendered":"https:\/\/fayshing.com\/?post_type=product&#038;p=6205"},"modified":"2025-06-02T10:51:39","modified_gmt":"2025-06-02T02:51:39","slug":"fs1224-compression-latch-zinc-alloy-compression-latch-adjustable-lever","status":"publish","type":"product","link":"https:\/\/fayshing.com\/pt-pt\/product\/fs1224-compression-latch-zinc-alloy-compression-latch-adjustable-lever\/","title":{"rendered":"FS1224 Trinco de compress\u00e3o Alavanca ajust\u00e1vel de trinco de compress\u00e3o em liga de zinco"},"content":{"rendered":"<p data-start=\"537\" data-end=\"790\">O <strong data-start=\"541\" data-end=\"569\">FS1224 Trinco de compress\u00e3o<\/strong> foi concebido para ser pr\u00e1tico, dur\u00e1vel e est\u00e9tico. Fabricado com materiais de alta qualidade <strong data-start=\"652\" data-end=\"666\">liga de zinco<\/strong>, este trinco de alavanca regul\u00e1vel possui uma <strong data-start=\"707\" data-end=\"737\">mecanismo de gatilho discreto<\/strong> para um funcionamento sem falhas e uma apresenta\u00e7\u00e3o limpa do painel.<\/p>\n<p data-start=\"792\" data-end=\"809\"><strong data-start=\"792\" data-end=\"809\">Carater\u00edsticas principais:<\/strong><\/p>\n<ul data-start=\"811\" data-end=\"1619\">\n<li data-start=\"811\" data-end=\"962\">\n<p data-start=\"813\" data-end=\"962\">\u2705 <strong data-start=\"815\" data-end=\"843\">Punho de gatilho incorporado:<\/strong> O mecanismo de gatilho discretamente montado liberta facilmente a pega integrada, sem necessidade de ferramentas ou chaves externas.<\/p>\n<\/li>\n<li data-start=\"963\" data-end=\"1080\">\n<p data-start=\"965\" data-end=\"1080\">\u2705 <strong data-start=\"967\" data-end=\"991\">Compress\u00e3o Fecho:<\/strong> Fecha bem a porta sem fric\u00e7\u00e3o, reduzindo o desgaste do trinco e do aro.<\/p>\n<\/li>\n<li data-start=\"1081\" data-end=\"1226\">\n<p data-start=\"1083\" data-end=\"1226\">\u2705 <strong data-start=\"1085\" data-end=\"1111\">Gama de punhos ajust\u00e1veis:<\/strong> O design de pega larga permite um ajuste f\u00e1cil para acomodar v\u00e1rias espessuras de pain\u00e9is e requisitos de instala\u00e7\u00e3o.<\/p>\n<\/li>\n<li data-start=\"1227\" data-end=\"1462\">\n<p data-start=\"1229\" data-end=\"1269\">\u2705 <strong data-start=\"1231\" data-end=\"1267\">Op\u00e7\u00f5es de gatilho embutido ou levantado:<\/strong><\/p>\n<ul data-start=\"1273\" data-end=\"1462\">\n<li data-start=\"1273\" data-end=\"1348\">\n<p data-start=\"1275\" data-end=\"1348\"><em data-start=\"1275\" data-end=\"1290\">Acionamento da descarga<\/em> garante uma superf\u00edcie lisa e um acesso econ\u00f3mico.<\/p>\n<\/li>\n<li data-start=\"1352\" data-end=\"1462\">\n<p data-start=\"1354\" data-end=\"1462\"><em data-start=\"1354\" data-end=\"1370\">Gatilho levantado<\/em> oferece uma ergonomia melhorada e compatibilidade com op\u00e7\u00f5es de fechadura\/chave para maior seguran\u00e7a.<\/p>\n<\/li>\n<\/ul>\n<\/li>\n<li data-start=\"1463\" data-end=\"1619\">\n<p data-start=\"1465\" data-end=\"1619\">\u2705 <strong data-start=\"1467\" data-end=\"1489\">Instala\u00e7\u00e3o f\u00e1cil:<\/strong> O trinco de alavanca de perfil fino \u00e9 simples de instalar, tornando-o ideal para aplica\u00e7\u00f5es que exigem um aspeto profissional e de baixo perfil.<\/p>\n<\/li>\n<\/ul>\n<p data-start=\"1621\" data-end=\"1756\"><strong data-start=\"1621\" data-end=\"1638\">Aplica\u00e7\u00f5es:<\/strong><br data-start=\"1638\" data-end=\"1641\" \/>Ideal para utiliza\u00e7\u00e3o em caixas de transporte, arm\u00e1rios, caixas de ferramentas, caixas el\u00e9ctricas, pain\u00e9is de acesso e equipamento industrial.<\/p>\n<p data-start=\"1758\" data-end=\"1857\">Actualize o seu hardware com o FS1224 - onde a fun\u00e7\u00e3o encontra a forma num design compacto e f\u00e1cil de utilizar.<\/p>","protected":false},"excerpt":{"rendered":"<p>O fecho de compress\u00e3o FS1224 oferece um design elegante, sem ferramentas, com pega ajust\u00e1vel e uma op\u00e7\u00e3o segura de gatilho embutido ou elevado. Perfeito para caixas, arm\u00e1rios e pain\u00e9is de acesso onde \u00e9 necess\u00e1rio um funcionamento suave e uma est\u00e9tica limpa.<\/p>","protected":false},"featured_media":6206,"comment_status":"open","ping_status":"closed","template":"","meta":{"_acf_changed":false},"product_brand":[],"product_cat":[23,119],"product_tag":[],"class_list":{"0":"post-6205","1":"product","2":"type-product","3":"status-publish","4":"has-post-thumbnail","6":"product_cat-latches","7":"product_cat-miscellaneous-latches","8":"pa_material-zinc-alloy","9":"pa_surface-treatment-black","10":"description-off","12":"first","13":"instock","14":"shipping-taxable","15":"product-type-simple"},"acf":[],"_links":{"self":[{"href":"https:\/\/fayshing.com\/pt-pt\/wp-json\/wp\/v2\/product\/6205","targetHints":{"allow":["GET"]}}],"collection":[{"href":"https:\/\/fayshing.com\/pt-pt\/wp-json\/wp\/v2\/product"}],"about":[{"href":"https:\/\/fayshing.com\/pt-pt\/wp-json\/wp\/v2\/types\/product"}],"replies":[{"embeddable":true,"href":"https:\/\/fayshing.com\/pt-pt\/wp-json\/wp\/v2\/comments?post=6205"}],"wp:featuredmedia":[{"embeddable":true,"href":"https:\/\/fayshing.com\/pt-pt\/wp-json\/wp\/v2\/media\/6206"}],"wp:attachment":[{"href":"https:\/\/fayshing.com\/pt-pt\/wp-json\/wp\/v2\/media?parent=6205"}],"wp:term":[{"taxonomy":"product_brand","embeddable":true,"href":"https:\/\/fayshing.com\/pt-pt\/wp-json\/wp\/v2\/product_brand?post=6205"},{"taxonomy":"product_cat","embeddable":true,"href":"https:\/\/fayshing.com\/pt-pt\/wp-json\/wp\/v2\/product_cat?post=6205"},{"taxonomy":"product_tag","embeddable":true,"href":"https:\/\/fayshing.com\/pt-pt\/wp-json\/wp\/v2\/product_tag?post=6205"}],"curies":[{"name":"wp","href":"https:\/\/api.w.org\/{rel}","templated":true}]}}