{"id":6191,"date":"2025-05-16T11:26:37","date_gmt":"2025-05-16T03:26:37","guid":{"rendered":"https:\/\/fayshing.com\/?post_type=product&#038;p=6191"},"modified":"2025-05-16T11:26:37","modified_gmt":"2025-05-16T03:26:37","slug":"fs3216-large-6-holes-brace-ball-corner","status":"publish","type":"product","link":"https:\/\/fayshing.com\/pt-pt\/product\/fs3216-large-6-holes-brace-ball-corner\/","title":{"rendered":"FS3216 - Canto de bola com 6 furos para cinta grande"},"content":{"rendered":"<ul>\n<li>Canto de bola grande com 6 furos<\/li>\n<li>FS3216<\/li>\n<li>A\u00e7o<\/li>\n<li>Acabamento: Cromado \/ Dourado \/ Preto<\/li>\n<\/ul>\n<p>Os cantos esf\u00e9ricos foram concebidos para proteger as arestas e os cantos de malas de voo, caixas de ferramentas e malas de instrumentos. Aumentam a durabilidade estrutural, reduzem os danos por impacto durante o transporte e proporcionam um aspeto limpo e profissional. Ideais para utiliza\u00e7\u00e3o intensiva em aplica\u00e7\u00f5es audiovisuais, de turismo e industriais.<\/p>","protected":false},"excerpt":{"rendered":"<ul>\n<li>Canto de bola grande com 6 furos<\/li>\n<li>FS3216<\/li>\n<li>A\u00e7o<\/li>\n<li>Acabamento: Cromado \/ Dourado \/ Preto<\/li>\n<\/ul>","protected":false},"featured_media":6193,"comment_status":"open","ping_status":"closed","template":"","meta":{"_acf_changed":false},"product_brand":[],"product_cat":[109,126],"product_tag":[],"class_list":{"0":"post-6191","1":"product","2":"type-product","3":"status-publish","4":"has-post-thumbnail","6":"product_cat-case-corners","7":"product_cat-ball-corners","8":"pa_material-steel","9":"description-off","11":"first","12":"instock","13":"shipping-taxable","14":"product-type-simple"},"acf":[],"_links":{"self":[{"href":"https:\/\/fayshing.com\/pt-pt\/wp-json\/wp\/v2\/product\/6191","targetHints":{"allow":["GET"]}}],"collection":[{"href":"https:\/\/fayshing.com\/pt-pt\/wp-json\/wp\/v2\/product"}],"about":[{"href":"https:\/\/fayshing.com\/pt-pt\/wp-json\/wp\/v2\/types\/product"}],"replies":[{"embeddable":true,"href":"https:\/\/fayshing.com\/pt-pt\/wp-json\/wp\/v2\/comments?post=6191"}],"wp:featuredmedia":[{"embeddable":true,"href":"https:\/\/fayshing.com\/pt-pt\/wp-json\/wp\/v2\/media\/6193"}],"wp:attachment":[{"href":"https:\/\/fayshing.com\/pt-pt\/wp-json\/wp\/v2\/media?parent=6191"}],"wp:term":[{"taxonomy":"product_brand","embeddable":true,"href":"https:\/\/fayshing.com\/pt-pt\/wp-json\/wp\/v2\/product_brand?post=6191"},{"taxonomy":"product_cat","embeddable":true,"href":"https:\/\/fayshing.com\/pt-pt\/wp-json\/wp\/v2\/product_cat?post=6191"},{"taxonomy":"product_tag","embeddable":true,"href":"https:\/\/fayshing.com\/pt-pt\/wp-json\/wp\/v2\/product_tag?post=6191"}],"curies":[{"name":"wp","href":"https:\/\/api.w.org\/{rel}","templated":true}]}}