{"id":6185,"date":"2025-05-16T11:00:06","date_gmt":"2025-05-16T03:00:06","guid":{"rendered":"https:\/\/fayshing.com\/?post_type=product&#038;p=6185"},"modified":"2025-05-16T11:00:06","modified_gmt":"2025-05-16T03:00:06","slug":"fs3218-6-holes-ball-corners-cut-edge","status":"publish","type":"product","link":"https:\/\/fayshing.com\/pt-pt\/product\/fs3218-6-holes-ball-corners-cut-edge\/","title":{"rendered":"FS3218 - Cantos de bola de 6 furos (Borda cortada)"},"content":{"rendered":"<ul>\n<li>6 furos Cantos de bola (Borda cortada)<\/li>\n<li>FS3218<\/li>\n<li>A\u00e7o<\/li>\n<li>Acabamento: Cromado \/ Dourado \/ Preto<\/li>\n<\/ul>\n<p>Os cantos esf\u00e9ricos foram concebidos para proteger as arestas e os cantos de malas de voo, caixas de ferramentas e malas de instrumentos. Aumentam a durabilidade estrutural, reduzem os danos por impacto durante o transporte e proporcionam um aspeto limpo e profissional. Ideais para utiliza\u00e7\u00e3o intensiva em aplica\u00e7\u00f5es audiovisuais, de turismo e industriais.<\/p>","protected":false},"excerpt":{"rendered":"<ul>\n<li>6 furos Cantos de bola (Borda cortada)<\/li>\n<li>FS3218<\/li>\n<li>A\u00e7o<\/li>\n<li>Acabamento: Cromado \/ Dourado \/ Preto<\/li>\n<\/ul>","protected":false},"featured_media":6186,"comment_status":"open","ping_status":"closed","template":"","meta":{"_acf_changed":false},"product_brand":[],"product_cat":[109,126],"product_tag":[],"class_list":{"0":"post-6185","1":"product","2":"type-product","3":"status-publish","4":"has-post-thumbnail","6":"product_cat-case-corners","7":"product_cat-ball-corners","8":"pa_material-steel","9":"description-off","11":"first","12":"instock","13":"shipping-taxable","14":"product-type-simple"},"acf":[],"_links":{"self":[{"href":"https:\/\/fayshing.com\/pt-pt\/wp-json\/wp\/v2\/product\/6185","targetHints":{"allow":["GET"]}}],"collection":[{"href":"https:\/\/fayshing.com\/pt-pt\/wp-json\/wp\/v2\/product"}],"about":[{"href":"https:\/\/fayshing.com\/pt-pt\/wp-json\/wp\/v2\/types\/product"}],"replies":[{"embeddable":true,"href":"https:\/\/fayshing.com\/pt-pt\/wp-json\/wp\/v2\/comments?post=6185"}],"wp:featuredmedia":[{"embeddable":true,"href":"https:\/\/fayshing.com\/pt-pt\/wp-json\/wp\/v2\/media\/6186"}],"wp:attachment":[{"href":"https:\/\/fayshing.com\/pt-pt\/wp-json\/wp\/v2\/media?parent=6185"}],"wp:term":[{"taxonomy":"product_brand","embeddable":true,"href":"https:\/\/fayshing.com\/pt-pt\/wp-json\/wp\/v2\/product_brand?post=6185"},{"taxonomy":"product_cat","embeddable":true,"href":"https:\/\/fayshing.com\/pt-pt\/wp-json\/wp\/v2\/product_cat?post=6185"},{"taxonomy":"product_tag","embeddable":true,"href":"https:\/\/fayshing.com\/pt-pt\/wp-json\/wp\/v2\/product_tag?post=6185"}],"curies":[{"name":"wp","href":"https:\/\/api.w.org\/{rel}","templated":true}]}}