{"id":6062,"date":"2025-02-17T14:55:34","date_gmt":"2025-02-17T06:55:34","guid":{"rendered":"https:\/\/fayshing.com\/?post_type=product&#038;p=6062"},"modified":"2025-08-08T15:28:55","modified_gmt":"2025-08-08T07:28:55","slug":"fechos-de-caixa-de-joias-fechos-de-fecho-de-hasp-tom-dourado-fs1093","status":"publish","type":"product","link":"https:\/\/fayshing.com\/pt-pt\/product\/fechos-de-caixa-de-joias-fechos-de-fecho-de-hasp-tom-dourado-fs1093\/","title":{"rendered":"Fecho de caixa de j\u00f3ias Fecho de trav\u00e3o de fecho de hasp em tom dourado FS1093"},"content":{"rendered":"<p data-start=\"177\" data-end=\"453\">O <strong data-start=\"181\" data-end=\"225\">FS1093 Fecho de caixa de j\u00f3ias Fecho de trava<\/strong> \u00e9 uma solu\u00e7\u00e3o de fecho compacta e elegante concebida para caixas de j\u00f3ias, caixas de presentes, ba\u00fas de recorda\u00e7\u00f5es e outras caixas pequenas. Com a sua <strong data-start=\"357\" data-end=\"370\">20 \u00d7 30mm<\/strong> O seu tamanho permite um fecho seguro, mantendo um aspeto refinado e decorativo.<\/p>\n<p data-start=\"455\" data-end=\"691\">Fabricado em <strong data-start=\"468\" data-end=\"489\">ferro de alta qualidade<\/strong> e dispon\u00edvel em <strong data-start=\"507\" data-end=\"517\">cromo<\/strong> ou <strong data-start=\"521\" data-end=\"531\">dourado<\/strong> Com os seus acabamentos, o FS1093 combina durabilidade com apelo est\u00e9tico, tornando-o ideal para uma utiliza\u00e7\u00e3o funcional e para melhorar o design geral da sua caixa ou estojo.<\/p>\n<p data-start=\"693\" data-end=\"712\"><strong data-start=\"693\" data-end=\"710\">Carater\u00edsticas principais:<\/strong><\/p>\n<ul data-start=\"713\" data-end=\"984\">\n<li data-start=\"713\" data-end=\"737\">\n<p data-start=\"715\" data-end=\"737\">C\u00f3digo do produto: FS1093<\/p>\n<\/li>\n<li data-start=\"738\" data-end=\"783\">\n<p data-start=\"740\" data-end=\"783\">Tipo: Fecho de caixa de j\u00f3ias \/ fecho de seguran\u00e7a<\/p>\n<\/li>\n<li data-start=\"784\" data-end=\"826\">\n<p data-start=\"786\" data-end=\"826\">Tamanho: 20 \u00d7 30 mm - compacto e discreto<\/p>\n<\/li>\n<li data-start=\"827\" data-end=\"845\">\n<p data-start=\"829\" data-end=\"845\">Material: Ferro<\/p>\n<\/li>\n<li data-start=\"846\" data-end=\"881\">\n<p data-start=\"848\" data-end=\"881\">Op\u00e7\u00f5es de acabamento: Cromado \/ Dourado<\/p>\n<\/li>\n<li data-start=\"882\" data-end=\"984\">\n<p data-start=\"884\" data-end=\"984\">Aplica\u00e7\u00f5es: Caixas de j\u00f3ias, caixas de presentes, ba\u00fas de recorda\u00e7\u00f5es, caixas de arruma\u00e7\u00e3o decorativas, projectos de artesanato<\/p>\n<\/li>\n<\/ul>\n<p data-start=\"986\" data-end=\"1140\">Quer esteja a criar uma nova caixa de j\u00f3ias ou a substituir hardware antigo, o FS1093 oferece a combina\u00e7\u00e3o perfeita de fecho seguro e apar\u00eancia elegante.<\/p>","protected":false},"excerpt":{"rendered":"<ul>\n<li>Jewelry Box Case Latches Hasp Catch Lock Gold Tone<\/li>\n<li>Material: Ferro<\/li>\n<li>Tamanho: 20\u00d730mm;<\/li>\n<li>Cromado \/ Dourado<\/li>\n<\/ul>","protected":false},"featured_media":6063,"comment_status":"open","ping_status":"closed","template":"","meta":{"_acf_changed":false},"product_brand":[],"product_cat":[273,23],"product_tag":[],"class_list":{"0":"post-6062","1":"product","2":"type-product","3":"status-publish","4":"has-post-thumbnail","6":"product_cat-jewelry-box-latch-hasp","7":"product_cat-latches","8":"pa_material-iron","9":"pa_surface-treatment-chrome","10":"pa_surface-treatment-golden","11":"description-off","13":"first","14":"instock","15":"shipping-taxable","16":"product-type-simple"},"acf":[],"_links":{"self":[{"href":"https:\/\/fayshing.com\/pt-pt\/wp-json\/wp\/v2\/product\/6062","targetHints":{"allow":["GET"]}}],"collection":[{"href":"https:\/\/fayshing.com\/pt-pt\/wp-json\/wp\/v2\/product"}],"about":[{"href":"https:\/\/fayshing.com\/pt-pt\/wp-json\/wp\/v2\/types\/product"}],"replies":[{"embeddable":true,"href":"https:\/\/fayshing.com\/pt-pt\/wp-json\/wp\/v2\/comments?post=6062"}],"wp:featuredmedia":[{"embeddable":true,"href":"https:\/\/fayshing.com\/pt-pt\/wp-json\/wp\/v2\/media\/6063"}],"wp:attachment":[{"href":"https:\/\/fayshing.com\/pt-pt\/wp-json\/wp\/v2\/media?parent=6062"}],"wp:term":[{"taxonomy":"product_brand","embeddable":true,"href":"https:\/\/fayshing.com\/pt-pt\/wp-json\/wp\/v2\/product_brand?post=6062"},{"taxonomy":"product_cat","embeddable":true,"href":"https:\/\/fayshing.com\/pt-pt\/wp-json\/wp\/v2\/product_cat?post=6062"},{"taxonomy":"product_tag","embeddable":true,"href":"https:\/\/fayshing.com\/pt-pt\/wp-json\/wp\/v2\/product_tag?post=6062"}],"curies":[{"name":"wp","href":"https:\/\/api.w.org\/{rel}","templated":true}]}}