{"id":6060,"date":"2025-02-17T14:48:55","date_gmt":"2025-02-17T06:48:55","guid":{"rendered":"https:\/\/fayshing.com\/?post_type=product&#038;p=6060"},"modified":"2025-08-08T16:11:42","modified_gmt":"2025-08-08T08:11:42","slug":"caixa-de-madeira-caixa-de-arca-fecho-de-fecho-retangular-fechos-de-ferrolho-fs1226","status":"publish","type":"product","link":"https:\/\/fayshing.com\/pt-pt\/product\/caixa-de-madeira-caixa-de-arca-fecho-de-fecho-retangular-fechos-de-ferrolho-fs1226\/","title":{"rendered":"Caixa de madeira para ba\u00fa Caixa retangular Fecho com fecho de correr FS1226"},"content":{"rendered":"<p data-start=\"187\" data-end=\"498\">O <strong data-start=\"191\" data-end=\"236\">FS1226 Fecho retangular com fecho de ferrolho<\/strong> \u00e9 uma pe\u00e7a de ferragem pr\u00e1tica e decorativa concebida para caixas de madeira, arcas, caixas de arruma\u00e7\u00e3o e ba\u00fas de oferta. Com a sua <strong data-start=\"358\" data-end=\"379\">forma retangular<\/strong> e <strong data-start=\"384\" data-end=\"412\">4 orif\u00edcios de montagem por conjunto<\/strong>O fecho \u00e9 seguro e confere um toque cl\u00e1ssico e requintado ao seu projeto.<\/p>\n<p data-start=\"500\" data-end=\"806\">Fabricado em <strong data-start=\"510\" data-end=\"526\">ferro dur\u00e1vel<\/strong> e dispon\u00edvel em <strong data-start=\"544\" data-end=\"554\">cromo<\/strong> ou <strong data-start=\"558\" data-end=\"568\">dourado<\/strong> A FS1226 oferece resist\u00eancia e estilo. O seu design compacto e montado na superf\u00edcie facilita a instala\u00e7\u00e3o numa variedade de caixas de madeira ou decorativas, tornando-o ideal para fabricantes de mobili\u00e1rio, projectos de artesanato e restauro de caixas.<\/p>\n<p data-start=\"808\" data-end=\"827\"><strong data-start=\"808\" data-end=\"825\">Carater\u00edsticas principais:<\/strong><\/p>\n<ul data-start=\"828\" data-end=\"1124\">\n<li data-start=\"828\" data-end=\"852\">\n<p data-start=\"830\" data-end=\"852\">C\u00f3digo do produto: FS1226<\/p>\n<\/li>\n<li data-start=\"853\" data-end=\"925\">\n<p data-start=\"855\" data-end=\"925\">Tipo: Fecho de fecho retangular com ferrolho para caixas e ba\u00fas de madeira<\/p>\n<\/li>\n<li data-start=\"926\" data-end=\"986\">\n<p data-start=\"928\" data-end=\"986\">Quantidade de furos (por conjunto): 4 orif\u00edcios para uma instala\u00e7\u00e3o est\u00e1vel<\/p>\n<\/li>\n<li data-start=\"987\" data-end=\"1005\">\n<p data-start=\"989\" data-end=\"1005\">Material: Ferro<\/p>\n<\/li>\n<li data-start=\"1006\" data-end=\"1041\">\n<p data-start=\"1008\" data-end=\"1041\">Op\u00e7\u00f5es de acabamento: Cromado \/ Dourado<\/p>\n<\/li>\n<li data-start=\"1042\" data-end=\"1124\">\n<p data-start=\"1044\" data-end=\"1124\">Aplica\u00e7\u00f5es: Caixas de madeira, ba\u00fas, caixas de arruma\u00e7\u00e3o, ba\u00fas de oferta, projectos de artesanato<\/p>\n<\/li>\n<\/ul>\n<p data-start=\"1126\" data-end=\"1271\">Quer seja <strong data-start=\"1142\" data-end=\"1172\">constru\u00e7\u00e3o de uma nova caixa de madeira<\/strong> ou <strong data-start=\"1176\" data-end=\"1203\">restaurar uma caixa antiga<\/strong>A FS1226 proporciona um fecho seguro e um aspeto limpo e polido.<\/p>","protected":false},"excerpt":{"rendered":"<ul>\n<li>Caixa de madeira Caixa de ba\u00fa Caixa retangular Fecho com fecho de correr<\/li>\n<li>Quantidade de furos (por conjunto): 4 furos;<\/li>\n<li>Ferro<\/li>\n<li>Cromado \/ Dourado<\/li>\n<\/ul>","protected":false},"featured_media":6061,"comment_status":"open","ping_status":"closed","template":"","meta":{"_acf_changed":false},"product_brand":[],"product_cat":[273,23],"product_tag":[],"class_list":{"0":"post-6060","1":"product","2":"type-product","3":"status-publish","4":"has-post-thumbnail","6":"product_cat-jewelry-box-latch-hasp","7":"product_cat-latches","8":"pa_material-iron","9":"pa_surface-treatment-chrome","10":"pa_surface-treatment-golden","11":"description-off","13":"first","14":"instock","15":"shipping-taxable","16":"product-type-simple"},"acf":[],"_links":{"self":[{"href":"https:\/\/fayshing.com\/pt-pt\/wp-json\/wp\/v2\/product\/6060","targetHints":{"allow":["GET"]}}],"collection":[{"href":"https:\/\/fayshing.com\/pt-pt\/wp-json\/wp\/v2\/product"}],"about":[{"href":"https:\/\/fayshing.com\/pt-pt\/wp-json\/wp\/v2\/types\/product"}],"replies":[{"embeddable":true,"href":"https:\/\/fayshing.com\/pt-pt\/wp-json\/wp\/v2\/comments?post=6060"}],"wp:featuredmedia":[{"embeddable":true,"href":"https:\/\/fayshing.com\/pt-pt\/wp-json\/wp\/v2\/media\/6061"}],"wp:attachment":[{"href":"https:\/\/fayshing.com\/pt-pt\/wp-json\/wp\/v2\/media?parent=6060"}],"wp:term":[{"taxonomy":"product_brand","embeddable":true,"href":"https:\/\/fayshing.com\/pt-pt\/wp-json\/wp\/v2\/product_brand?post=6060"},{"taxonomy":"product_cat","embeddable":true,"href":"https:\/\/fayshing.com\/pt-pt\/wp-json\/wp\/v2\/product_cat?post=6060"},{"taxonomy":"product_tag","embeddable":true,"href":"https:\/\/fayshing.com\/pt-pt\/wp-json\/wp\/v2\/product_tag?post=6060"}],"curies":[{"name":"wp","href":"https:\/\/api.w.org\/{rel}","templated":true}]}}