{"id":6058,"date":"2025-02-17T14:45:02","date_gmt":"2025-02-17T06:45:02","guid":{"rendered":"https:\/\/fayshing.com\/?post_type=product&#038;p=6058"},"modified":"2025-08-08T15:17:27","modified_gmt":"2025-08-08T07:17:27","slug":"caixa-de-joias-pequena-fecho-de-fecho-de-alternancia-ferragem-de-caixa-de-presente-fs1225","status":"publish","type":"product","link":"https:\/\/fayshing.com\/pt-pt\/product\/caixa-de-joias-pequena-fecho-de-fecho-de-alternancia-ferragem-de-caixa-de-presente-fs1225\/","title":{"rendered":"Caixa de j\u00f3ias pequena Fecho de fecho de alavanca de fecho de caixa de presente Hardware FS1225"},"content":{"rendered":"<ul>\n<li>\n<p data-start=\"157\" data-end=\"462\">O <strong data-start=\"161\" data-end=\"201\">FS1225 Fecho com trinco para caixa de j\u00f3ias pequena<\/strong> \u00e9 um acess\u00f3rio de ferragem delicado mas duradouro, concebido para caixas de j\u00f3ias, caixas de presentes, ba\u00fas de recorda\u00e7\u00f5es e outras caixas pequenas. Com um <strong data-start=\"332\" data-end=\"347\">alternar o fecho<\/strong> mecanismo e <strong data-start=\"362\" data-end=\"390\">4 orif\u00edcios de montagem por conjunto<\/strong>O fecho \u00e9 seguro, mantendo um aspeto elegante e requintado.<\/p>\n<p data-start=\"464\" data-end=\"764\">Fabricado em <strong data-start=\"477\" data-end=\"498\">ferro de alta qualidade<\/strong> e dispon\u00edvel em <strong data-start=\"516\" data-end=\"526\">cromo<\/strong> ou <strong data-start=\"530\" data-end=\"540\">dourado<\/strong> Com acabamentos de alta qualidade, o FS1225 combina for\u00e7a com estilo, tornando-o adequado tanto para aplica\u00e7\u00f5es funcionais como decorativas. O seu tamanho compacto torna-o ideal para pequenas caixas de madeira ou couro onde a precis\u00e3o e a est\u00e9tica s\u00e3o importantes.<\/p>\n<p data-start=\"766\" data-end=\"785\"><strong data-start=\"766\" data-end=\"783\">Carater\u00edsticas principais:<\/strong><\/p>\n<ul data-start=\"786\" data-end=\"1084\">\n<li data-start=\"786\" data-end=\"810\">\n<p data-start=\"788\" data-end=\"810\">C\u00f3digo do produto: FS1225<\/p>\n<\/li>\n<li data-start=\"811\" data-end=\"864\">\n<p data-start=\"813\" data-end=\"864\">Tipo: Fecho de fecho de caixa de j\u00f3ias pequeno \/ fecho de altern\u00e2ncia<\/p>\n<\/li>\n<li data-start=\"865\" data-end=\"921\">\n<p data-start=\"867\" data-end=\"921\">Quantidade de furos (por conjunto): 4 orif\u00edcios para uma montagem segura<\/p>\n<\/li>\n<li data-start=\"922\" data-end=\"940\">\n<p data-start=\"924\" data-end=\"940\">Material: Ferro<\/p>\n<\/li>\n<li data-start=\"941\" data-end=\"976\">\n<p data-start=\"943\" data-end=\"976\">Op\u00e7\u00f5es de acabamento: Cromado \/ Dourado<\/p>\n<\/li>\n<li data-start=\"977\" data-end=\"1084\">\n<p data-start=\"979\" data-end=\"1084\">Aplica\u00e7\u00f5es: Caixas de j\u00f3ias, caixas de presentes, ba\u00fas de recorda\u00e7\u00f5es, projectos de artesanato, pequenas caixas de madeira ou couro<\/p>\n<\/li>\n<\/ul>\n<p data-start=\"1086\" data-end=\"1251\">Quer esteja a reparar uma lembran\u00e7a preciosa ou a criar uma caixa de presente personalizada, a FS1225 proporciona a combina\u00e7\u00e3o perfeita de fecho fi\u00e1vel e apelo decorativo.<\/p>\n<\/li>\n<\/ul>","protected":false},"excerpt":{"rendered":"<ul>\n<li>Caixa de j\u00f3ias pequena Fecho de alavanca com fecho de alavanca<\/li>\n<li>Quantidade de furos (por conjunto): 4 furos;<\/li>\n<li>Ferro<\/li>\n<li>Cromado \/ Dourado<\/li>\n<\/ul>","protected":false},"featured_media":6059,"comment_status":"open","ping_status":"closed","template":"","meta":{"_acf_changed":false},"product_brand":[],"product_cat":[273,23],"product_tag":[],"class_list":{"0":"post-6058","1":"product","2":"type-product","3":"status-publish","4":"has-post-thumbnail","6":"product_cat-jewelry-box-latch-hasp","7":"product_cat-latches","8":"pa_material-iron","9":"pa_surface-treatment-chrome","10":"pa_surface-treatment-golden","11":"description-off","13":"first","14":"instock","15":"shipping-taxable","16":"product-type-simple"},"acf":[],"_links":{"self":[{"href":"https:\/\/fayshing.com\/pt-pt\/wp-json\/wp\/v2\/product\/6058","targetHints":{"allow":["GET"]}}],"collection":[{"href":"https:\/\/fayshing.com\/pt-pt\/wp-json\/wp\/v2\/product"}],"about":[{"href":"https:\/\/fayshing.com\/pt-pt\/wp-json\/wp\/v2\/types\/product"}],"replies":[{"embeddable":true,"href":"https:\/\/fayshing.com\/pt-pt\/wp-json\/wp\/v2\/comments?post=6058"}],"wp:featuredmedia":[{"embeddable":true,"href":"https:\/\/fayshing.com\/pt-pt\/wp-json\/wp\/v2\/media\/6059"}],"wp:attachment":[{"href":"https:\/\/fayshing.com\/pt-pt\/wp-json\/wp\/v2\/media?parent=6058"}],"wp:term":[{"taxonomy":"product_brand","embeddable":true,"href":"https:\/\/fayshing.com\/pt-pt\/wp-json\/wp\/v2\/product_brand?post=6058"},{"taxonomy":"product_cat","embeddable":true,"href":"https:\/\/fayshing.com\/pt-pt\/wp-json\/wp\/v2\/product_cat?post=6058"},{"taxonomy":"product_tag","embeddable":true,"href":"https:\/\/fayshing.com\/pt-pt\/wp-json\/wp\/v2\/product_tag?post=6058"}],"curies":[{"name":"wp","href":"https:\/\/api.w.org\/{rel}","templated":true}]}}