{"id":6055,"date":"2025-02-17T14:38:11","date_gmt":"2025-02-17T06:38:11","guid":{"rendered":"https:\/\/fayshing.com\/?post_type=product&#038;p=6055"},"modified":"2025-08-08T15:57:30","modified_gmt":"2025-08-08T07:57:30","slug":"caixa-de-joias-dourada-fecho-de-fecho-de-alternancia-ferragem-de-caixa-de-presente-fs1174","status":"publish","type":"product","link":"https:\/\/fayshing.com\/pt-pt\/product\/caixa-de-joias-dourada-fecho-de-fecho-de-alternancia-ferragem-de-caixa-de-presente-fs1174\/","title":{"rendered":"Caixa de j\u00f3ias em ouro Fecho de fecho de alavanca de fecho de caixa de presente FS1174"},"content":{"rendered":"<p data-start=\"172\" data-end=\"501\">O <strong data-start=\"176\" data-end=\"222\">FS1174 Fecho de fecho de caixa de j\u00f3ias com fecho de alavanca<\/strong> \u00e9 um acess\u00f3rio de hardware elegante e duradouro concebido para caixas de j\u00f3ias, caixas de presentes, ba\u00fas de recorda\u00e7\u00f5es e outras caixas decorativas. Com uma <strong data-start=\"363\" data-end=\"386\">fecho de ferrolho de altern\u00e2ncia<\/strong> com <strong data-start=\"392\" data-end=\"420\">4 orif\u00edcios de montagem por conjunto<\/strong>O sistema de fixa\u00e7\u00e3o \u00e9 seguro e melhora o aspeto visual do seu projeto.<\/p>\n<p data-start=\"503\" data-end=\"786\">Fabricado em <strong data-start=\"513\" data-end=\"528\">ferro forte<\/strong> e dispon\u00edvel em <strong data-start=\"546\" data-end=\"556\">dourado<\/strong>, <strong data-start=\"558\" data-end=\"568\">cromo<\/strong>, ou <strong data-start=\"573\" data-end=\"582\">preto<\/strong> o FS1174 combina um desempenho fi\u00e1vel com um estilo vers\u00e1til. O <strong data-start=\"662\" data-end=\"686\">design de montagem em superf\u00edcie<\/strong> facilita a instala\u00e7\u00e3o em caixas de madeira, couro ou decorativas, sem necessidade de cortes rebaixados.<\/p>\n<p data-start=\"788\" data-end=\"807\"><strong data-start=\"788\" data-end=\"805\">Carater\u00edsticas principais:<\/strong><\/p>\n<ul data-start=\"808\" data-end=\"1157\">\n<li data-start=\"808\" data-end=\"832\">\n<p data-start=\"810\" data-end=\"832\">C\u00f3digo do produto: FS1174<\/p>\n<\/li>\n<li data-start=\"833\" data-end=\"880\">\n<p data-start=\"835\" data-end=\"880\">Tipo: Fecho de fecho de caixa de j\u00f3ias \/ fecho de altern\u00e2ncia<\/p>\n<\/li>\n<li data-start=\"881\" data-end=\"899\">\n<p data-start=\"883\" data-end=\"899\">Material: Ferro<\/p>\n<\/li>\n<li data-start=\"900\" data-end=\"943\">\n<p data-start=\"902\" data-end=\"943\">Op\u00e7\u00f5es de acabamento: Dourado \/ Cromado \/ Preto<\/p>\n<\/li>\n<li data-start=\"944\" data-end=\"1004\">\n<p data-start=\"946\" data-end=\"1004\">Quantidade de furos (por conjunto): 4 orif\u00edcios para uma instala\u00e7\u00e3o est\u00e1vel<\/p>\n<\/li>\n<li data-start=\"1005\" data-end=\"1065\">\n<p data-start=\"1007\" data-end=\"1065\">Estilo de montagem: Montagem na superf\u00edcie - r\u00e1pida e f\u00e1cil de instalar<\/p>\n<\/li>\n<li data-start=\"1066\" data-end=\"1157\">\n<p data-start=\"1068\" data-end=\"1157\">Aplica\u00e7\u00f5es: Caixas de j\u00f3ias, caixas de presentes, ba\u00fas de recorda\u00e7\u00f5es, pequenas caixas de madeira ou de couro<\/p>\n<\/li>\n<\/ul>\n<p data-start=\"1159\" data-end=\"1295\">O FS1174 \u00e9 a escolha perfeita quando precisa de <strong data-start=\"1206\" data-end=\"1245\">fecho seguro e estilo decorativo<\/strong> para projectos de fabrico ou restauro de caixas de qualidade superior.<\/p>","protected":false},"excerpt":{"rendered":"<ul>\n<li>Caixa de j\u00f3ias em ouro Fecho de alavanca com fecho de alavanca<\/li>\n<li>Ferro<\/li>\n<li>Dourado \/ Cromado \/ Preto<\/li>\n<li>Quantidade de furos (por conjunto): 4 furos;<\/li>\n<li>Montagem em superf\u00edcie;<\/li>\n<\/ul>","protected":false},"featured_media":6056,"comment_status":"open","ping_status":"closed","template":"","meta":{"_acf_changed":false},"product_brand":[],"product_cat":[273,23],"product_tag":[],"class_list":{"0":"post-6055","1":"product","2":"type-product","3":"status-publish","4":"has-post-thumbnail","6":"product_cat-jewelry-box-latch-hasp","7":"product_cat-latches","8":"pa_material-iron","9":"pa_surface-treatment-chrome","10":"pa_surface-treatment-golden","11":"description-off","13":"first","14":"instock","15":"shipping-taxable","16":"product-type-simple"},"acf":[],"_links":{"self":[{"href":"https:\/\/fayshing.com\/pt-pt\/wp-json\/wp\/v2\/product\/6055","targetHints":{"allow":["GET"]}}],"collection":[{"href":"https:\/\/fayshing.com\/pt-pt\/wp-json\/wp\/v2\/product"}],"about":[{"href":"https:\/\/fayshing.com\/pt-pt\/wp-json\/wp\/v2\/types\/product"}],"replies":[{"embeddable":true,"href":"https:\/\/fayshing.com\/pt-pt\/wp-json\/wp\/v2\/comments?post=6055"}],"wp:featuredmedia":[{"embeddable":true,"href":"https:\/\/fayshing.com\/pt-pt\/wp-json\/wp\/v2\/media\/6056"}],"wp:attachment":[{"href":"https:\/\/fayshing.com\/pt-pt\/wp-json\/wp\/v2\/media?parent=6055"}],"wp:term":[{"taxonomy":"product_brand","embeddable":true,"href":"https:\/\/fayshing.com\/pt-pt\/wp-json\/wp\/v2\/product_brand?post=6055"},{"taxonomy":"product_cat","embeddable":true,"href":"https:\/\/fayshing.com\/pt-pt\/wp-json\/wp\/v2\/product_cat?post=6055"},{"taxonomy":"product_tag","embeddable":true,"href":"https:\/\/fayshing.com\/pt-pt\/wp-json\/wp\/v2\/product_tag?post=6055"}],"curies":[{"name":"wp","href":"https:\/\/api.w.org\/{rel}","templated":true}]}}