{"id":6049,"date":"2025-02-17T14:14:51","date_gmt":"2025-02-17T06:14:51","guid":{"rendered":"https:\/\/fayshing.com\/?post_type=product&#038;p=6049"},"modified":"2025-02-17T15:00:50","modified_gmt":"2025-02-17T07:00:50","slug":"caixa-de-oferta-de-joias-de-29x33-mm-fecho-de-braco-oscilante-esquerdo-fecho-de-alternancia-fs1085","status":"publish","type":"product","link":"https:\/\/fayshing.com\/pt-pt\/product\/caixa-de-oferta-de-joias-de-29x33-mm-fecho-de-braco-oscilante-esquerdo-fecho-de-alternancia-fs1085\/","title":{"rendered":"Caixa de oferta de j\u00f3ias de 29\u00d733 mm Fecho de bra\u00e7o oscilante esquerdo Fecho de alavanca FS1085"},"content":{"rendered":"<ul>\n<li>Caixa de presente de joias Caixa de presente de joias Bra\u00e7o esquerdo Swing Fecho trava Toggle Hasp 29 \u00d7 33mm \/ 1.14 \u00d7 1.30 polegadas\uff1b<\/li>\n<li>Diferente <em><strong><a href=\"https:\/\/fayshing.com\/pt-pt\/product\/29x33mm-caixa-de-joias-gancho-gancho-trava-trava-fs1084\/\">FS1084<\/a><\/strong><\/em>, o topo da coluna \u00e9 maior\uff1b<\/li>\n<li>Quantidade de furos (por conjunto): 4 furos;<\/li>\n<li>Di\u00e2metro do furo: 3,5 mm;<\/li>\n<li>Dist\u00e2ncia do centro do furo: 21mm;<\/li>\n<li>Cor: A cor pode ser personalizada. As cores padr\u00e3o s\u00e3o prata, ouro e bronze antigo.<\/li>\n<li>Existe uma quantidade m\u00ednima de encomenda, por favor <strong><em><a href=\"https:\/\/fayshing.com\/pt-pt\/contact-us\/\">contactar vendas<\/a><\/em><\/strong> para mais pormenores\uff1b<\/li>\n<\/ul>","protected":false},"excerpt":{"rendered":"<ul>\n<li>Caixa de presente de joias Caixa de presente de joias Bra\u00e7o esquerdo Swing Fecho trava Toggle Hasp 29 \u00d7 33mm \/ 1.14 \u00d7 1.30 polegadas\uff1b<\/li>\n<li>Quantidade de furos (por conjunto): 4 furos;<\/li>\n<li>Di\u00e2metro do furo: 3,5 mm;<\/li>\n<li>Dist\u00e2ncia do centro do furo: 21mm;<\/li>\n<\/ul>","protected":false},"featured_media":6050,"comment_status":"open","ping_status":"closed","template":"","meta":{"_acf_changed":false},"product_brand":[],"product_cat":[273,23],"product_tag":[],"class_list":{"0":"post-6049","1":"product","2":"type-product","3":"status-publish","4":"has-post-thumbnail","6":"product_cat-jewelry-box-latch-hasp","7":"product_cat-latches","8":"pa_material-zinc-alloy","9":"pa_surface-treatment-chrome","10":"pa_surface-treatment-golden","11":"description-off","13":"first","14":"instock","15":"shipping-taxable","16":"product-type-simple"},"acf":[],"_links":{"self":[{"href":"https:\/\/fayshing.com\/pt-pt\/wp-json\/wp\/v2\/product\/6049","targetHints":{"allow":["GET"]}}],"collection":[{"href":"https:\/\/fayshing.com\/pt-pt\/wp-json\/wp\/v2\/product"}],"about":[{"href":"https:\/\/fayshing.com\/pt-pt\/wp-json\/wp\/v2\/types\/product"}],"replies":[{"embeddable":true,"href":"https:\/\/fayshing.com\/pt-pt\/wp-json\/wp\/v2\/comments?post=6049"}],"wp:featuredmedia":[{"embeddable":true,"href":"https:\/\/fayshing.com\/pt-pt\/wp-json\/wp\/v2\/media\/6050"}],"wp:attachment":[{"href":"https:\/\/fayshing.com\/pt-pt\/wp-json\/wp\/v2\/media?parent=6049"}],"wp:term":[{"taxonomy":"product_brand","embeddable":true,"href":"https:\/\/fayshing.com\/pt-pt\/wp-json\/wp\/v2\/product_brand?post=6049"},{"taxonomy":"product_cat","embeddable":true,"href":"https:\/\/fayshing.com\/pt-pt\/wp-json\/wp\/v2\/product_cat?post=6049"},{"taxonomy":"product_tag","embeddable":true,"href":"https:\/\/fayshing.com\/pt-pt\/wp-json\/wp\/v2\/product_tag?post=6049"}],"curies":[{"name":"wp","href":"https:\/\/api.w.org\/{rel}","templated":true}]}}