{"id":6037,"date":"2025-02-12T10:10:11","date_gmt":"2025-02-12T02:10:11","guid":{"rendered":"https:\/\/fayshing.com\/?post_type=product&#038;p=6037"},"modified":"2025-08-08T16:04:52","modified_gmt":"2025-08-08T08:04:52","slug":"caixa-de-madeira-com-fecho-de-seguranca-grande-fs1143","status":"publish","type":"product","link":"https:\/\/fayshing.com\/pt-pt\/product\/caixa-de-madeira-com-fecho-de-seguranca-grande-fs1143\/","title":{"rendered":"Caixa de madeira com fecho de ferrolho - Grande FS1143"},"content":{"rendered":"<p data-start=\"143\" data-end=\"409\">O <strong data-start=\"147\" data-end=\"184\">FS1143 Caixa de madeira com fecho de ferrolho<\/strong> \u00e9 uma solu\u00e7\u00e3o de hardware robusta e elegante para fixar grandes caixas de madeira, ba\u00fas, caixas de arruma\u00e7\u00e3o e ba\u00fas decorativos. Medi\u00e7\u00e3o <strong data-start=\"316\" data-end=\"329\">74 \u00d7 45mm<\/strong>O fecho \u00e9 fi\u00e1vel e confere um toque de requinte ao seu projeto.<\/p>\n<p data-start=\"411\" data-end=\"726\">Fabricado em <strong data-start=\"424\" data-end=\"441\">a\u00e7o dur\u00e1vel<\/strong> e dispon\u00edvel em <strong data-start=\"459\" data-end=\"469\">dourado<\/strong>, <strong data-start=\"471\" data-end=\"481\">cromo<\/strong>, ou <strong data-start=\"486\" data-end=\"495\">preto<\/strong> Com acabamentos de alta qualidade, o FS1143 oferece resist\u00eancia e versatilidade est\u00e9tica. O seu design de montagem em superf\u00edcie permite uma instala\u00e7\u00e3o r\u00e1pida e f\u00e1cil numa variedade de materiais de caixa, tornando-o ideal para aplica\u00e7\u00f5es funcionais e decorativas.<\/p>\n<p data-start=\"728\" data-end=\"747\"><strong data-start=\"728\" data-end=\"745\">Carater\u00edsticas principais:<\/strong><\/p>\n<ul data-start=\"748\" data-end=\"1041\">\n<li data-start=\"748\" data-end=\"772\">\n<p data-start=\"750\" data-end=\"772\">C\u00f3digo do produto: FS1143<\/p>\n<\/li>\n<li data-start=\"773\" data-end=\"821\">\n<p data-start=\"775\" data-end=\"821\">Tipo: Fechadura com ferrolho grande para caixas de madeira<\/p>\n<\/li>\n<li data-start=\"822\" data-end=\"841\">\n<p data-start=\"824\" data-end=\"841\">Tamanho: 74 \u00d7 45 mm<\/p>\n<\/li>\n<li data-start=\"842\" data-end=\"861\">\n<p data-start=\"844\" data-end=\"861\">Material: A\u00e7o<\/p>\n<\/li>\n<li data-start=\"862\" data-end=\"905\">\n<p data-start=\"864\" data-end=\"905\">Op\u00e7\u00f5es de acabamento: Dourado \/ Cromado \/ Preto<\/p>\n<\/li>\n<li data-start=\"906\" data-end=\"947\">\n<p data-start=\"908\" data-end=\"947\">Montagem \u00e0 superf\u00edcie para uma instala\u00e7\u00e3o f\u00e1cil<\/p>\n<\/li>\n<li data-start=\"948\" data-end=\"1041\">\n<p data-start=\"950\" data-end=\"1041\">Aplica\u00e7\u00f5es: Ba\u00fas de madeira, caixas de arruma\u00e7\u00e3o, ba\u00fas de oferta, projectos de artesanato, caixas decorativas<\/p>\n<\/li>\n<\/ul>\n<p data-start=\"1043\" data-end=\"1184\">Quer esteja a construir uma nova arca de arruma\u00e7\u00e3o ou a restaurar uma caixa antiga, a FS1143 fornece <strong data-start=\"1135\" data-end=\"1181\">fixa\u00e7\u00e3o segura e um acabamento profissional<\/strong>.<\/p>","protected":false},"excerpt":{"rendered":"<ul>\n<li>Caixa de madeira com fecho de ferrolho - Grande<\/li>\n<li>A\u00e7o<\/li>\n<li>Acabamento: Dourado \/ Cromado \/ Preto<\/li>\n<li>Tamanho: 74 \u00d7 45 mm<\/li>\n<\/ul>","protected":false},"featured_media":6038,"comment_status":"open","ping_status":"closed","template":"","meta":{"_acf_changed":false},"product_brand":[],"product_cat":[162,23],"product_tag":[],"class_list":{"0":"post-6037","1":"product","2":"type-product","3":"status-publish","4":"has-post-thumbnail","6":"product_cat-briefcase-draw-latches","7":"product_cat-latches","8":"pa_material-steel","9":"pa_surface-treatment-blue-zinc","10":"pa_surface-treatment-chrome","11":"pa_surface-treatment-golden","12":"description-off","14":"first","15":"instock","16":"shipping-taxable","17":"product-type-simple"},"acf":[],"_links":{"self":[{"href":"https:\/\/fayshing.com\/pt-pt\/wp-json\/wp\/v2\/product\/6037","targetHints":{"allow":["GET"]}}],"collection":[{"href":"https:\/\/fayshing.com\/pt-pt\/wp-json\/wp\/v2\/product"}],"about":[{"href":"https:\/\/fayshing.com\/pt-pt\/wp-json\/wp\/v2\/types\/product"}],"replies":[{"embeddable":true,"href":"https:\/\/fayshing.com\/pt-pt\/wp-json\/wp\/v2\/comments?post=6037"}],"wp:featuredmedia":[{"embeddable":true,"href":"https:\/\/fayshing.com\/pt-pt\/wp-json\/wp\/v2\/media\/6038"}],"wp:attachment":[{"href":"https:\/\/fayshing.com\/pt-pt\/wp-json\/wp\/v2\/media?parent=6037"}],"wp:term":[{"taxonomy":"product_brand","embeddable":true,"href":"https:\/\/fayshing.com\/pt-pt\/wp-json\/wp\/v2\/product_brand?post=6037"},{"taxonomy":"product_cat","embeddable":true,"href":"https:\/\/fayshing.com\/pt-pt\/wp-json\/wp\/v2\/product_cat?post=6037"},{"taxonomy":"product_tag","embeddable":true,"href":"https:\/\/fayshing.com\/pt-pt\/wp-json\/wp\/v2\/product_tag?post=6037"}],"curies":[{"name":"wp","href":"https:\/\/api.w.org\/{rel}","templated":true}]}}