{"id":6032,"date":"2025-02-12T09:46:01","date_gmt":"2025-02-12T01:46:01","guid":{"rendered":"https:\/\/fayshing.com\/?post_type=product&#038;p=6032"},"modified":"2025-08-08T17:14:56","modified_gmt":"2025-08-08T09:14:56","slug":"tool-box-hasp-latch-lock-with-padlock-fs-1039","status":"publish","type":"product","link":"https:\/\/fayshing.com\/pt-pt\/product\/tool-box-hasp-latch-lock-with-padlock-fs-1039\/","title":{"rendered":"Caixa de ferramentas Fecho de trinco com cadeado FS-1039"},"content":{"rendered":"<p data-start=\"160\" data-end=\"448\">O <strong data-start=\"164\" data-end=\"200\">FS-1039 Fecho de trinco com ferrolho da caixa de ferramentas<\/strong> \u00e9 uma solu\u00e7\u00e3o de fecho resistente concebida para caixas de ferramentas, ba\u00fas de armazenamento, caixas de equipamento e outros contentores que exijam uma fixa\u00e7\u00e3o segura. Equipado com um <strong data-start=\"357\" data-end=\"373\">fecho de cadeado<\/strong>O cadeado de seguran\u00e7a \u00e9 um cadeado normal, que permite uma camada adicional de seguran\u00e7a.<\/p>\n<p data-start=\"450\" data-end=\"743\">Fabricado em <strong data-start=\"460\" data-end=\"477\">a\u00e7o dur\u00e1vel<\/strong> e dispon\u00edvel em <strong data-start=\"495\" data-end=\"505\">cromo<\/strong>, <strong data-start=\"507\" data-end=\"517\">dourado<\/strong>, ou <strong data-start=\"522\" data-end=\"531\">preto<\/strong> o FS-1039 combina resist\u00eancia com um aspeto profissional. Possui as seguintes carater\u00edsticas <strong data-start=\"616\" data-end=\"636\">7 orif\u00edcios de montagem<\/strong> com um <strong data-start=\"644\" data-end=\"663\">Furo de 3,5 mm<\/strong>A sua estrutura de suporte \u00e9 de f\u00e1cil acesso, assegurando uma instala\u00e7\u00e3o firme e est\u00e1vel numa variedade de materiais de caixas ou inv\u00f3lucros.<\/p>\n<p data-start=\"745\" data-end=\"764\"><strong data-start=\"745\" data-end=\"762\">Carater\u00edsticas principais:<\/strong><\/p>\n<ul data-start=\"765\" data-end=\"1059\">\n<li data-start=\"765\" data-end=\"790\">\n<p data-start=\"767\" data-end=\"790\">C\u00f3digo do produto: FS-1039<\/p>\n<\/li>\n<li data-start=\"791\" data-end=\"848\">\n<p data-start=\"793\" data-end=\"848\">Tipo: Fechadura de ferrolho de caixa de ferramentas com cadeado<\/p>\n<\/li>\n<li data-start=\"849\" data-end=\"868\">\n<p data-start=\"851\" data-end=\"868\">Material: A\u00e7o<\/p>\n<\/li>\n<li data-start=\"869\" data-end=\"912\">\n<p data-start=\"871\" data-end=\"912\">Op\u00e7\u00f5es de acabamento: Cromado \/ Dourado \/ Preto<\/p>\n<\/li>\n<li data-start=\"913\" data-end=\"961\">\n<p data-start=\"915\" data-end=\"961\">Orif\u00edcios de montagem: 7 orif\u00edcios para uma fixa\u00e7\u00e3o segura<\/p>\n<\/li>\n<li data-start=\"962\" data-end=\"982\">\n<p data-start=\"964\" data-end=\"982\">Tamanho do furo: 3,5 mm<\/p>\n<\/li>\n<li data-start=\"983\" data-end=\"1059\">\n<p data-start=\"985\" data-end=\"1059\">Aplica\u00e7\u00f5es: Caixas de ferramentas, ba\u00fas de arruma\u00e7\u00e3o, estojos de equipamento, caixas de utilidades<\/p>\n<\/li>\n<\/ul>\n<p data-start=\"1061\" data-end=\"1231\">O FS-1039 \u00e9 ideal para <strong data-start=\"1086\" data-end=\"1128\">construtores, reparadores e fabricantes<\/strong> \u00e0 procura de um <strong data-start=\"1139\" data-end=\"1166\">trinco dur\u00e1vel e bloque\u00e1vel<\/strong> que resista a uma utiliza\u00e7\u00e3o frequente e proporcione uma seguran\u00e7a fi\u00e1vel.<\/p>","protected":false},"excerpt":{"rendered":"<ul>\n<li>Caixa de ferramentas com fecho de seguran\u00e7a com cadeado;<\/li>\n<li>7 furos de montagem\uff1b<\/li>\n<li>A\u00e7o;<\/li>\n<li>Tamanho do orif\u00edcio de montagem 3,5 mm;<\/li>\n<li>Acabamento: Cromado \/ Dourado \/ Preto;<\/li>\n<\/ul>","protected":false},"featured_media":6033,"comment_status":"open","ping_status":"closed","template":"","meta":{"_acf_changed":false},"product_brand":[],"product_cat":[162,23],"product_tag":[],"class_list":{"0":"post-6032","1":"product","2":"type-product","3":"status-publish","4":"has-post-thumbnail","6":"product_cat-briefcase-draw-latches","7":"product_cat-latches","8":"pa_material-steel","9":"pa_surface-treatment-black","10":"pa_surface-treatment-chrome","11":"pa_surface-treatment-golden","12":"description-off","14":"first","15":"instock","16":"shipping-taxable","17":"product-type-simple"},"acf":[],"_links":{"self":[{"href":"https:\/\/fayshing.com\/pt-pt\/wp-json\/wp\/v2\/product\/6032","targetHints":{"allow":["GET"]}}],"collection":[{"href":"https:\/\/fayshing.com\/pt-pt\/wp-json\/wp\/v2\/product"}],"about":[{"href":"https:\/\/fayshing.com\/pt-pt\/wp-json\/wp\/v2\/types\/product"}],"replies":[{"embeddable":true,"href":"https:\/\/fayshing.com\/pt-pt\/wp-json\/wp\/v2\/comments?post=6032"}],"wp:featuredmedia":[{"embeddable":true,"href":"https:\/\/fayshing.com\/pt-pt\/wp-json\/wp\/v2\/media\/6033"}],"wp:attachment":[{"href":"https:\/\/fayshing.com\/pt-pt\/wp-json\/wp\/v2\/media?parent=6032"}],"wp:term":[{"taxonomy":"product_brand","embeddable":true,"href":"https:\/\/fayshing.com\/pt-pt\/wp-json\/wp\/v2\/product_brand?post=6032"},{"taxonomy":"product_cat","embeddable":true,"href":"https:\/\/fayshing.com\/pt-pt\/wp-json\/wp\/v2\/product_cat?post=6032"},{"taxonomy":"product_tag","embeddable":true,"href":"https:\/\/fayshing.com\/pt-pt\/wp-json\/wp\/v2\/product_tag?post=6032"}],"curies":[{"name":"wp","href":"https:\/\/api.w.org\/{rel}","templated":true}]}}