{"id":5630,"date":"2024-12-02T17:09:00","date_gmt":"2024-12-02T09:09:00","guid":{"rendered":"https:\/\/fayshing.com\/?post_type=product&#038;p=5630"},"modified":"2025-09-25T09:34:33","modified_gmt":"2025-09-25T01:34:33","slug":"fs1211-trinco-de-torcao-tipo-borboleta-grande-encastrado-com-desvio","status":"publish","type":"product","link":"https:\/\/fayshing.com\/pt-pt\/product\/fs1211-trinco-de-torcao-tipo-borboleta-grande-encastrado-com-desvio\/","title":{"rendered":"FS1211 Fecho de tor\u00e7\u00e3o tipo borboleta grande encastrado com desvio"},"content":{"rendered":"<p data-start=\"217\" data-end=\"454\">O <strong data-start=\"221\" data-end=\"280\">FS1211 Fecho de tor\u00e7\u00e3o tipo borboleta grande encastrado com desvio<\/strong> \u00e9 um produto resistente <strong data-start=\"297\" data-end=\"321\">ferragem do fecho de tor\u00e7\u00e3o<\/strong> solu\u00e7\u00e3o concebida para grandes caixas de transporte a\u00e9reo, caixas de transporte rodovi\u00e1rio e caixas industriais que requerem um fecho forte, seguro e bloque\u00e1vel.<\/p>\n<p data-start=\"456\" data-end=\"822\">Com um <strong data-start=\"468\" data-end=\"494\">Prato raso com 1\/2\u2033 de profundidade<\/strong> com integra\u00e7\u00e3o <strong data-start=\"511\" data-end=\"530\">suporte para cadeado<\/strong>O FS1211 proporciona um funcionamento f\u00e1cil e uma seguran\u00e7a refor\u00e7ada. O seu <strong data-start=\"599\" data-end=\"616\">conce\u00e7\u00e3o offset<\/strong> permite um alinhamento preciso durante o engate, enquanto o <strong data-start=\"671\" data-end=\"692\">14 orif\u00edcios de montagem<\/strong> asseguram uma estabilidade m\u00e1xima. A pega do trinco inclui <strong data-start=\"745\" data-end=\"770\">Furos de montagem de \u03a65,2 mm<\/strong>tornando-o adequado para a constru\u00e7\u00e3o de caixas robustas.<\/p>\n<p data-start=\"824\" data-end=\"1043\">Fabricado em a\u00e7o de alta qualidade com um acabamento profissional, o FS1211 foi concebido para suportar as exig\u00eancias do transporte frequente e da utiliza\u00e7\u00e3o pesada, enquanto o design rebaixado protege o trinco de impactos acidentais e de entalamento.<\/p>\n<p data-start=\"1045\" data-end=\"1064\"><strong data-start=\"1045\" data-end=\"1062\">Carater\u00edsticas principais:<\/strong><\/p>\n<ul data-start=\"1065\" data-end=\"1445\">\n<li data-start=\"1065\" data-end=\"1089\">\n<p data-start=\"1067\" data-end=\"1089\">C\u00f3digo do produto: FS1211<\/p>\n<\/li>\n<li data-start=\"1090\" data-end=\"1148\">\n<p data-start=\"1092\" data-end=\"1148\">Tipo: Fecho de tor\u00e7\u00e3o tipo borboleta de grande dimens\u00e3o com desvio<\/p>\n<\/li>\n<li data-start=\"1149\" data-end=\"1215\">\n<p data-start=\"1151\" data-end=\"1215\">Profundidade do prato: prato raso de 1\/2\u2033 - de baixo perfil e resistente a obst\u00e1culos<\/p>\n<\/li>\n<li data-start=\"1216\" data-end=\"1259\">\n<p data-start=\"1218\" data-end=\"1259\">Bloqueio: Pode ser fechado com cadeado para maior seguran\u00e7a<\/p>\n<\/li>\n<li data-start=\"1260\" data-end=\"1281\">\n<p data-start=\"1262\" data-end=\"1281\">Tamanho do furo: \u03a65.2mm<\/p>\n<\/li>\n<li data-start=\"1282\" data-end=\"1311\">\n<p data-start=\"1284\" data-end=\"1311\">Tamanho total: 174 \u00d7 127 mm<\/p>\n<\/li>\n<li data-start=\"1312\" data-end=\"1358\">\n<p data-start=\"1314\" data-end=\"1358\">Fixa\u00e7\u00e3o: 14 orif\u00edcios para uma instala\u00e7\u00e3o segura<\/p>\n<\/li>\n<li data-start=\"1359\" data-end=\"1445\">\n<p data-start=\"1361\" data-end=\"1445\">Aplica\u00e7\u00f5es: Malas de voo de grandes dimens\u00f5es, malas de estrada, arm\u00e1rios para altifalantes, armazenamento industrial<\/p>\n<\/li>\n<\/ul>\n<p data-start=\"1447\" data-end=\"1588\">O FS1211 oferece <strong data-start=\"1465\" data-end=\"1520\">m\u00e1xima resist\u00eancia, seguran\u00e7a e design profissional<\/strong>tornando-o uma escolha de topo para aplica\u00e7\u00f5es exigentes de constru\u00e7\u00e3o de caixas.<\/p>\n<p data-start=\"1447\" data-end=\"1588\"><h2 id=\"tablepress-3-name\" class=\"tablepress-table-name tablepress-table-name-id-3\">Fecho de embutir grande<\/h2>\n\n<table id=\"tablepress-3\" class=\"tablepress tablepress-id-3\" aria-labelledby=\"tablepress-3-name\">\n<thead>\n<tr class=\"row-1\">\n\t<th class=\"column-1\"><strong>N\u00famero da pe\u00e7a<\/strong><\/th><th class=\"column-2\"><strong>Desenho<\/strong><\/th><th class=\"column-3\"><strong>Acabamento<\/strong><\/th><th class=\"column-4\"><strong>Bloque\u00e1vel<\/strong><\/th><th class=\"column-5\"><strong>Desvio<\/strong><\/th>\n<\/tr>\n<\/thead>\n<tbody class=\"row-striping row-hover\">\n<tr class=\"row-2\">\n\t<td class=\"column-1\"><a href=\"https:\/\/fayshing.com\/pt-pt\/product\/fs1211-trinco-de-torcao-tipo-borboleta-grande-encastrado-com-desvio\/\">FS1211<\/a><\/td><td class=\"column-2\"><a href=\"https:\/\/fayshing.com\/wp-content\/uploads\/FS1211-Large-Recessed-Butterfly-Twist-Latch-with-Offset-Size.jpg\"><img decoding=\"async\" src=\"https:\/\/fayshing.com\/wp-content\/uploads\/FS1211-Large-Recessed-Butterfly-Twist-Latch-with-Offset-Size-300x300.jpg\" alt=\"FS1211 Fecho de tor\u00e7\u00e3o de borboleta grande encastrado com tamanho deslocado\" width=\"60\" height=\"60\" class=\"alignnone size-medium wp-image-6215\" title=\"\" srcset=\"https:\/\/fayshing.com\/wp-content\/uploads\/FS1211-Large-Recessed-Butterfly-Twist-Latch-with-Offset-Size-300x300.jpg 300w, https:\/\/fayshing.com\/wp-content\/uploads\/FS1211-Large-Recessed-Butterfly-Twist-Latch-with-Offset-Size-150x150.jpg 150w, https:\/\/fayshing.com\/wp-content\/uploads\/FS1211-Large-Recessed-Butterfly-Twist-Latch-with-Offset-Size-768x768.jpg 768w, https:\/\/fayshing.com\/wp-content\/uploads\/FS1211-Large-Recessed-Butterfly-Twist-Latch-with-Offset-Size-12x12.jpg 12w, https:\/\/fayshing.com\/wp-content\/uploads\/FS1211-Large-Recessed-Butterfly-Twist-Latch-with-Offset-Size-600x600.jpg 600w, https:\/\/fayshing.com\/wp-content\/uploads\/FS1211-Large-Recessed-Butterfly-Twist-Latch-with-Offset-Size-200x200.jpg 200w, https:\/\/fayshing.com\/wp-content\/uploads\/FS1211-Large-Recessed-Butterfly-Twist-Latch-with-Offset-Size.jpg 1000w\" sizes=\"(max-width: 60px) 100vw, 60px\" \/><\/a><\/td><td class=\"column-3\"><\/td><td class=\"column-4\">Cadeado<\/td><td class=\"column-5\">Sim<\/td>\n<\/tr>\n<tr class=\"row-3\">\n\t<td class=\"column-1\"><a href=\"https:\/\/fayshing.com\/pt-pt\/product\/157x127mm-large-recessed-butterfly-twist-latch-in-offset-dish-with-padlock-ring-fs-1113\/\">FS1113<\/a><\/td><td class=\"column-2\"><a href=\"https:\/\/fayshing.com\/wp-content\/uploads\/Large-Recessed-Butterfly-Twist-Latch-in-Offset-Dish-with-Padlock-Ring-FS-1113.jpg\"><img decoding=\"async\" src=\"https:\/\/fayshing.com\/wp-content\/uploads\/Large-Recessed-Butterfly-Twist-Latch-in-Offset-Dish-with-Padlock-Ring-FS-1113-300x300.jpg\" alt=\"Grande trinco de tor\u00e7\u00e3o em forma de borboleta embutido em prato de compensa\u00e7\u00e3o com anel de cadeado\" width=\"60\" height=\"60\" class=\"alignnone size-medium wp-image-6218\" title=\"\" srcset=\"https:\/\/fayshing.com\/wp-content\/uploads\/Large-Recessed-Butterfly-Twist-Latch-in-Offset-Dish-with-Padlock-Ring-FS-1113-300x300.jpg 300w, https:\/\/fayshing.com\/wp-content\/uploads\/Large-Recessed-Butterfly-Twist-Latch-in-Offset-Dish-with-Padlock-Ring-FS-1113-150x150.jpg 150w, https:\/\/fayshing.com\/wp-content\/uploads\/Large-Recessed-Butterfly-Twist-Latch-in-Offset-Dish-with-Padlock-Ring-FS-1113-768x768.jpg 768w, https:\/\/fayshing.com\/wp-content\/uploads\/Large-Recessed-Butterfly-Twist-Latch-in-Offset-Dish-with-Padlock-Ring-FS-1113-12x12.jpg 12w, https:\/\/fayshing.com\/wp-content\/uploads\/Large-Recessed-Butterfly-Twist-Latch-in-Offset-Dish-with-Padlock-Ring-FS-1113-600x600.jpg 600w, https:\/\/fayshing.com\/wp-content\/uploads\/Large-Recessed-Butterfly-Twist-Latch-in-Offset-Dish-with-Padlock-Ring-FS-1113-200x200.jpg 200w, https:\/\/fayshing.com\/wp-content\/uploads\/Large-Recessed-Butterfly-Twist-Latch-in-Offset-Dish-with-Padlock-Ring-FS-1113.jpg 1000w\" sizes=\"(max-width: 60px) 100vw, 60px\" \/><\/a><\/td><td class=\"column-3\">cromada<\/td><td class=\"column-4\">Cadeado<\/td><td class=\"column-5\">Sim<\/td>\n<\/tr>\n<tr class=\"row-4\">\n\t<td class=\"column-1\"><a href=\"https:\/\/fayshing.com\/pt-pt\/product\/157x127mm-large-recessed-butterfly-twist-latch-in-offset-dish-fs-1114\/\">FS1114<\/a><\/td><td class=\"column-2\"><a href=\"https:\/\/fayshing.com\/wp-content\/uploads\/2022\/05\/FS1114-5.jpg\"><img decoding=\"async\" src=\"https:\/\/fayshing.com\/wp-content\/uploads\/2022\/05\/FS1114-5-300x300.jpg\" alt=\"Grande trinco de tor\u00e7\u00e3o em forma de borboleta embutido em prato de compensa\u00e7\u00e3o\" width=\"60\" height=\"60\" class=\"alignnone size-medium wp-image-2952\" title=\"\" srcset=\"https:\/\/fayshing.com\/wp-content\/uploads\/2022\/05\/FS1114-5-300x300.jpg 300w, https:\/\/fayshing.com\/wp-content\/uploads\/2022\/05\/FS1114-5-200x200.jpg 200w, https:\/\/fayshing.com\/wp-content\/uploads\/2022\/05\/FS1114-5-600x600.jpg 600w, https:\/\/fayshing.com\/wp-content\/uploads\/2022\/05\/FS1114-5-64x64.jpg 64w, https:\/\/fayshing.com\/wp-content\/uploads\/2022\/05\/FS1114-5-150x150.jpg 150w, https:\/\/fayshing.com\/wp-content\/uploads\/2022\/05\/FS1114-5-768x768.jpg 768w, https:\/\/fayshing.com\/wp-content\/uploads\/2022\/05\/FS1114-5-100x100.jpg 100w, https:\/\/fayshing.com\/wp-content\/uploads\/2022\/05\/FS1114-5.jpg 800w\" sizes=\"(max-width: 60px) 100vw, 60px\" \/><\/a><\/td><td class=\"column-3\">cromada<\/td><td class=\"column-4\">N\u00c3O<\/td><td class=\"column-5\">Sim<\/td>\n<\/tr>\n<tr class=\"row-5\">\n\t<td class=\"column-1\"><a href=\"https:\/\/fayshing.com\/pt-pt\/product\/157x127mm-large-recessed-butterfly-twist-latch-in-offset-dish-with-padlock-feature-fs-1115\/\">FS1115<\/a><\/td><td class=\"column-2\"><a href=\"https:\/\/fayshing.com\/wp-content\/uploads\/2022\/05\/FS1115-6.jpg\"><img loading=\"lazy\" decoding=\"async\" src=\"https:\/\/fayshing.com\/wp-content\/uploads\/2022\/05\/FS1115-6-300x300.jpg\" alt=\"Grande trinco de tor\u00e7\u00e3o tipo borboleta embutido com prato deslocado e fun\u00e7\u00e3o de cadeado\" width=\"60\" height=\"60\" class=\"alignnone size-medium wp-image-2950\" title=\"\" srcset=\"https:\/\/fayshing.com\/wp-content\/uploads\/2022\/05\/FS1115-6-300x300.jpg 300w, https:\/\/fayshing.com\/wp-content\/uploads\/2022\/05\/FS1115-6-200x200.jpg 200w, https:\/\/fayshing.com\/wp-content\/uploads\/2022\/05\/FS1115-6-600x600.jpg 600w, https:\/\/fayshing.com\/wp-content\/uploads\/2022\/05\/FS1115-6-64x64.jpg 64w, https:\/\/fayshing.com\/wp-content\/uploads\/2022\/05\/FS1115-6-150x150.jpg 150w, https:\/\/fayshing.com\/wp-content\/uploads\/2022\/05\/FS1115-6-768x768.jpg 768w, https:\/\/fayshing.com\/wp-content\/uploads\/2022\/05\/FS1115-6-100x100.jpg 100w, https:\/\/fayshing.com\/wp-content\/uploads\/2022\/05\/FS1115-6.jpg 800w\" sizes=\"(max-width: 60px) 100vw, 60px\" \/><\/a><\/td><td class=\"column-3\">cromada<\/td><td class=\"column-4\">Cadeado<\/td><td class=\"column-5\">Sim<\/td>\n<\/tr>\n<tr class=\"row-6\">\n\t<td class=\"column-1\"><a href=\"https:\/\/fayshing.com\/pt-pt\/product\/fs1212-large-recessed-butterfly-twist-latch\/\">FS1212<\/a><\/td><td class=\"column-2\"><\/td><td class=\"column-3\">cromada<\/td><td class=\"column-4\">N\u00c3O<\/td><td class=\"column-5\">N\u00c3O<\/td>\n<\/tr>\n<\/tbody>\n<\/table>\n<!-- #tablepress-3 from cache --><\/p>\n<h3>FS1211 Desenhos CAD detalhados<\/h3>\n<p><iframe title=\"FAYSHING | Flight Case Fecho de borboleta embutido\" width=\"1200\" height=\"675\" src=\"https:\/\/www.youtube.com\/embed\/aTp86AjsHpU?feature=oembed&#038;enablejsapi=1&#038;origin=https:\/\/fayshing.com\" frameborder=\"0\" allow=\"accelerometer; autoplay; clipboard-write; encrypted-media; gyroscope; picture-in-picture; web-share\" referrerpolicy=\"strict-origin-when-cross-origin\" allowfullscreen><\/iframe><\/p>\n<p>&nbsp;<\/p>","protected":false},"excerpt":{"rendered":"<ul>\n<li>Trinco de tor\u00e7\u00e3o de borboleta grande embutido com deslocamento; \uff08LogotipoFS\uff09<\/li>\n<li>Prato raso com 1\/2\u2033 de profundidade;<\/li>\n<li>Prato com cadeado;<\/li>\n<li>\u03a65.2mm Tamanho do furo;<\/li>\n<li>Tamanho 174 \u00d7 127 mm;<\/li>\n<li>14 orif\u00edcios de montagem;<\/li>\n<\/ul>","protected":false},"featured_media":5632,"comment_status":"open","ping_status":"closed","template":"","meta":{"_acf_changed":false},"product_brand":[],"product_cat":[23,116],"product_tag":[],"class_list":{"0":"post-5630","1":"product","2":"type-product","3":"status-publish","4":"has-post-thumbnail","6":"product_cat-latches","7":"product_cat-recessed-twist-latches","8":"pa_material-iron","9":"pa_surface-treatment-black","10":"pa_surface-treatment-blue-zinc","11":"pa_surface-treatment-chrome","12":"description-off","14":"first","15":"instock","16":"shipping-taxable","17":"product-type-simple"},"acf":[],"_links":{"self":[{"href":"https:\/\/fayshing.com\/pt-pt\/wp-json\/wp\/v2\/product\/5630","targetHints":{"allow":["GET"]}}],"collection":[{"href":"https:\/\/fayshing.com\/pt-pt\/wp-json\/wp\/v2\/product"}],"about":[{"href":"https:\/\/fayshing.com\/pt-pt\/wp-json\/wp\/v2\/types\/product"}],"replies":[{"embeddable":true,"href":"https:\/\/fayshing.com\/pt-pt\/wp-json\/wp\/v2\/comments?post=5630"}],"wp:featuredmedia":[{"embeddable":true,"href":"https:\/\/fayshing.com\/pt-pt\/wp-json\/wp\/v2\/media\/5632"}],"wp:attachment":[{"href":"https:\/\/fayshing.com\/pt-pt\/wp-json\/wp\/v2\/media?parent=5630"}],"wp:term":[{"taxonomy":"product_brand","embeddable":true,"href":"https:\/\/fayshing.com\/pt-pt\/wp-json\/wp\/v2\/product_brand?post=5630"},{"taxonomy":"product_cat","embeddable":true,"href":"https:\/\/fayshing.com\/pt-pt\/wp-json\/wp\/v2\/product_cat?post=5630"},{"taxonomy":"product_tag","embeddable":true,"href":"https:\/\/fayshing.com\/pt-pt\/wp-json\/wp\/v2\/product_tag?post=5630"}],"curies":[{"name":"wp","href":"https:\/\/api.w.org\/{rel}","templated":true}]}}