{"id":5601,"date":"2024-11-29T16:13:57","date_gmt":"2024-11-29T08:13:57","guid":{"rendered":"https:\/\/fayshing.com\/?post_type=product&#038;p=5601"},"modified":"2025-09-23T14:07:19","modified_gmt":"2025-09-23T06:07:19","slug":"fs1203-fecho-de-borboleta-pequeno-de-encastrar-com-cadeado","status":"publish","type":"product","link":"https:\/\/fayshing.com\/pt-pt\/product\/fs1203-fecho-de-borboleta-pequeno-de-encastrar-com-cadeado\/","title":{"rendered":"FS1203 Fecho de borboleta pequeno encastrado com cadeado"},"content":{"rendered":"<p data-start=\"188\" data-end=\"521\">O <strong data-start=\"192\" data-end=\"233\">FS1203 Fecho de borboleta pequeno de encastrar<\/strong> \u00e9 um sistema compacto e seguro <strong data-start=\"258\" data-end=\"282\">ferragem do fecho de tor\u00e7\u00e3o<\/strong> solu\u00e7\u00e3o concebida para pequenas malas de viagem, malas de estrada e caixas de equipamento port\u00e1teis. Com uma <strong data-start=\"380\" data-end=\"397\">conce\u00e7\u00e3o offset<\/strong> e um <strong data-start=\"404\" data-end=\"430\">Prato raso com 3\/8\u2033 de profundidade<\/strong>A sua forma \u00e9 de baixo perfil, o que reduz o risco de entalamento e protege o mecanismo de fecho.<\/p>\n<p data-start=\"523\" data-end=\"779\">Equipado com um <strong data-start=\"539\" data-end=\"558\">suporte para cadeado<\/strong>O FS1203 permite uma maior seguran\u00e7a quando necess\u00e1rio. Inclui <strong data-start=\"625\" data-end=\"648\">Furos de montagem de \u03a65mm<\/strong> e medidas <strong data-start=\"662\" data-end=\"675\">77 \u00d7 82 mm<\/strong>tornando-a ideal para malas leves a m\u00e9dias que requerem acessibilidade e prote\u00e7\u00e3o.<\/p>\n<p data-start=\"781\" data-end=\"800\"><strong data-start=\"781\" data-end=\"798\">Carater\u00edsticas principais:<\/strong><\/p>\n<ul data-start=\"801\" data-end=\"1125\">\n<li data-start=\"801\" data-end=\"825\">\n<p data-start=\"803\" data-end=\"825\">C\u00f3digo do produto: FS1203<\/p>\n<\/li>\n<li data-start=\"826\" data-end=\"884\">\n<p data-start=\"828\" data-end=\"884\">Tipo: Fecho de tor\u00e7\u00e3o tipo borboleta pequeno com desvio<\/p>\n<\/li>\n<li data-start=\"885\" data-end=\"951\">\n<p data-start=\"887\" data-end=\"951\">Profundidade do prato: prato raso de 3\/8\u2033 - perfil baixo e resistente a obst\u00e1culos<\/p>\n<\/li>\n<li data-start=\"952\" data-end=\"995\">\n<p data-start=\"954\" data-end=\"995\">Bloqueio: Pode ser fechado com cadeado para maior seguran\u00e7a<\/p>\n<\/li>\n<li data-start=\"996\" data-end=\"1015\">\n<p data-start=\"998\" data-end=\"1015\">Tamanho do furo: \u03a65mm<\/p>\n<\/li>\n<li data-start=\"1016\" data-end=\"1043\">\n<p data-start=\"1018\" data-end=\"1043\">Tamanho total: 77 \u00d7 82 mm<\/p>\n<\/li>\n<li data-start=\"1044\" data-end=\"1125\">\n<p data-start=\"1046\" data-end=\"1125\">Aplica\u00e7\u00f5es: Malas de voo pequenas, malas de viagem, malas para instrumentos, caixas de arruma\u00e7\u00e3o<\/p>\n<\/li>\n<\/ul>\n<p data-start=\"1127\" data-end=\"1289\">A FS1203 \u00e9 a escolha perfeita para <strong data-start=\"1164\" data-end=\"1201\">construtores de casos e projectos de repara\u00e7\u00e3o<\/strong> \u00e0 procura de um <strong data-start=\"1212\" data-end=\"1276\">hardware de fecho de tor\u00e7\u00e3o compacto, seguro e de qualidade profissional<\/strong> componente.<\/p>\n<p data-start=\"1127\" data-end=\"1289\"><h2 id=\"tablepress-1-name\" class=\"tablepress-table-name tablepress-table-name-id-1\">Trinco pequeno de encastrar<\/h2>\n\n<table id=\"tablepress-1\" class=\"tablepress tablepress-id-1\" aria-labelledby=\"tablepress-1-name\">\n<thead>\n<tr class=\"row-1\">\n\t<th class=\"column-1\"><strong>N\u00famero da pe\u00e7a<\/strong><\/th><th class=\"column-2\"><strong>Desenho<\/strong><\/th><th class=\"column-3\"><strong>Acabamento<\/strong><\/th><th class=\"column-4\"><strong>Bloque\u00e1vel<\/strong><\/th><th class=\"column-5\"><strong>Desvio<\/strong><\/th>\n<\/tr>\n<\/thead>\n<tbody class=\"row-striping row-hover\">\n<tr class=\"row-2\">\n\t<td class=\"column-1\"><a href=\"https:\/\/fayshing.com\/pt-pt\/product\/fs1202-trinco-pequeno-para-mala-de-estrada-encastrada\/\">FS1202<\/a><\/td><td class=\"column-2\"><a href=\"https:\/\/fayshing.com\/wp-content\/uploads\/FS1202-Small-Recessed-Road-Case-Latch-1.jpg\"><img decoding=\"async\" src=\"https:\/\/fayshing.com\/wp-content\/uploads\/FS1202-Small-Recessed-Road-Case-Latch-1-300x300.jpg\" alt=\"FS1202 Trinco de mala de estrada pequeno e encastrado\" width=\"60\" height=\"60\" class=\"alignnone size-medium wp-image-6217\" title=\"\" srcset=\"https:\/\/fayshing.com\/wp-content\/uploads\/FS1202-Small-Recessed-Road-Case-Latch-1-300x300.jpg 300w, https:\/\/fayshing.com\/wp-content\/uploads\/FS1202-Small-Recessed-Road-Case-Latch-1-150x150.jpg 150w, https:\/\/fayshing.com\/wp-content\/uploads\/FS1202-Small-Recessed-Road-Case-Latch-1-768x768.jpg 768w, https:\/\/fayshing.com\/wp-content\/uploads\/FS1202-Small-Recessed-Road-Case-Latch-1-12x12.jpg 12w, https:\/\/fayshing.com\/wp-content\/uploads\/FS1202-Small-Recessed-Road-Case-Latch-1-600x600.jpg 600w, https:\/\/fayshing.com\/wp-content\/uploads\/FS1202-Small-Recessed-Road-Case-Latch-1-200x200.jpg 200w, https:\/\/fayshing.com\/wp-content\/uploads\/FS1202-Small-Recessed-Road-Case-Latch-1.jpg 1000w\" sizes=\"(max-width: 60px) 100vw, 60px\" \/><\/a><\/td><td class=\"column-3\">cromada<\/td><td class=\"column-4\">N\u00e3o<\/td><td class=\"column-5\">N\u00c3O<\/td>\n<\/tr>\n<tr class=\"row-3\">\n\t<td class=\"column-1\"><a href=\"https:\/\/fayshing.com\/pt-pt\/product\/fs1203-fecho-de-borboleta-pequeno-de-encastrar-com-cadeado\/\">FS1203<\/a><\/td><td class=\"column-2\"><a href=\"https:\/\/fayshing.com\/wp-content\/uploads\/FS1203-Small-Recessed-Butterfly-Latch\u200b-With-Padlock-1.jpg\"><img decoding=\"async\" src=\"https:\/\/fayshing.com\/wp-content\/uploads\/FS1203-Small-Recessed-Butterfly-Latch\u200b-With-Padlock-1-300x300.jpg\" alt=\"Pequeno fecho de borboleta embutido com cadeado em desenho CAD pormenorizado\" width=\"60\" height=\"60\" class=\"alignnone size-medium wp-image-6216\" title=\"\" srcset=\"https:\/\/fayshing.com\/wp-content\/uploads\/FS1203-Small-Recessed-Butterfly-Latch\u200b-With-Padlock-1-300x300.jpg 300w, https:\/\/fayshing.com\/wp-content\/uploads\/FS1203-Small-Recessed-Butterfly-Latch\u200b-With-Padlock-1-150x150.jpg 150w, https:\/\/fayshing.com\/wp-content\/uploads\/FS1203-Small-Recessed-Butterfly-Latch\u200b-With-Padlock-1-768x768.jpg 768w, https:\/\/fayshing.com\/wp-content\/uploads\/FS1203-Small-Recessed-Butterfly-Latch\u200b-With-Padlock-1-12x12.jpg 12w, https:\/\/fayshing.com\/wp-content\/uploads\/FS1203-Small-Recessed-Butterfly-Latch\u200b-With-Padlock-1-600x600.jpg 600w, https:\/\/fayshing.com\/wp-content\/uploads\/FS1203-Small-Recessed-Butterfly-Latch\u200b-With-Padlock-1-200x200.jpg 200w, https:\/\/fayshing.com\/wp-content\/uploads\/FS1203-Small-Recessed-Butterfly-Latch\u200b-With-Padlock-1.jpg 1000w\" sizes=\"(max-width: 60px) 100vw, 60px\" \/><\/a><\/td><td class=\"column-3\">cromada<\/td><td class=\"column-4\">Com cadeado<\/td><td class=\"column-5\">N\u00c3O<\/td>\n<\/tr>\n<tr class=\"row-4\">\n\t<td class=\"column-1\"><a href=\"https:\/\/fayshing.com\/pt-pt\/product\/fayshing-82x77mm-small-recessed-butterfly-twist-latch-fs-1106\/\">FS1106<\/a><\/td><td class=\"column-2\"><a href=\"https:\/\/fayshing.com\/wp-content\/uploads\/82x77mm-Small-Recessed-Butterfly-Twist-Latch-FS-1106.png\"><img decoding=\"async\" src=\"https:\/\/fayshing.com\/wp-content\/uploads\/82x77mm-Small-Recessed-Butterfly-Twist-Latch-FS-1106-300x168.png\" alt=\"82x77mm pequena trava de tor\u00e7\u00e3o borboleta embutida FS-1106\" width=\"60\" height=\"33\" class=\"alignnone size-medium wp-image-5615\" title=\"\" srcset=\"https:\/\/fayshing.com\/wp-content\/uploads\/82x77mm-Small-Recessed-Butterfly-Twist-Latch-FS-1106-300x168.png 300w, https:\/\/fayshing.com\/wp-content\/uploads\/82x77mm-Small-Recessed-Butterfly-Twist-Latch-FS-1106-600x337.png 600w, https:\/\/fayshing.com\/wp-content\/uploads\/82x77mm-Small-Recessed-Butterfly-Twist-Latch-FS-1106-64x36.png 64w, https:\/\/fayshing.com\/wp-content\/uploads\/82x77mm-Small-Recessed-Butterfly-Twist-Latch-FS-1106-18x10.png 18w, https:\/\/fayshing.com\/wp-content\/uploads\/82x77mm-Small-Recessed-Butterfly-Twist-Latch-FS-1106.png 649w\" sizes=\"(max-width: 60px) 100vw, 60px\" \/><\/a><\/td><td class=\"column-3\">cromada<\/td><td class=\"column-4\">N\u00e3o<\/td><td class=\"column-5\">N\u00c3O<\/td>\n<\/tr>\n<tr class=\"row-5\">\n\t<td class=\"column-1\"><a href=\"https:\/\/fayshing.com\/pt-pt\/product\/fs1204-pequenos-fechos-de-embutir-com-cadeado\/\">FS1204<\/a><\/td><td class=\"column-2\"><a href=\"https:\/\/fayshing.com\/wp-content\/uploads\/FS1204-Small-Recessed-Latches-With-Padlock.png\"><img loading=\"lazy\" decoding=\"async\" src=\"https:\/\/fayshing.com\/wp-content\/uploads\/FS1204-Small-Recessed-Latches-With-Padlock-300x168.png\" alt=\"FS1204 Pequenos Fechos Recuados com Cadeado\" width=\"60\" height=\"33\" class=\"alignnone size-medium wp-image-5617\" title=\"\" srcset=\"https:\/\/fayshing.com\/wp-content\/uploads\/FS1204-Small-Recessed-Latches-With-Padlock-300x168.png 300w, https:\/\/fayshing.com\/wp-content\/uploads\/FS1204-Small-Recessed-Latches-With-Padlock-600x337.png 600w, https:\/\/fayshing.com\/wp-content\/uploads\/FS1204-Small-Recessed-Latches-With-Padlock-64x36.png 64w, https:\/\/fayshing.com\/wp-content\/uploads\/FS1204-Small-Recessed-Latches-With-Padlock-18x10.png 18w, https:\/\/fayshing.com\/wp-content\/uploads\/FS1204-Small-Recessed-Latches-With-Padlock.png 649w\" sizes=\"(max-width: 60px) 100vw, 60px\" \/><\/a><\/td><td class=\"column-3\">cromada<\/td><td class=\"column-4\">Com cadeado<\/td><td class=\"column-5\">N\u00c3O<\/td>\n<\/tr>\n<tr class=\"row-6\">\n\t<td class=\"column-1\"><a href=\"https:\/\/fayshing.com\/pt-pt\/product\/fayshing-82x77mm-small-recessed-butterfly-twist-latch-with-padlockable-feature-fs-1105\/\">FS1105<\/a><\/td><td class=\"column-2\"><a href=\"https:\/\/fayshing.com\/wp-content\/uploads\/FS1105.jpg\"><img loading=\"lazy\" decoding=\"async\" src=\"https:\/\/fayshing.com\/wp-content\/uploads\/FS1105-300x300.jpg\" alt=\"Fecho de tor\u00e7\u00e3o tipo borboleta pequeno e encastr\u00e1vel com cadeado FS1105 Desenho CAD\" width=\"60\" height=\"60\" class=\"alignnone size-medium wp-image-6220\" title=\"\" srcset=\"https:\/\/fayshing.com\/wp-content\/uploads\/FS1105-300x300.jpg 300w, https:\/\/fayshing.com\/wp-content\/uploads\/FS1105-150x150.jpg 150w, https:\/\/fayshing.com\/wp-content\/uploads\/FS1105-768x768.jpg 768w, https:\/\/fayshing.com\/wp-content\/uploads\/FS1105-12x12.jpg 12w, https:\/\/fayshing.com\/wp-content\/uploads\/FS1105-600x600.jpg 600w, https:\/\/fayshing.com\/wp-content\/uploads\/FS1105-200x200.jpg 200w, https:\/\/fayshing.com\/wp-content\/uploads\/FS1105.jpg 1000w\" sizes=\"(max-width: 60px) 100vw, 60px\" \/><\/a><\/td><td class=\"column-3\">cromada<\/td><td class=\"column-4\">Com cadeado<\/td><td class=\"column-5\">N\u00c3O<\/td>\n<\/tr>\n<\/tbody>\n<\/table>\n<!-- #tablepress-1 from cache --><\/p>\n<h3><strong>FS1203 Desenhos CAD pormenorizados<\/strong><\/h3>\n<p><a href=\"https:\/\/fayshing.com\/wp-content\/uploads\/FS1203-Small-Recessed-Butterfly-Latch\u200b-With-Padlock.png\"><img loading=\"lazy\" decoding=\"async\" class=\"alignnone wp-image-5614\" src=\"https:\/\/fayshing.com\/wp-content\/uploads\/FS1203-Small-Recessed-Butterfly-Latch\u200b-With-Padlock-300x120.png\" alt=\"FS1203 Desenhos CAD pormenorizados\" width=\"385\" height=\"154\" title=\"\" srcset=\"https:\/\/fayshing.com\/wp-content\/uploads\/FS1203-Small-Recessed-Butterfly-Latch\u200b-With-Padlock-300x120.png 300w, https:\/\/fayshing.com\/wp-content\/uploads\/FS1203-Small-Recessed-Butterfly-Latch\u200b-With-Padlock-600x240.png 600w, https:\/\/fayshing.com\/wp-content\/uploads\/FS1203-Small-Recessed-Butterfly-Latch\u200b-With-Padlock-64x26.png 64w, https:\/\/fayshing.com\/wp-content\/uploads\/FS1203-Small-Recessed-Butterfly-Latch\u200b-With-Padlock-768x307.png 768w, https:\/\/fayshing.com\/wp-content\/uploads\/FS1203-Small-Recessed-Butterfly-Latch\u200b-With-Padlock-18x7.png 18w, https:\/\/fayshing.com\/wp-content\/uploads\/FS1203-Small-Recessed-Butterfly-Latch\u200b-With-Padlock.png 771w\" sizes=\"(max-width: 385px) 100vw, 385px\" \/><\/a><\/p>\n<p><iframe title=\"FAYSHING | Flight Case Fecho de borboleta embutido\" width=\"1200\" height=\"675\" src=\"https:\/\/www.youtube.com\/embed\/aTp86AjsHpU?feature=oembed&#038;enablejsapi=1&#038;origin=https:\/\/fayshing.com\" frameborder=\"0\" allow=\"accelerometer; autoplay; clipboard-write; encrypted-media; gyroscope; picture-in-picture; web-share\" referrerpolicy=\"strict-origin-when-cross-origin\" allowfullscreen><\/iframe><\/p>","protected":false},"excerpt":{"rendered":"<ul>\n<li>Trinco pequeno para malas de estrada com cadeado;<\/li>\n<li>Prato Raso de 3\/8\u2033<\/li>\n<\/ul>","protected":false},"featured_media":5602,"comment_status":"open","ping_status":"closed","template":"","meta":{"_acf_changed":false},"product_brand":[],"product_cat":[23,116],"product_tag":[],"class_list":{"0":"post-5601","1":"product","2":"type-product","3":"status-publish","4":"has-post-thumbnail","6":"product_cat-latches","7":"product_cat-recessed-twist-latches","8":"pa_material-steel","9":"pa_surface-treatment-black","10":"pa_surface-treatment-chrome","11":"pa_surface-treatment-golden","12":"description-off","14":"first","15":"instock","16":"shipping-taxable","17":"product-type-simple"},"acf":[],"_links":{"self":[{"href":"https:\/\/fayshing.com\/pt-pt\/wp-json\/wp\/v2\/product\/5601","targetHints":{"allow":["GET"]}}],"collection":[{"href":"https:\/\/fayshing.com\/pt-pt\/wp-json\/wp\/v2\/product"}],"about":[{"href":"https:\/\/fayshing.com\/pt-pt\/wp-json\/wp\/v2\/types\/product"}],"replies":[{"embeddable":true,"href":"https:\/\/fayshing.com\/pt-pt\/wp-json\/wp\/v2\/comments?post=5601"}],"wp:featuredmedia":[{"embeddable":true,"href":"https:\/\/fayshing.com\/pt-pt\/wp-json\/wp\/v2\/media\/5602"}],"wp:attachment":[{"href":"https:\/\/fayshing.com\/pt-pt\/wp-json\/wp\/v2\/media?parent=5601"}],"wp:term":[{"taxonomy":"product_brand","embeddable":true,"href":"https:\/\/fayshing.com\/pt-pt\/wp-json\/wp\/v2\/product_brand?post=5601"},{"taxonomy":"product_cat","embeddable":true,"href":"https:\/\/fayshing.com\/pt-pt\/wp-json\/wp\/v2\/product_cat?post=5601"},{"taxonomy":"product_tag","embeddable":true,"href":"https:\/\/fayshing.com\/pt-pt\/wp-json\/wp\/v2\/product_tag?post=5601"}],"curies":[{"name":"wp","href":"https:\/\/api.w.org\/{rel}","templated":true}]}}