{"id":5599,"date":"2024-11-29T16:01:03","date_gmt":"2024-11-29T08:01:03","guid":{"rendered":"https:\/\/fayshing.com\/?post_type=product&#038;p=5599"},"modified":"2025-09-23T12:05:59","modified_gmt":"2025-09-23T04:05:59","slug":"fs1202-trinco-pequeno-para-mala-de-estrada-encastrada","status":"publish","type":"product","link":"https:\/\/fayshing.com\/pt-pt\/product\/fs1202-trinco-pequeno-para-mala-de-estrada-encastrada\/","title":{"rendered":"FS1202 Trinco de mala de estrada pequeno e encastrado"},"content":{"rendered":"<p data-start=\"144\" data-end=\"470\"><h2 id=\"tablepress-1-name\" class=\"tablepress-table-name tablepress-table-name-id-1\">Trinco pequeno de encastrar<\/h2>\n\n<table id=\"tablepress-1\" class=\"tablepress tablepress-id-1\" aria-labelledby=\"tablepress-1-name\">\n<thead>\n<tr class=\"row-1\">\n\t<th class=\"column-1\"><strong>N\u00famero da pe\u00e7a<\/strong><\/th><th class=\"column-2\"><strong>Desenho<\/strong><\/th><th class=\"column-3\"><strong>Acabamento<\/strong><\/th><th class=\"column-4\"><strong>Bloque\u00e1vel<\/strong><\/th><th class=\"column-5\"><strong>Desvio<\/strong><\/th>\n<\/tr>\n<\/thead>\n<tbody class=\"row-striping row-hover\">\n<tr class=\"row-2\">\n\t<td class=\"column-1\"><a href=\"https:\/\/fayshing.com\/pt-pt\/product\/fs1202-trinco-pequeno-para-mala-de-estrada-encastrada\/\">FS1202<\/a><\/td><td class=\"column-2\"><a href=\"https:\/\/fayshing.com\/wp-content\/uploads\/FS1202-Small-Recessed-Road-Case-Latch-1.jpg\"><img decoding=\"async\" src=\"https:\/\/fayshing.com\/wp-content\/uploads\/FS1202-Small-Recessed-Road-Case-Latch-1-300x300.jpg\" alt=\"FS1202 Trinco de mala de estrada pequeno e encastrado\" width=\"60\" height=\"60\" class=\"alignnone size-medium wp-image-6217\" title=\"\" srcset=\"https:\/\/fayshing.com\/wp-content\/uploads\/FS1202-Small-Recessed-Road-Case-Latch-1-300x300.jpg 300w, https:\/\/fayshing.com\/wp-content\/uploads\/FS1202-Small-Recessed-Road-Case-Latch-1-150x150.jpg 150w, https:\/\/fayshing.com\/wp-content\/uploads\/FS1202-Small-Recessed-Road-Case-Latch-1-768x768.jpg 768w, https:\/\/fayshing.com\/wp-content\/uploads\/FS1202-Small-Recessed-Road-Case-Latch-1-12x12.jpg 12w, https:\/\/fayshing.com\/wp-content\/uploads\/FS1202-Small-Recessed-Road-Case-Latch-1-600x600.jpg 600w, https:\/\/fayshing.com\/wp-content\/uploads\/FS1202-Small-Recessed-Road-Case-Latch-1-200x200.jpg 200w, https:\/\/fayshing.com\/wp-content\/uploads\/FS1202-Small-Recessed-Road-Case-Latch-1.jpg 1000w\" sizes=\"(max-width: 60px) 100vw, 60px\" \/><\/a><\/td><td class=\"column-3\">cromada<\/td><td class=\"column-4\">N\u00e3o<\/td><td class=\"column-5\">N\u00c3O<\/td>\n<\/tr>\n<tr class=\"row-3\">\n\t<td class=\"column-1\"><a href=\"https:\/\/fayshing.com\/pt-pt\/product\/fs1203-fecho-de-borboleta-pequeno-de-encastrar-com-cadeado\/\">FS1203<\/a><\/td><td class=\"column-2\"><a href=\"https:\/\/fayshing.com\/wp-content\/uploads\/FS1203-Small-Recessed-Butterfly-Latch\u200b-With-Padlock-1.jpg\"><img decoding=\"async\" src=\"https:\/\/fayshing.com\/wp-content\/uploads\/FS1203-Small-Recessed-Butterfly-Latch\u200b-With-Padlock-1-300x300.jpg\" alt=\"Pequeno fecho de borboleta embutido com cadeado em desenho CAD pormenorizado\" width=\"60\" height=\"60\" class=\"alignnone size-medium wp-image-6216\" title=\"\" srcset=\"https:\/\/fayshing.com\/wp-content\/uploads\/FS1203-Small-Recessed-Butterfly-Latch\u200b-With-Padlock-1-300x300.jpg 300w, https:\/\/fayshing.com\/wp-content\/uploads\/FS1203-Small-Recessed-Butterfly-Latch\u200b-With-Padlock-1-150x150.jpg 150w, https:\/\/fayshing.com\/wp-content\/uploads\/FS1203-Small-Recessed-Butterfly-Latch\u200b-With-Padlock-1-768x768.jpg 768w, https:\/\/fayshing.com\/wp-content\/uploads\/FS1203-Small-Recessed-Butterfly-Latch\u200b-With-Padlock-1-12x12.jpg 12w, https:\/\/fayshing.com\/wp-content\/uploads\/FS1203-Small-Recessed-Butterfly-Latch\u200b-With-Padlock-1-600x600.jpg 600w, https:\/\/fayshing.com\/wp-content\/uploads\/FS1203-Small-Recessed-Butterfly-Latch\u200b-With-Padlock-1-200x200.jpg 200w, https:\/\/fayshing.com\/wp-content\/uploads\/FS1203-Small-Recessed-Butterfly-Latch\u200b-With-Padlock-1.jpg 1000w\" sizes=\"(max-width: 60px) 100vw, 60px\" \/><\/a><\/td><td class=\"column-3\">cromada<\/td><td class=\"column-4\">Com cadeado<\/td><td class=\"column-5\">N\u00c3O<\/td>\n<\/tr>\n<tr class=\"row-4\">\n\t<td class=\"column-1\"><a href=\"https:\/\/fayshing.com\/pt-pt\/product\/fayshing-82x77mm-small-recessed-butterfly-twist-latch-fs-1106\/\">FS1106<\/a><\/td><td class=\"column-2\"><a href=\"https:\/\/fayshing.com\/wp-content\/uploads\/82x77mm-Small-Recessed-Butterfly-Twist-Latch-FS-1106.png\"><img decoding=\"async\" src=\"https:\/\/fayshing.com\/wp-content\/uploads\/82x77mm-Small-Recessed-Butterfly-Twist-Latch-FS-1106-300x168.png\" alt=\"82x77mm pequena trava de tor\u00e7\u00e3o borboleta embutida FS-1106\" width=\"60\" height=\"33\" class=\"alignnone size-medium wp-image-5615\" title=\"\" srcset=\"https:\/\/fayshing.com\/wp-content\/uploads\/82x77mm-Small-Recessed-Butterfly-Twist-Latch-FS-1106-300x168.png 300w, https:\/\/fayshing.com\/wp-content\/uploads\/82x77mm-Small-Recessed-Butterfly-Twist-Latch-FS-1106-600x337.png 600w, https:\/\/fayshing.com\/wp-content\/uploads\/82x77mm-Small-Recessed-Butterfly-Twist-Latch-FS-1106-64x36.png 64w, https:\/\/fayshing.com\/wp-content\/uploads\/82x77mm-Small-Recessed-Butterfly-Twist-Latch-FS-1106-18x10.png 18w, https:\/\/fayshing.com\/wp-content\/uploads\/82x77mm-Small-Recessed-Butterfly-Twist-Latch-FS-1106.png 649w\" sizes=\"(max-width: 60px) 100vw, 60px\" \/><\/a><\/td><td class=\"column-3\">cromada<\/td><td class=\"column-4\">N\u00e3o<\/td><td class=\"column-5\">N\u00c3O<\/td>\n<\/tr>\n<tr class=\"row-5\">\n\t<td class=\"column-1\"><a href=\"https:\/\/fayshing.com\/pt-pt\/product\/fs1204-pequenos-fechos-de-embutir-com-cadeado\/\">FS1204<\/a><\/td><td class=\"column-2\"><a href=\"https:\/\/fayshing.com\/wp-content\/uploads\/FS1204-Small-Recessed-Latches-With-Padlock.png\"><img loading=\"lazy\" decoding=\"async\" src=\"https:\/\/fayshing.com\/wp-content\/uploads\/FS1204-Small-Recessed-Latches-With-Padlock-300x168.png\" alt=\"FS1204 Pequenos Fechos Recuados com Cadeado\" width=\"60\" height=\"33\" class=\"alignnone size-medium wp-image-5617\" title=\"\" srcset=\"https:\/\/fayshing.com\/wp-content\/uploads\/FS1204-Small-Recessed-Latches-With-Padlock-300x168.png 300w, https:\/\/fayshing.com\/wp-content\/uploads\/FS1204-Small-Recessed-Latches-With-Padlock-600x337.png 600w, https:\/\/fayshing.com\/wp-content\/uploads\/FS1204-Small-Recessed-Latches-With-Padlock-64x36.png 64w, https:\/\/fayshing.com\/wp-content\/uploads\/FS1204-Small-Recessed-Latches-With-Padlock-18x10.png 18w, https:\/\/fayshing.com\/wp-content\/uploads\/FS1204-Small-Recessed-Latches-With-Padlock.png 649w\" sizes=\"(max-width: 60px) 100vw, 60px\" \/><\/a><\/td><td class=\"column-3\">cromada<\/td><td class=\"column-4\">Com cadeado<\/td><td class=\"column-5\">N\u00c3O<\/td>\n<\/tr>\n<tr class=\"row-6\">\n\t<td class=\"column-1\"><a href=\"https:\/\/fayshing.com\/pt-pt\/product\/fayshing-82x77mm-small-recessed-butterfly-twist-latch-with-padlockable-feature-fs-1105\/\">FS1105<\/a><\/td><td class=\"column-2\"><a href=\"https:\/\/fayshing.com\/wp-content\/uploads\/FS1105.jpg\"><img loading=\"lazy\" decoding=\"async\" src=\"https:\/\/fayshing.com\/wp-content\/uploads\/FS1105-300x300.jpg\" alt=\"Fecho de tor\u00e7\u00e3o tipo borboleta pequeno e encastr\u00e1vel com cadeado FS1105 Desenho CAD\" width=\"60\" height=\"60\" class=\"alignnone size-medium wp-image-6220\" title=\"\" srcset=\"https:\/\/fayshing.com\/wp-content\/uploads\/FS1105-300x300.jpg 300w, https:\/\/fayshing.com\/wp-content\/uploads\/FS1105-150x150.jpg 150w, https:\/\/fayshing.com\/wp-content\/uploads\/FS1105-768x768.jpg 768w, https:\/\/fayshing.com\/wp-content\/uploads\/FS1105-12x12.jpg 12w, https:\/\/fayshing.com\/wp-content\/uploads\/FS1105-600x600.jpg 600w, https:\/\/fayshing.com\/wp-content\/uploads\/FS1105-200x200.jpg 200w, https:\/\/fayshing.com\/wp-content\/uploads\/FS1105.jpg 1000w\" sizes=\"(max-width: 60px) 100vw, 60px\" \/><\/a><\/td><td class=\"column-3\">cromada<\/td><td class=\"column-4\">Com cadeado<\/td><td class=\"column-5\">N\u00c3O<\/td>\n<\/tr>\n<\/tbody>\n<\/table>\n<!-- #tablepress-1 from cache --><\/p>\n<p data-start=\"144\" data-end=\"470\">O <strong data-start=\"148\" data-end=\"189\">FS1202 Trinco de mala de estrada pequeno e encastrado<\/strong> \u00e9 uma solu\u00e7\u00e3o de fecho compacta e fi\u00e1vel para pequenas malas de avi\u00e3o, malas de viagem e caixas de armazenamento personalizadas. Concebida <strong data-start=\"304\" data-end=\"322\">sem desvio<\/strong>, possui uma <strong data-start=\"338\" data-end=\"364\">Prato raso com 3\/8\u2033 de profundidade<\/strong> que proporciona um ajuste de baixo perfil, reduzindo o entalamento e protegendo o mecanismo de fecho durante o transporte.<\/p>\n<p data-start=\"472\" data-end=\"736\">A pega do fecho de borboleta foi concebida com <strong data-start=\"516\" data-end=\"538\">dois orif\u00edcios de fixa\u00e7\u00e3o<\/strong> (\u03a65mm), garantindo uma instala\u00e7\u00e3o segura e um funcionamento suave. Medi\u00e7\u00e3o <strong data-start=\"608\" data-end=\"621\">77 \u00d7 82 mm<\/strong>Este fecho \u00e9 ideal para caixas leves a m\u00e9dias, onde o tamanho compacto e o fecho fi\u00e1vel s\u00e3o essenciais.<\/p>\n<p data-start=\"738\" data-end=\"757\"><strong data-start=\"738\" data-end=\"755\">Carater\u00edsticas principais:<\/strong><\/p>\n<ul data-start=\"758\" data-end=\"1154\">\n<li data-start=\"758\" data-end=\"782\">\n<p data-start=\"760\" data-end=\"782\">C\u00f3digo do produto: FS1202<\/p>\n<\/li>\n<li data-start=\"783\" data-end=\"840\">\n<p data-start=\"785\" data-end=\"840\">Tipo: Trinco de caixa de estrada pequeno e encastrado (sem desvio)<\/p>\n<\/li>\n<li data-start=\"841\" data-end=\"901\">\n<p data-start=\"843\" data-end=\"901\">Profundidade do prato: prato raso de 3\/8\u2033 - nivelado e resistente a obst\u00e1culos<\/p>\n<\/li>\n<li data-start=\"902\" data-end=\"963\">\n<p data-start=\"904\" data-end=\"963\">Design da pega: 2 orif\u00edcios de montagem na pega do fecho de borboleta<\/p>\n<\/li>\n<li data-start=\"964\" data-end=\"983\">\n<p data-start=\"966\" data-end=\"983\">Tamanho do furo: \u03a65mm<\/p>\n<\/li>\n<li data-start=\"984\" data-end=\"1011\">\n<p data-start=\"986\" data-end=\"1011\">Tamanho total: 77 \u00d7 82 mm<\/p>\n<\/li>\n<li data-start=\"1012\" data-end=\"1072\">\n<p data-start=\"1014\" data-end=\"1072\">Pode ser fechado com cadeado: N\u00e3o - acesso r\u00e1pido sem mecanismo de bloqueio<\/p>\n<\/li>\n<li data-start=\"1073\" data-end=\"1154\">\n<p data-start=\"1075\" data-end=\"1154\">Aplica\u00e7\u00f5es: Malas de voo pequenas, malas de viagem, caixas de arruma\u00e7\u00e3o, malas para instrumentos<\/p>\n<\/li>\n<\/ul>\n<p data-start=\"1156\" data-end=\"1300\">Compacto, funcional e f\u00e1cil de instalar, o FS1202 oferece um fecho fi\u00e1vel para malas port\u00e1teis, mantendo um perfil limpo e rebaixado.<\/p>\n<h3><strong>FS1202 Desenhos CAD pormenorizados<\/strong><\/h3>\n<p><a href=\"https:\/\/fayshing.com\/wp-content\/uploads\/FS1202-Small-Recessed-Road-Case-Latch.png\"><img loading=\"lazy\" decoding=\"async\" class=\"alignnone size-medium wp-image-5612\" src=\"https:\/\/fayshing.com\/wp-content\/uploads\/FS1202-Small-Recessed-Road-Case-Latch-300x195.png\" alt=\"FS1202 Trinco de mala de estrada pequeno e encastrado\" width=\"300\" height=\"195\" title=\"\" srcset=\"https:\/\/fayshing.com\/wp-content\/uploads\/FS1202-Small-Recessed-Road-Case-Latch-300x195.png 300w, https:\/\/fayshing.com\/wp-content\/uploads\/FS1202-Small-Recessed-Road-Case-Latch-64x42.png 64w, https:\/\/fayshing.com\/wp-content\/uploads\/FS1202-Small-Recessed-Road-Case-Latch-18x12.png 18w, https:\/\/fayshing.com\/wp-content\/uploads\/FS1202-Small-Recessed-Road-Case-Latch.png 548w\" sizes=\"(max-width: 300px) 100vw, 300px\" \/><\/a><\/p>\n<p><iframe title=\"FAYSHING | Flight Case Fecho de borboleta embutido\" width=\"1200\" height=\"675\" src=\"https:\/\/www.youtube.com\/embed\/aTp86AjsHpU?feature=oembed&#038;enablejsapi=1&#038;origin=https:\/\/fayshing.com\" frameborder=\"0\" allow=\"accelerometer; autoplay; clipboard-write; encrypted-media; gyroscope; picture-in-picture; web-share\" referrerpolicy=\"strict-origin-when-cross-origin\" allowfullscreen><\/iframe><\/p>","protected":false},"excerpt":{"rendered":"<ul>\n<li>Trinco de mala de estrada pequeno e encastrado sem desvio;<\/li>\n<li>Prato raso com 3\/8\u2033 de profundidade;<\/li>\n<\/ul>","protected":false},"featured_media":5600,"comment_status":"open","ping_status":"closed","template":"","meta":{"_acf_changed":false},"product_brand":[],"product_cat":[23,116],"product_tag":[],"class_list":{"0":"post-5599","1":"product","2":"type-product","3":"status-publish","4":"has-post-thumbnail","6":"product_cat-latches","7":"product_cat-recessed-twist-latches","8":"pa_material-steel","9":"pa_surface-treatment-black","10":"pa_surface-treatment-blue-zinc","11":"pa_surface-treatment-chrome","12":"description-off","14":"first","15":"instock","16":"shipping-taxable","17":"product-type-simple"},"acf":[],"_links":{"self":[{"href":"https:\/\/fayshing.com\/pt-pt\/wp-json\/wp\/v2\/product\/5599","targetHints":{"allow":["GET"]}}],"collection":[{"href":"https:\/\/fayshing.com\/pt-pt\/wp-json\/wp\/v2\/product"}],"about":[{"href":"https:\/\/fayshing.com\/pt-pt\/wp-json\/wp\/v2\/types\/product"}],"replies":[{"embeddable":true,"href":"https:\/\/fayshing.com\/pt-pt\/wp-json\/wp\/v2\/comments?post=5599"}],"wp:featuredmedia":[{"embeddable":true,"href":"https:\/\/fayshing.com\/pt-pt\/wp-json\/wp\/v2\/media\/5600"}],"wp:attachment":[{"href":"https:\/\/fayshing.com\/pt-pt\/wp-json\/wp\/v2\/media?parent=5599"}],"wp:term":[{"taxonomy":"product_brand","embeddable":true,"href":"https:\/\/fayshing.com\/pt-pt\/wp-json\/wp\/v2\/product_brand?post=5599"},{"taxonomy":"product_cat","embeddable":true,"href":"https:\/\/fayshing.com\/pt-pt\/wp-json\/wp\/v2\/product_cat?post=5599"},{"taxonomy":"product_tag","embeddable":true,"href":"https:\/\/fayshing.com\/pt-pt\/wp-json\/wp\/v2\/product_tag?post=5599"}],"curies":[{"name":"wp","href":"https:\/\/api.w.org\/{rel}","templated":true}]}}