{"id":5580,"date":"2024-11-22T14:43:03","date_gmt":"2024-11-22T06:43:03","guid":{"rendered":"https:\/\/fayshing.com\/?post_type=product&#038;p=5580"},"modified":"2025-08-08T15:49:45","modified_gmt":"2025-08-08T07:49:45","slug":"42x46mm-trinco-de-baloico-pequeno-com-acabamento-em-latao-fs1087","status":"publish","type":"product","link":"https:\/\/fayshing.com\/pt-pt\/product\/42x46mm-trinco-de-baloico-pequeno-com-acabamento-em-latao-fs1087\/","title":{"rendered":"Fecho pequeno com acabamento em lat\u00e3o 42\u00d746mm FS1087"},"content":{"rendered":"<p data-start=\"162\" data-end=\"415\">O <strong data-start=\"166\" data-end=\"194\">FS1087 Trinco de fecho girat\u00f3rio<\/strong> \u00e9 uma solu\u00e7\u00e3o de fecho compacta e vers\u00e1til para pequenas caixas, estojos e recipientes de armazenamento decorativos. Medi\u00e7\u00e3o <strong data-start=\"308\" data-end=\"321\">42 \u00d7 46 mm<\/strong>O fecho de correr, que oferece um m\u00e9todo de fixa\u00e7\u00e3o seguro, confere um toque refinado e cl\u00e1ssico ao seu projeto.<\/p>\n<p data-start=\"417\" data-end=\"724\">Fabricado em <strong data-start=\"427\" data-end=\"444\">a\u00e7o dur\u00e1vel<\/strong> e dispon\u00edvel em <strong data-start=\"462\" data-end=\"470\">ouro<\/strong>, <strong data-start=\"472\" data-end=\"482\">cromo<\/strong>, ou <strong data-start=\"487\" data-end=\"496\">preto<\/strong> Com os seus acabamentos, o FS1087 \u00e9 adequado tanto para fins funcionais como decorativos. O seu fecho de estilo oscilante permite uma abertura e um fecho r\u00e1pidos, tornando-o ideal para caixas de j\u00f3ias, caixas de presentes, ba\u00fas de recorda\u00e7\u00f5es e pequenas caixas de madeira.<\/p>\n<p data-start=\"726\" data-end=\"745\"><strong data-start=\"726\" data-end=\"743\">Carater\u00edsticas principais:<\/strong><\/p>\n<ul data-start=\"746\" data-end=\"1015\">\n<li data-start=\"746\" data-end=\"770\">\n<p data-start=\"748\" data-end=\"770\">C\u00f3digo do produto: FS1087<\/p>\n<\/li>\n<li data-start=\"771\" data-end=\"804\">\n<p data-start=\"773\" data-end=\"804\">Tipo: Fecho pequeno de batente<\/p>\n<\/li>\n<li data-start=\"805\" data-end=\"824\">\n<p data-start=\"807\" data-end=\"824\">Tamanho: 42 \u00d7 46 mm<\/p>\n<\/li>\n<li data-start=\"825\" data-end=\"844\">\n<p data-start=\"827\" data-end=\"844\">Material: A\u00e7o<\/p>\n<\/li>\n<li data-start=\"845\" data-end=\"886\">\n<p data-start=\"847\" data-end=\"886\">Op\u00e7\u00f5es de acabamento: Dourado \/ Cromado \/ Preto<\/p>\n<\/li>\n<li data-start=\"887\" data-end=\"933\">\n<p data-start=\"889\" data-end=\"933\">Design compacto, decorativo e funcional<\/p>\n<\/li>\n<li data-start=\"934\" data-end=\"1015\">\n<p data-start=\"936\" data-end=\"1015\">Aplica\u00e7\u00f5es: Caixas de j\u00f3ias, caixas de presentes, ba\u00fas de recorda\u00e7\u00f5es, pequenas caixas de arruma\u00e7\u00e3o<\/p>\n<\/li>\n<\/ul>\n<p data-start=\"1017\" data-end=\"1150\">O FS1087 \u00e9 a escolha perfeita para adicionar <strong data-start=\"1066\" data-end=\"1087\">fecho pr\u00e1tico<\/strong> e <strong data-start=\"1092\" data-end=\"1112\">apelo est\u00e9tico<\/strong> para pequenos projectos de artesanato ou de arruma\u00e7\u00e3o.<\/p>","protected":false},"excerpt":{"rendered":"<ul>\n<li>Tamanho: 42\u00d746mm;<\/li>\n<li>Material: A\u00e7o;<\/li>\n<li>Acabamento: Ouro, Cromado, Preto<\/li>\n<\/ul>","protected":false},"featured_media":5581,"comment_status":"open","ping_status":"closed","template":"","meta":{"_acf_changed":false},"product_brand":[],"product_cat":[273,23],"product_tag":[],"class_list":{"0":"post-5580","1":"product","2":"type-product","3":"status-publish","4":"has-post-thumbnail","6":"product_cat-jewelry-box-latch-hasp","7":"product_cat-latches","8":"description-off","10":"first","11":"instock","12":"shipping-taxable","13":"product-type-simple"},"acf":[],"_links":{"self":[{"href":"https:\/\/fayshing.com\/pt-pt\/wp-json\/wp\/v2\/product\/5580","targetHints":{"allow":["GET"]}}],"collection":[{"href":"https:\/\/fayshing.com\/pt-pt\/wp-json\/wp\/v2\/product"}],"about":[{"href":"https:\/\/fayshing.com\/pt-pt\/wp-json\/wp\/v2\/types\/product"}],"replies":[{"embeddable":true,"href":"https:\/\/fayshing.com\/pt-pt\/wp-json\/wp\/v2\/comments?post=5580"}],"wp:featuredmedia":[{"embeddable":true,"href":"https:\/\/fayshing.com\/pt-pt\/wp-json\/wp\/v2\/media\/5581"}],"wp:attachment":[{"href":"https:\/\/fayshing.com\/pt-pt\/wp-json\/wp\/v2\/media?parent=5580"}],"wp:term":[{"taxonomy":"product_brand","embeddable":true,"href":"https:\/\/fayshing.com\/pt-pt\/wp-json\/wp\/v2\/product_brand?post=5580"},{"taxonomy":"product_cat","embeddable":true,"href":"https:\/\/fayshing.com\/pt-pt\/wp-json\/wp\/v2\/product_cat?post=5580"},{"taxonomy":"product_tag","embeddable":true,"href":"https:\/\/fayshing.com\/pt-pt\/wp-json\/wp\/v2\/product_tag?post=5580"}],"curies":[{"name":"wp","href":"https:\/\/api.w.org\/{rel}","templated":true}]}}