{"id":5489,"date":"2024-11-11T16:12:16","date_gmt":"2024-11-11T08:12:16","guid":{"rendered":"https:\/\/fayshing.com\/?post_type=product&#038;p=5489"},"modified":"2025-08-08T16:00:51","modified_gmt":"2025-08-08T08:00:51","slug":"dobradica-de-piano-pequena-para-caixa-de-joias-fs5063","status":"publish","type":"product","link":"https:\/\/fayshing.com\/pt-pt\/product\/dobradica-de-piano-pequena-para-caixa-de-joias-fs5063\/","title":{"rendered":"Pequena dobradi\u00e7a de piano para caixa de joias FS5063"},"content":{"rendered":"<p data-start=\"148\" data-end=\"444\">O <strong data-start=\"152\" data-end=\"180\">FS5063 Dobradi\u00e7a pequena para piano<\/strong> \u00e9 uma solu\u00e7\u00e3o de dobradi\u00e7a elegante e duradoura concebida para caixas de j\u00f3ias, caixas de presentes, ba\u00fas de recorda\u00e7\u00f5es e outras pequenas caixas de madeira. Medi\u00e7\u00e3o <strong data-start=\"316\" data-end=\"329\">100 \u00d7 9mm<\/strong> e com <strong data-start=\"344\" data-end=\"369\">6 orif\u00edcios uniformemente espa\u00e7ados<\/strong>O seu funcionamento \u00e9 suave e o alinhamento das tampas e portas \u00e9 fi\u00e1vel.<\/p>\n<p data-start=\"446\" data-end=\"729\">Fabricado em <strong data-start=\"456\" data-end=\"478\">a\u00e7o de alta qualidade<\/strong> e dispon\u00edvel em <strong data-start=\"496\" data-end=\"506\">cromo<\/strong>, <strong data-start=\"508\" data-end=\"516\">ouro<\/strong>, ou <strong data-start=\"521\" data-end=\"530\">preto<\/strong> A FS5063 oferece resist\u00eancia e estilo para combinar com uma variedade de designs de caixas. O seu tamanho compacto torna-a perfeita para projectos delicados em que a precis\u00e3o e a est\u00e9tica s\u00e3o igualmente importantes.<\/p>\n<p data-start=\"731\" data-end=\"750\"><strong data-start=\"731\" data-end=\"748\">Carater\u00edsticas principais:<\/strong><\/p>\n<ul data-start=\"751\" data-end=\"1051\">\n<li data-start=\"751\" data-end=\"775\">\n<p data-start=\"753\" data-end=\"775\">C\u00f3digo do produto: FS5063<\/p>\n<\/li>\n<li data-start=\"776\" data-end=\"821\">\n<p data-start=\"778\" data-end=\"821\">Tipo: Dobradi\u00e7a de piano pequena para caixas de j\u00f3ias<\/p>\n<\/li>\n<li data-start=\"822\" data-end=\"841\">\n<p data-start=\"824\" data-end=\"841\">Tamanho: 100 \u00d7 9mm<\/p>\n<\/li>\n<li data-start=\"842\" data-end=\"892\">\n<p data-start=\"844\" data-end=\"892\">Quantidade de furos: 6 furos para uma instala\u00e7\u00e3o segura<\/p>\n<\/li>\n<li data-start=\"893\" data-end=\"912\">\n<p data-start=\"895\" data-end=\"912\">Material: A\u00e7o<\/p>\n<\/li>\n<li data-start=\"913\" data-end=\"954\">\n<p data-start=\"915\" data-end=\"954\">Op\u00e7\u00f5es de acabamento: Cromado \/ Dourado \/ Preto<\/p>\n<\/li>\n<li data-start=\"955\" data-end=\"1051\">\n<p data-start=\"957\" data-end=\"1051\">Aplica\u00e7\u00f5es: Caixas de j\u00f3ias, caixas de presentes, ba\u00fas de recorda\u00e7\u00f5es, projectos de artesanato, pequenas caixas de madeira<\/p>\n<\/li>\n<\/ul>\n<p data-start=\"1053\" data-end=\"1195\">O FS5063 \u00e9 ideal para <strong data-start=\"1082\" data-end=\"1106\">constru\u00e7\u00e3o de novas caixas<\/strong> e <strong data-start=\"1111\" data-end=\"1131\">trabalhos de restauro<\/strong>combinando funcionalidade com um acabamento refinado e profissional.<\/p>","protected":false},"excerpt":{"rendered":"<ul>\n<li>6 furos, pequena dobradi\u00e7a de piano para caixa de joias<\/li>\n<li>100 x 9mm<\/li>\n<li>cromado \/ dourado \/ preto<\/li>\n<li>A\u00e7o<\/li>\n<\/ul>","protected":false},"featured_media":5490,"comment_status":"open","ping_status":"closed","template":"","meta":{"_acf_changed":false},"product_brand":[],"product_cat":[114,131],"product_tag":[],"class_list":{"0":"post-5489","1":"product","2":"type-product","3":"status-publish","4":"has-post-thumbnail","6":"product_cat-hinges-lid-stays","7":"product_cat-rectangle-hinges","8":"pa_material-iron","9":"pa_parts-no-fs5063","10":"pa_surface-treatment-black","11":"pa_surface-treatment-chrome","12":"pa_surface-treatment-golden","13":"description-off","15":"first","16":"instock","17":"shipping-taxable","18":"product-type-simple"},"acf":[],"_links":{"self":[{"href":"https:\/\/fayshing.com\/pt-pt\/wp-json\/wp\/v2\/product\/5489","targetHints":{"allow":["GET"]}}],"collection":[{"href":"https:\/\/fayshing.com\/pt-pt\/wp-json\/wp\/v2\/product"}],"about":[{"href":"https:\/\/fayshing.com\/pt-pt\/wp-json\/wp\/v2\/types\/product"}],"replies":[{"embeddable":true,"href":"https:\/\/fayshing.com\/pt-pt\/wp-json\/wp\/v2\/comments?post=5489"}],"wp:featuredmedia":[{"embeddable":true,"href":"https:\/\/fayshing.com\/pt-pt\/wp-json\/wp\/v2\/media\/5490"}],"wp:attachment":[{"href":"https:\/\/fayshing.com\/pt-pt\/wp-json\/wp\/v2\/media?parent=5489"}],"wp:term":[{"taxonomy":"product_brand","embeddable":true,"href":"https:\/\/fayshing.com\/pt-pt\/wp-json\/wp\/v2\/product_brand?post=5489"},{"taxonomy":"product_cat","embeddable":true,"href":"https:\/\/fayshing.com\/pt-pt\/wp-json\/wp\/v2\/product_cat?post=5489"},{"taxonomy":"product_tag","embeddable":true,"href":"https:\/\/fayshing.com\/pt-pt\/wp-json\/wp\/v2\/product_tag?post=5489"}],"curies":[{"name":"wp","href":"https:\/\/api.w.org\/{rel}","templated":true}]}}