{"id":4843,"date":"2024-06-07T11:42:24","date_gmt":"2024-06-07T03:42:24","guid":{"rendered":"https:\/\/fayshing.com\/?post_type=product&#038;p=4843"},"modified":"2025-08-06T17:39:05","modified_gmt":"2025-08-06T09:39:05","slug":"metal-small-wooden-box-hinge-180-degree-fs-5004","status":"publish","type":"product","link":"https:\/\/fayshing.com\/pt-pt\/product\/metal-small-wooden-box-hinge-180-degree-fs-5004\/","title":{"rendered":"Dobradi\u00e7a de caixa de madeira pequena de metal 180 graus FS-5004"},"content":{"rendered":"<p>Dobradi\u00e7a de caixa de madeira pequena de metal 180 graus FS-5004<\/p>\n<p>Ampla aplica\u00e7\u00e3o: Amplamente utilizado em v\u00e1rios tipos de caixas e estojos de madeira, estojos de ferramentas, etc.<\/p>\n<hr \/>\n<p><strong>Descri\u00e7\u00e3o :<\/strong><\/p>\n<ul>\n<li>Local: 26\u00d724mm \/ 1,02\u00d70,94 polegadas<\/li>\n<li>Material: Ferro<\/li>\n<li>Cromo: Cromo\/Ouro\/Preto<\/li>\n<\/ul>\n<hr \/>\n<p><strong>Observa\u00e7\u00e3o :<\/strong><\/p>\n<ul>\n<li>Devido \u00e0 medi\u00e7\u00e3o manual, permita um desvio de 1 \u2013 2mm. Luz de disparo diferente e monitores diferentes podem fazer com que a cor do produto na imagem seja ligeiramente diferente do produto real.<\/li>\n<li>Por favor <a href=\"https:\/\/fayshing.com\/pt-pt\/contact-us\/\">Contate-nos<\/a> verifique cuidadosamente o tamanho do nosso produto e leia as descri\u00e7\u00f5es do tamanho do produto antes de comprar para evitar poss\u00edveis experi\u00eancias de compra desagrad\u00e1veis.<\/li>\n<\/ul>","protected":false},"excerpt":{"rendered":"<ul>\n<li>Local: 26\u00d724mm \/ 1,02\u00d70,94 polegadas<\/li>\n<li>Material: Ferro<\/li>\n<li>Cromo: Cromo\/Ouro\/Preto<\/li>\n<li>180 graus<\/li>\n<\/ul>","protected":false},"featured_media":4844,"comment_status":"open","ping_status":"closed","template":"","meta":{"_acf_changed":false},"product_brand":[],"product_cat":[114,130],"product_tag":[],"class_list":{"0":"post-4843","1":"product","2":"type-product","3":"status-publish","4":"has-post-thumbnail","6":"product_cat-hinges-lid-stays","7":"product_cat-plum-shaped-hinges","8":"description-off","10":"first","11":"instock","12":"shipping-taxable","13":"product-type-simple"},"acf":[],"_links":{"self":[{"href":"https:\/\/fayshing.com\/pt-pt\/wp-json\/wp\/v2\/product\/4843","targetHints":{"allow":["GET"]}}],"collection":[{"href":"https:\/\/fayshing.com\/pt-pt\/wp-json\/wp\/v2\/product"}],"about":[{"href":"https:\/\/fayshing.com\/pt-pt\/wp-json\/wp\/v2\/types\/product"}],"replies":[{"embeddable":true,"href":"https:\/\/fayshing.com\/pt-pt\/wp-json\/wp\/v2\/comments?post=4843"}],"wp:featuredmedia":[{"embeddable":true,"href":"https:\/\/fayshing.com\/pt-pt\/wp-json\/wp\/v2\/media\/4844"}],"wp:attachment":[{"href":"https:\/\/fayshing.com\/pt-pt\/wp-json\/wp\/v2\/media?parent=4843"}],"wp:term":[{"taxonomy":"product_brand","embeddable":true,"href":"https:\/\/fayshing.com\/pt-pt\/wp-json\/wp\/v2\/product_brand?post=4843"},{"taxonomy":"product_cat","embeddable":true,"href":"https:\/\/fayshing.com\/pt-pt\/wp-json\/wp\/v2\/product_cat?post=4843"},{"taxonomy":"product_tag","embeddable":true,"href":"https:\/\/fayshing.com\/pt-pt\/wp-json\/wp\/v2\/product_tag?post=4843"}],"curies":[{"name":"wp","href":"https:\/\/api.w.org\/{rel}","templated":true}]}}