{"id":4839,"date":"2024-06-07T11:23:28","date_gmt":"2024-06-07T03:23:28","guid":{"rendered":"https:\/\/fayshing.com\/?post_type=product&#038;p=4839"},"modified":"2025-08-05T13:41:09","modified_gmt":"2025-08-05T05:41:09","slug":"metal-small-wooden-box-hinges-180-degree-fs-5002","status":"publish","type":"product","link":"https:\/\/fayshing.com\/pt-pt\/product\/metal-small-wooden-box-hinges-180-degree-fs-5002\/","title":{"rendered":"Dobradi\u00e7as met\u00e1licas para caixas de madeira pequenas 180 graus FS-5002"},"content":{"rendered":"<p data-start=\"129\" data-end=\"476\">D\u00ea um toque final requintado \u00e0s suas caixas artesanais com a <strong data-start=\"194\" data-end=\"241\">FS-5002 Dobradi\u00e7as met\u00e1licas para caixas de madeira pequenas<\/strong>. Concebidas tendo em conta a forma e a fun\u00e7\u00e3o, estas <strong data-start=\"303\" data-end=\"324\">Dobradi\u00e7as de 180 graus<\/strong> proporcionam um funcionamento suave e um amplo \u00e2ngulo de abertura, tornando-as ideais para caixas de j\u00f3ias, ba\u00fas de recorda\u00e7\u00f5es, caixas de presentes e outros pequenos recipientes de madeira.<\/p>\n<p data-start=\"478\" data-end=\"833\">Medir apenas <strong data-start=\"493\" data-end=\"525\">26,5\u00d721 mm (1,04\u00d70,83 polegadas)<\/strong>Estas dobradi\u00e7as s\u00e3o fabricadas a partir de <strong data-start=\"562\" data-end=\"570\">ferro<\/strong> e est\u00e3o dispon\u00edveis em tr\u00eas acabamentos elegantes: <strong data-start=\"616\" data-end=\"626\">cromo<\/strong>, <strong data-start=\"628\" data-end=\"636\">ouro<\/strong>, e <strong data-start=\"642\" data-end=\"651\">preto<\/strong>para se adaptar a uma variedade de est\u00e9ticas de design. Quer esteja a restaurar uma caixa antiga ou a criar algo novo, estas <strong data-start=\"765\" data-end=\"798\">dobradi\u00e7as para pequenas caixas de madeira<\/strong> oferecem estabilidade e eleg\u00e2ncia.<\/p>\n<p data-start=\"835\" data-end=\"852\"><strong data-start=\"835\" data-end=\"852\">Carater\u00edsticas principais:<\/strong><\/p>\n<ul data-start=\"853\" data-end=\"1096\">\n<li data-start=\"853\" data-end=\"878\">\n<p data-start=\"855\" data-end=\"878\">C\u00f3digo do produto: FS-5002<\/p>\n<\/li>\n<li data-start=\"879\" data-end=\"925\">\n<p data-start=\"881\" data-end=\"925\">Aplica\u00e7\u00e3o: Dobradi\u00e7as para pequenas caixas de madeira<\/p>\n<\/li>\n<li data-start=\"926\" data-end=\"944\">\n<p data-start=\"928\" data-end=\"944\">Material: Ferro<\/p>\n<\/li>\n<li data-start=\"945\" data-end=\"984\">\n<p data-start=\"947\" data-end=\"984\">Op\u00e7\u00f5es de acabamento: Cromado, dourado, preto<\/p>\n<\/li>\n<li data-start=\"985\" data-end=\"1021\">\n<p data-start=\"987\" data-end=\"1021\">Tamanho: 26,5\u00d721mm \/ 1,04\u00d70,83 polegadas<\/p>\n<\/li>\n<li data-start=\"1022\" data-end=\"1045\">\n<p data-start=\"1024\" data-end=\"1045\">\u00c2ngulo de abertura: 180\u00b0.<\/p>\n<\/li>\n<li data-start=\"1046\" data-end=\"1096\">\n<p data-start=\"1048\" data-end=\"1096\">Design elegante e compacto para uma instala\u00e7\u00e3o precisa<\/p>\n<\/li>\n<\/ul>\n<p data-start=\"1098\" data-end=\"1235\">Perfeita para projectos de bricolage, artesanato ou fabrico profissional de caixas, a FS-5002 proporciona uma solu\u00e7\u00e3o de dobradi\u00e7a fi\u00e1vel e visualmente apelativa.<\/p>","protected":false},"excerpt":{"rendered":"<ul>\n<li>dobradi\u00e7as para pequenas caixas de madeira<\/li>\n<li>Local: 26,5 \u00d7 21 mm \/ 1,04 \u00d7 0,83 polegadas<\/li>\n<li>Material: Ferro<\/li>\n<li>Cromo: Cromo\/Ouro\/Preto<\/li>\n<li>180 graus<\/li>\n<\/ul>","protected":false},"featured_media":4840,"comment_status":"open","ping_status":"closed","template":"","meta":{"_acf_changed":false},"product_brand":[],"product_cat":[114,130],"product_tag":[],"class_list":{"0":"post-4839","1":"product","2":"type-product","3":"status-publish","4":"has-post-thumbnail","6":"product_cat-hinges-lid-stays","7":"product_cat-plum-shaped-hinges","8":"description-off","10":"first","11":"instock","12":"shipping-taxable","13":"product-type-simple"},"acf":[],"_links":{"self":[{"href":"https:\/\/fayshing.com\/pt-pt\/wp-json\/wp\/v2\/product\/4839","targetHints":{"allow":["GET"]}}],"collection":[{"href":"https:\/\/fayshing.com\/pt-pt\/wp-json\/wp\/v2\/product"}],"about":[{"href":"https:\/\/fayshing.com\/pt-pt\/wp-json\/wp\/v2\/types\/product"}],"replies":[{"embeddable":true,"href":"https:\/\/fayshing.com\/pt-pt\/wp-json\/wp\/v2\/comments?post=4839"}],"wp:featuredmedia":[{"embeddable":true,"href":"https:\/\/fayshing.com\/pt-pt\/wp-json\/wp\/v2\/media\/4840"}],"wp:attachment":[{"href":"https:\/\/fayshing.com\/pt-pt\/wp-json\/wp\/v2\/media?parent=4839"}],"wp:term":[{"taxonomy":"product_brand","embeddable":true,"href":"https:\/\/fayshing.com\/pt-pt\/wp-json\/wp\/v2\/product_brand?post=4839"},{"taxonomy":"product_cat","embeddable":true,"href":"https:\/\/fayshing.com\/pt-pt\/wp-json\/wp\/v2\/product_cat?post=4839"},{"taxonomy":"product_tag","embeddable":true,"href":"https:\/\/fayshing.com\/pt-pt\/wp-json\/wp\/v2\/product_tag?post=4839"}],"curies":[{"name":"wp","href":"https:\/\/api.w.org\/{rel}","templated":true}]}}