{"id":4164,"date":"2022-07-27T15:10:39","date_gmt":"2022-07-27T07:10:39","guid":{"rendered":"https:\/\/fayshing.com\/?post_type=product&#038;p=4164"},"modified":"2025-08-07T09:40:13","modified_gmt":"2025-08-07T01:40:13","slug":"eva-pinhole-cotton-40-degrees-thick-20mm","status":"publish","type":"product","link":"https:\/\/fayshing.com\/pt-pt\/product\/eva-pinhole-cotton-40-degrees-thick-20mm\/","title":{"rendered":"Estojo de voo em EVA Espuma de algod\u00e3o pinhole com 20 mm de espessura FS-C014"},"content":{"rendered":"<p><strong>Estojo de voo em EVA Espuma de algod\u00e3o pinhole com 20 mm de espessura FS-C014<\/strong><\/p>\n<ol>\n<li>Tamanho: 1000*2000*20mm ou personalizado;<\/li>\n<li>Material: EVA<\/li>\n<li>Vantagens: Espuma de m\u00e9dia densidade oferece excelente prote\u00e7\u00e3o, F\u00e1cil de instalar em cases de v\u00f4o compat\u00edveis\/v\u00e1rios cases;<\/li>\n<li>Utilizado: Espuma de mala de avi\u00e3o, espuma de mala de carrinho, decora\u00e7\u00e3o de mobili\u00e1rio, etc.<\/li>\n<\/ol>\n<p>O conjunto de inser\u00e7\u00f5es de espuma da Flightcase foi projetado para fornecer prote\u00e7\u00e3o extra em cases de voo compat\u00edveis. Os pain\u00e9is de espuma de m\u00e9dia densidade fixam e protegem, mantendo-se no lugar e absorvendo choques para proteger equipamentos delicados durante o transporte.<\/p>\n<p>Com inser\u00e7\u00f5es de espuma da Flightcase, voc\u00ea pode personalizar de forma r\u00e1pida e f\u00e1cil o formato da prote\u00e7\u00e3o de espuma de acordo com suas necessidades. Com cubos de espuma pr\u00e9-cortados que podem ser removidos sem ferramentas, basta retirar uma se\u00e7\u00e3o adequada ao formato do seu equipamento.<\/p>","protected":false},"excerpt":{"rendered":"<ol>\n<li>Tamanho: 1000*2000*20mm ou personalizado;<\/li>\n<li>Material: EVA<\/li>\n<li>Vantagens: Espuma de m\u00e9dia densidade oferece excelente prote\u00e7\u00e3o, F\u00e1cil de instalar em cases de v\u00f4o compat\u00edveis\/v\u00e1rios cases;<\/li>\n<li>Utilizado: Espuma de mala de avi\u00e3o, espuma de mala de carrinho, decora\u00e7\u00e3o de mobili\u00e1rio, etc.<\/li>\n<\/ol>","protected":false},"featured_media":4166,"comment_status":"closed","ping_status":"closed","template":"","meta":{"_acf_changed":false},"product_brand":[],"product_cat":[110],"product_tag":[],"class_list":{"0":"post-4164","1":"product","2":"type-product","3":"status-publish","4":"has-post-thumbnail","6":"product_cat-panels-and-laminates","7":"pa_application-flight-case-trolly-case-furniture-decoration-etc","8":"pa_delivery-time-please-contact-sales-staff","9":"pa_material-eva","10":"description-off","12":"first","13":"instock","14":"shipping-taxable","15":"product-type-simple"},"acf":[],"_links":{"self":[{"href":"https:\/\/fayshing.com\/pt-pt\/wp-json\/wp\/v2\/product\/4164","targetHints":{"allow":["GET"]}}],"collection":[{"href":"https:\/\/fayshing.com\/pt-pt\/wp-json\/wp\/v2\/product"}],"about":[{"href":"https:\/\/fayshing.com\/pt-pt\/wp-json\/wp\/v2\/types\/product"}],"replies":[{"embeddable":true,"href":"https:\/\/fayshing.com\/pt-pt\/wp-json\/wp\/v2\/comments?post=4164"}],"wp:featuredmedia":[{"embeddable":true,"href":"https:\/\/fayshing.com\/pt-pt\/wp-json\/wp\/v2\/media\/4166"}],"wp:attachment":[{"href":"https:\/\/fayshing.com\/pt-pt\/wp-json\/wp\/v2\/media?parent=4164"}],"wp:term":[{"taxonomy":"product_brand","embeddable":true,"href":"https:\/\/fayshing.com\/pt-pt\/wp-json\/wp\/v2\/product_brand?post=4164"},{"taxonomy":"product_cat","embeddable":true,"href":"https:\/\/fayshing.com\/pt-pt\/wp-json\/wp\/v2\/product_cat?post=4164"},{"taxonomy":"product_tag","embeddable":true,"href":"https:\/\/fayshing.com\/pt-pt\/wp-json\/wp\/v2\/product_tag?post=4164"}],"curies":[{"name":"wp","href":"https:\/\/api.w.org\/{rel}","templated":true}]}}