{"id":4161,"date":"2022-07-27T14:59:58","date_gmt":"2022-07-27T06:59:58","guid":{"rendered":"https:\/\/fayshing.com\/?post_type=product&#038;p=4161"},"modified":"2025-08-07T09:34:18","modified_gmt":"2025-08-07T01:34:18","slug":"high-density-eva-egg-crate-foam-insert","status":"publish","type":"product","link":"https:\/\/fayshing.com\/pt-pt\/product\/high-density-eva-egg-crate-foam-insert\/","title":{"rendered":"Mala de voo de alta densidade Comstom Inser\u00e7\u00e3o de espuma EVA"},"content":{"rendered":"<ol>\n<li>Tamanho: 1500*3000*20mm ou personalizado;<\/li>\n<li>Material: EVA<\/li>\n<li>Vantagens: A espuma de alta densidade da mala de voo oferece uma excelente prote\u00e7\u00e3o. F\u00e1cil de instalar na inser\u00e7\u00e3o de espuma da mala de voo compat\u00edvel \/ inser\u00e7\u00e3o de espuma de v\u00e1rias malas;<\/li>\n<li>Usado: Maleta de voo, maleta de carrinho, decora\u00e7\u00e3o de m\u00f3veis, etc.<\/li>\n<\/ol>\n<p>O conjunto de inser\u00e7\u00f5es de espuma do Flightcase de alta densidade foi projetado para fornecer prote\u00e7\u00e3o extra em cases de voo compat\u00edveis. Os pain\u00e9is de espuma de m\u00e9dia densidade fixam e protegem, mantendo-se no lugar e absorvendo choques para proteger equipamentos delicados durante o transporte.<\/p>\n<p>Com inser\u00e7\u00f5es de espuma da Flightcase, voc\u00ea pode personalizar de forma r\u00e1pida e f\u00e1cil o formato da prote\u00e7\u00e3o de espuma de acordo com suas necessidades. Com cubos de espuma pr\u00e9-cortados que podem ser removidos sem ferramentas, basta retirar uma se\u00e7\u00e3o adequada ao formato do seu equipamento.<\/p>","protected":false},"excerpt":{"rendered":"<ol>\n<li>Tamanho: 1500*3000*20mm ou personalizado;<\/li>\n<li>Material: EVA<\/li>\n<li>Vantagens: Espuma de alta densidade oferece excelente prote\u00e7\u00e3o, F\u00e1cil de instalar em cases de voo compat\u00edveis\/v\u00e1rios cases;<\/li>\n<li>Usado: Maleta de voo, maleta de carrinho, decora\u00e7\u00e3o de m\u00f3veis, etc.<\/li>\n<\/ol>","protected":false},"featured_media":4163,"comment_status":"closed","ping_status":"closed","template":"","meta":{"_acf_changed":false},"product_brand":[],"product_cat":[110],"product_tag":[],"class_list":{"0":"post-4161","1":"product","2":"type-product","3":"status-publish","4":"has-post-thumbnail","6":"product_cat-panels-and-laminates","7":"pa_application-flight-case-trolly-case-furniture-decoration-etc","8":"pa_delivery-time-please-contact-sales-staff","9":"pa_material-eva","10":"description-off","12":"first","13":"instock","14":"shipping-taxable","15":"product-type-simple"},"acf":[],"_links":{"self":[{"href":"https:\/\/fayshing.com\/pt-pt\/wp-json\/wp\/v2\/product\/4161","targetHints":{"allow":["GET"]}}],"collection":[{"href":"https:\/\/fayshing.com\/pt-pt\/wp-json\/wp\/v2\/product"}],"about":[{"href":"https:\/\/fayshing.com\/pt-pt\/wp-json\/wp\/v2\/types\/product"}],"replies":[{"embeddable":true,"href":"https:\/\/fayshing.com\/pt-pt\/wp-json\/wp\/v2\/comments?post=4161"}],"wp:featuredmedia":[{"embeddable":true,"href":"https:\/\/fayshing.com\/pt-pt\/wp-json\/wp\/v2\/media\/4163"}],"wp:attachment":[{"href":"https:\/\/fayshing.com\/pt-pt\/wp-json\/wp\/v2\/media?parent=4161"}],"wp:term":[{"taxonomy":"product_brand","embeddable":true,"href":"https:\/\/fayshing.com\/pt-pt\/wp-json\/wp\/v2\/product_brand?post=4161"},{"taxonomy":"product_cat","embeddable":true,"href":"https:\/\/fayshing.com\/pt-pt\/wp-json\/wp\/v2\/product_cat?post=4161"},{"taxonomy":"product_tag","embeddable":true,"href":"https:\/\/fayshing.com\/pt-pt\/wp-json\/wp\/v2\/product_tag?post=4161"}],"curies":[{"name":"wp","href":"https:\/\/api.w.org\/{rel}","templated":true}]}}