{"id":4128,"date":"2022-07-27T13:56:43","date_gmt":"2022-07-27T05:56:43","guid":{"rendered":"https:\/\/fayshing.com\/?post_type=product&#038;p=4128"},"modified":"2025-08-06T17:46:21","modified_gmt":"2025-08-06T09:46:21","slug":"red-flight-case-universal-panels-fs8006","status":"publish","type":"product","link":"https:\/\/fayshing.com\/pt-pt\/product\/red-flight-case-universal-panels-fs8006\/","title":{"rendered":"Pain\u00e9is Universais Red Flight Case FS8006"},"content":{"rendered":"<ol>\n<li>Tamanho: 1220*2440mm ou personalizado;<\/li>\n<li>Material: Eucalipto + alum\u00ednio + Fen\u00f3lico;<\/li>\n<li>Vantagens: Textura semelhante a um verme cinza prateado;<\/li>\n<li>Usado: Maleta de voo, maleta de carrinho, decora\u00e7\u00e3o de m\u00f3veis, etc.<\/li>\n<\/ol>\n<p>Vantagens:<\/p>\n<ul>\n<li>Peso leve: escolhemos como material b\u00e1sico o eucalipto e o choupo de alta qualidade, que s\u00e3o muito leves.<\/li>\n<li>F\u00e1cil de cortar: o compensado \u00e9 f\u00e1cil de cortar, portanto, dependendo da constru\u00e7\u00e3o, a f\u00f4rma pode ser cortada nos tamanhos desejados.<\/li>\n<li>Sem deforma\u00e7\u00e3o: o compensado revestido com filme tamb\u00e9m fica inteiro, mas n\u00e3o deforma e n\u00e3o lasca ap\u00f3s 72 horas de cozimento em \u00e1gua fervente.<\/li>\n<li>Filme de alta qualidade: o compensado revestido com filme \u00e9 filmado por filme Dynea importado da Finl\u00e2ndia, protege a superf\u00edcie da f\u00f4rma da corros\u00e3o e torna a f\u00f4rma dur\u00e1vel, melhora o nivelamento da superf\u00edcie do concreto e faz com que a superf\u00edcie do concreto economize o reboco pela segunda vez, para que possa economizar muita constru\u00e7\u00e3o.<\/li>\n<li>Capacidade imperme\u00e1vel, \u00e0 prova de fogo e anti-incrustante, resistente \u00e0 fric\u00e7\u00e3o<\/li>\n<\/ul>","protected":false},"excerpt":{"rendered":"<ol>\n<li>Tamanho: 1220*2440mm ou personalizado;<\/li>\n<li>Material: Eucalipto + alum\u00ednio + Fen\u00f3lico;<\/li>\n<li>Vantagens: Textura semelhante a um verme cinza prateado;<\/li>\n<li>Usado: Maleta de voo, maleta de carrinho, decora\u00e7\u00e3o de m\u00f3veis, etc.<\/li>\n<\/ol>","protected":false},"featured_media":4130,"comment_status":"closed","ping_status":"closed","template":"","meta":{"_acf_changed":false},"product_brand":[],"product_cat":[110],"product_tag":[],"class_list":{"0":"post-4128","1":"product","2":"type-product","3":"status-publish","4":"has-post-thumbnail","6":"product_cat-panels-and-laminates","7":"pa_application-flight-case-trolly-case-furniture-decoration-etc","8":"pa_delivery-time-please-contact-sales-staff","9":"pa_material-eucalyptus-alluminum-phenolic","10":"pa_parts-no-fs8006","11":"description-off","13":"first","14":"instock","15":"shipping-taxable","16":"product-type-simple"},"acf":[],"_links":{"self":[{"href":"https:\/\/fayshing.com\/pt-pt\/wp-json\/wp\/v2\/product\/4128","targetHints":{"allow":["GET"]}}],"collection":[{"href":"https:\/\/fayshing.com\/pt-pt\/wp-json\/wp\/v2\/product"}],"about":[{"href":"https:\/\/fayshing.com\/pt-pt\/wp-json\/wp\/v2\/types\/product"}],"replies":[{"embeddable":true,"href":"https:\/\/fayshing.com\/pt-pt\/wp-json\/wp\/v2\/comments?post=4128"}],"wp:featuredmedia":[{"embeddable":true,"href":"https:\/\/fayshing.com\/pt-pt\/wp-json\/wp\/v2\/media\/4130"}],"wp:attachment":[{"href":"https:\/\/fayshing.com\/pt-pt\/wp-json\/wp\/v2\/media?parent=4128"}],"wp:term":[{"taxonomy":"product_brand","embeddable":true,"href":"https:\/\/fayshing.com\/pt-pt\/wp-json\/wp\/v2\/product_brand?post=4128"},{"taxonomy":"product_cat","embeddable":true,"href":"https:\/\/fayshing.com\/pt-pt\/wp-json\/wp\/v2\/product_cat?post=4128"},{"taxonomy":"product_tag","embeddable":true,"href":"https:\/\/fayshing.com\/pt-pt\/wp-json\/wp\/v2\/product_tag?post=4128"}],"curies":[{"name":"wp","href":"https:\/\/api.w.org\/{rel}","templated":true}]}}