{"id":3427,"date":"2022-06-06T10:11:57","date_gmt":"2022-06-06T02:11:57","guid":{"rendered":"https:\/\/fayshing.com\/?post_type=product&#038;p=3427"},"modified":"2025-08-06T17:51:10","modified_gmt":"2025-08-06T09:51:10","slug":"lid-or-base-extrusions-high-cambered-fs-ae-q410","status":"publish","type":"product","link":"https:\/\/fayshing.com\/pt-pt\/product\/lid-or-base-extrusions-high-cambered-fs-ae-q410\/","title":{"rendered":"Extrus\u00f5es da tampa ou da base com curvatura alta FS-A032-Q410"},"content":{"rendered":"<p>Material: Alum\u00ednio<\/p>\n<p>Local\uff1a43.3mm<\/p>\n<p>Tratamento de superf\u00edcie: Branco prateado, mate<\/p>\n<p>Aplica\u00e7\u00e3o:Caixa de ar, Caixa militar, Caixa de alum\u00ednio, Caixa m\u00e9dica<\/p>","protected":false},"excerpt":{"rendered":"<p>Extrus\u00f5es especiais de alum\u00ednio<\/p>","protected":false},"featured_media":3437,"comment_status":"closed","ping_status":"closed","template":"","meta":{"_acf_changed":false},"product_brand":[],"product_cat":[111],"product_tag":[],"class_list":{"0":"post-3427","1":"product","2":"type-product","3":"status-publish","4":"has-post-thumbnail","6":"product_cat-extrusion","7":"pa_application-aluminum-box-equipment-box-toolbox","8":"pa_material-aluminium","9":"pa_surface-treatment-silvery-white-matte","10":"description-off","12":"first","13":"instock","14":"shipping-taxable","15":"product-type-simple"},"acf":[],"_links":{"self":[{"href":"https:\/\/fayshing.com\/pt-pt\/wp-json\/wp\/v2\/product\/3427","targetHints":{"allow":["GET"]}}],"collection":[{"href":"https:\/\/fayshing.com\/pt-pt\/wp-json\/wp\/v2\/product"}],"about":[{"href":"https:\/\/fayshing.com\/pt-pt\/wp-json\/wp\/v2\/types\/product"}],"replies":[{"embeddable":true,"href":"https:\/\/fayshing.com\/pt-pt\/wp-json\/wp\/v2\/comments?post=3427"}],"wp:featuredmedia":[{"embeddable":true,"href":"https:\/\/fayshing.com\/pt-pt\/wp-json\/wp\/v2\/media\/3437"}],"wp:attachment":[{"href":"https:\/\/fayshing.com\/pt-pt\/wp-json\/wp\/v2\/media?parent=3427"}],"wp:term":[{"taxonomy":"product_brand","embeddable":true,"href":"https:\/\/fayshing.com\/pt-pt\/wp-json\/wp\/v2\/product_brand?post=3427"},{"taxonomy":"product_cat","embeddable":true,"href":"https:\/\/fayshing.com\/pt-pt\/wp-json\/wp\/v2\/product_cat?post=3427"},{"taxonomy":"product_tag","embeddable":true,"href":"https:\/\/fayshing.com\/pt-pt\/wp-json\/wp\/v2\/product_tag?post=3427"}],"curies":[{"name":"wp","href":"https:\/\/api.w.org\/{rel}","templated":true}]}}