{"id":3426,"date":"2022-06-06T09:51:31","date_gmt":"2022-06-06T01:51:31","guid":{"rendered":"https:\/\/fayshing.com\/?post_type=product&#038;p=3426"},"modified":"2025-08-07T09:38:15","modified_gmt":"2025-08-07T01:38:15","slug":"single-angle-extrusion-leg-length%ef%bc%9a13mm-0-51","status":"publish","type":"product","link":"https:\/\/fayshing.com\/pt-pt\/product\/single-angle-extrusion-leg-length%ef%bc%9a13mm-0-51\/","title":{"rendered":"Extrus\u00e3o de alum\u00ednio de \u00e2ngulo simples de 13 mm FS-A002"},"content":{"rendered":"<p><strong>Extrus\u00e3o de alum\u00ednio de \u00e2ngulo simples de 13 mm FS-A002<\/strong><\/p>\n<p>Material: Alum\u00ednio<\/p>\n<p>Local\uff1a13mm<\/p>\n<p>Tratamento de superf\u00edcie: Branco prateado, mate<\/p>\n<p>Aplica\u00e7\u00e3o:Caixa de ar, Caixa militar, Caixa de alum\u00ednio, Caixa m\u00e9dica<\/p>","protected":false},"excerpt":{"rendered":"<p>Extrus\u00e3o de alum\u00ednio de \u00e2ngulo \u00fanico 13mm 0.51\u2033<\/p>","protected":false},"featured_media":3436,"comment_status":"closed","ping_status":"closed","template":"","meta":{"_acf_changed":false},"product_brand":[],"product_cat":[111],"product_tag":[],"class_list":{"0":"post-3426","1":"product","2":"type-product","3":"status-publish","4":"has-post-thumbnail","6":"product_cat-extrusion","7":"pa_application-aluminum-box-equipment-box-toolbox","8":"pa_material-aluminium","9":"pa_surface-treatment-silvery-white-matte","10":"description-off","12":"first","13":"instock","14":"shipping-taxable","15":"product-type-simple"},"acf":[],"_links":{"self":[{"href":"https:\/\/fayshing.com\/pt-pt\/wp-json\/wp\/v2\/product\/3426","targetHints":{"allow":["GET"]}}],"collection":[{"href":"https:\/\/fayshing.com\/pt-pt\/wp-json\/wp\/v2\/product"}],"about":[{"href":"https:\/\/fayshing.com\/pt-pt\/wp-json\/wp\/v2\/types\/product"}],"replies":[{"embeddable":true,"href":"https:\/\/fayshing.com\/pt-pt\/wp-json\/wp\/v2\/comments?post=3426"}],"wp:featuredmedia":[{"embeddable":true,"href":"https:\/\/fayshing.com\/pt-pt\/wp-json\/wp\/v2\/media\/3436"}],"wp:attachment":[{"href":"https:\/\/fayshing.com\/pt-pt\/wp-json\/wp\/v2\/media?parent=3426"}],"wp:term":[{"taxonomy":"product_brand","embeddable":true,"href":"https:\/\/fayshing.com\/pt-pt\/wp-json\/wp\/v2\/product_brand?post=3426"},{"taxonomy":"product_cat","embeddable":true,"href":"https:\/\/fayshing.com\/pt-pt\/wp-json\/wp\/v2\/product_cat?post=3426"},{"taxonomy":"product_tag","embeddable":true,"href":"https:\/\/fayshing.com\/pt-pt\/wp-json\/wp\/v2\/product_tag?post=3426"}],"curies":[{"name":"wp","href":"https:\/\/api.w.org\/{rel}","templated":true}]}}