{"id":3423,"date":"2022-06-06T09:45:04","date_gmt":"2022-06-06T01:45:04","guid":{"rendered":"https:\/\/fayshing.com\/?post_type=product&#038;p=3423"},"modified":"2025-08-07T09:39:12","modified_gmt":"2025-08-07T01:39:12","slug":"single-aluminium-extrusion-angle-for-flightcases-fsa005","status":"publish","type":"product","link":"https:\/\/fayshing.com\/pt-pt\/product\/single-aluminium-extrusion-angle-for-flightcases-fsa005\/","title":{"rendered":"\u00c2ngulo de extrus\u00e3o de alum\u00ednio simples para caixas de transporte FSA005"},"content":{"rendered":"<p><strong>\u00c2ngulo de extrus\u00e3o de alum\u00ednio simples de 22 mm<\/strong><\/p>\n<p>Material: Alum\u00ednio<\/p>\n<p>Local\uff1a22mm<\/p>\n<p>Tratamento de superf\u00edcie: Branco prateado, mate<\/p>\n<p>Aplica\u00e7\u00e3o:Caixa de ar, Caixa militar, Caixa de alum\u00ednio, Caixa m\u00e9dica<\/p>","protected":false},"excerpt":{"rendered":"<p>\u00c2ngulo de extrus\u00e3o de alum\u00ednio simples de 22 mm<\/p>","protected":false},"featured_media":3434,"comment_status":"closed","ping_status":"closed","template":"","meta":{"_acf_changed":false},"product_brand":[],"product_cat":[111],"product_tag":[],"class_list":{"0":"post-3423","1":"product","2":"type-product","3":"status-publish","4":"has-post-thumbnail","6":"product_cat-extrusion","7":"pa_application-air-boxmilitary-boxaluminum-boxmedical-box","8":"pa_material-aluminium","9":"pa_surface-treatment-silvery-white-matte","10":"description-off","12":"first","13":"instock","14":"shipping-taxable","15":"product-type-simple"},"acf":[],"_links":{"self":[{"href":"https:\/\/fayshing.com\/pt-pt\/wp-json\/wp\/v2\/product\/3423","targetHints":{"allow":["GET"]}}],"collection":[{"href":"https:\/\/fayshing.com\/pt-pt\/wp-json\/wp\/v2\/product"}],"about":[{"href":"https:\/\/fayshing.com\/pt-pt\/wp-json\/wp\/v2\/types\/product"}],"replies":[{"embeddable":true,"href":"https:\/\/fayshing.com\/pt-pt\/wp-json\/wp\/v2\/comments?post=3423"}],"wp:featuredmedia":[{"embeddable":true,"href":"https:\/\/fayshing.com\/pt-pt\/wp-json\/wp\/v2\/media\/3434"}],"wp:attachment":[{"href":"https:\/\/fayshing.com\/pt-pt\/wp-json\/wp\/v2\/media?parent=3423"}],"wp:term":[{"taxonomy":"product_brand","embeddable":true,"href":"https:\/\/fayshing.com\/pt-pt\/wp-json\/wp\/v2\/product_brand?post=3423"},{"taxonomy":"product_cat","embeddable":true,"href":"https:\/\/fayshing.com\/pt-pt\/wp-json\/wp\/v2\/product_cat?post=3423"},{"taxonomy":"product_tag","embeddable":true,"href":"https:\/\/fayshing.com\/pt-pt\/wp-json\/wp\/v2\/product_tag?post=3423"}],"curies":[{"name":"wp","href":"https:\/\/api.w.org\/{rel}","templated":true}]}}