{"id":3238,"date":"2022-05-17T10:15:43","date_gmt":"2022-05-17T02:15:43","guid":{"rendered":"https:\/\/fayshing.com\/index.php\/product\/fayshing-5534mm-latch-hasp-fs-1149\/"},"modified":"2025-08-18T10:40:28","modified_gmt":"2025-08-18T02:40:28","slug":"fayshing-5534mm-latch-hasp-fs-1149","status":"publish","type":"product","link":"https:\/\/fayshing.com\/pt-pt\/product\/fayshing-5534mm-latch-hasp-fs-1149\/","title":{"rendered":"Fecho de trinco de mala FS1149"},"content":{"rendered":"<p data-start=\"177\" data-end=\"456\">O <strong data-start=\"181\" data-end=\"213\">Fecho de trinco de mala FS-1149<\/strong> \u00e9 um fecho sem fecho, forte e pr\u00e1tico, concebido para pastas, caixas de arruma\u00e7\u00e3o e caixas de ferramentas. Com uma forma oval compacta com um fundo plano e um prato deslocado, proporciona um fecho fi\u00e1vel, mantendo um aspeto limpo e profissional.<\/p>\n<h3 data-start=\"458\" data-end=\"489\">Especifica\u00e7\u00f5es do produto<\/h3>\n<ul data-start=\"490\" data-end=\"714\">\n<li data-start=\"490\" data-end=\"512\">\n<p data-start=\"492\" data-end=\"512\"><strong data-start=\"492\" data-end=\"502\">Modelo:<\/strong> FS-1149<\/p>\n<\/li>\n<li data-start=\"513\" data-end=\"537\">\n<p data-start=\"515\" data-end=\"537\"><strong data-start=\"515\" data-end=\"524\">Tamanho:<\/strong> 55 \u00d7 34 mm<\/p>\n<\/li>\n<li data-start=\"538\" data-end=\"578\">\n<p data-start=\"540\" data-end=\"578\"><strong data-start=\"540\" data-end=\"553\">Material:<\/strong> Chapa fria \/ Fio de ferro<\/p>\n<\/li>\n<li data-start=\"579\" data-end=\"637\">\n<p data-start=\"581\" data-end=\"637\"><strong data-start=\"581\" data-end=\"592\">Conce\u00e7\u00e3o:<\/strong> Forma oval, fundo plano, prato deslocado de 13 mm<\/p>\n<\/li>\n<li data-start=\"638\" data-end=\"683\">\n<p data-start=\"640\" data-end=\"683\"><strong data-start=\"640\" data-end=\"659\">Op\u00e7\u00f5es de acabamento:<\/strong> Dourado, cromado, preto<\/p>\n<\/li>\n<li data-start=\"684\" data-end=\"714\">\n<p data-start=\"686\" data-end=\"714\"><strong data-start=\"686\" data-end=\"700\">Tipo de fechadura:<\/strong> Sem bloqueio<\/p>\n<\/li>\n<\/ul>\n<h3 data-start=\"716\" data-end=\"748\">Principais carater\u00edsticas e vantagens<\/h3>\n<ul data-start=\"749\" data-end=\"1266\">\n<li data-start=\"749\" data-end=\"876\">\n<p data-start=\"751\" data-end=\"876\"><strong data-start=\"751\" data-end=\"776\">Constru\u00e7\u00e3o duradoura:<\/strong> Fabricado em chapa de a\u00e7o a frio e fio de ferro refor\u00e7ado para uma excelente resist\u00eancia e uma longa vida \u00fatil.<\/p>\n<\/li>\n<li data-start=\"877\" data-end=\"964\">\n<p data-start=\"879\" data-end=\"964\"><strong data-start=\"879\" data-end=\"902\">Forma oval compacta:<\/strong> Tamanho de 55\u00d734 mm, com uma base plana para facilitar a instala\u00e7\u00e3o da caixa.<\/p>\n<\/li>\n<li data-start=\"965\" data-end=\"1066\">\n<p data-start=\"967\" data-end=\"1066\"><strong data-start=\"967\" data-end=\"990\">Design sem bloqueio:<\/strong> Fun\u00e7\u00e3o simples de abrir\/fechar para aplica\u00e7\u00f5es em que \u00e9 necess\u00e1rio um acesso r\u00e1pido.<\/p>\n<\/li>\n<li data-start=\"1067\" data-end=\"1161\">\n<p data-start=\"1069\" data-end=\"1161\"><strong data-start=\"1069\" data-end=\"1085\">Prato de compensa\u00e7\u00e3o:<\/strong> O desvio de 13 mm proporciona um encaixe est\u00e1vel e um acabamento nivelado nas superf\u00edcies da caixa.<\/p>\n<\/li>\n<li data-start=\"1162\" data-end=\"1266\">\n<p data-start=\"1164\" data-end=\"1266\"><strong data-start=\"1164\" data-end=\"1187\">Acabamentos vers\u00e1teis:<\/strong> Dispon\u00edvel em <strong data-start=\"1201\" data-end=\"1230\">Dourado, cromado e preto<\/strong> para combinar com o hardware de diferentes caixas.<\/p>\n<\/li>\n<\/ul>\n<h3 data-start=\"1268\" data-end=\"1289\">Aplica\u00e7\u00f5es<\/h3>\n<p data-start=\"1290\" data-end=\"1373\">O fecho de seguran\u00e7a para pastas FS-1149 \u00e9 adequado para uma vasta gama de utiliza\u00e7\u00f5es, incluindo:<\/p>\n<ul data-start=\"1374\" data-end=\"1530\">\n<li data-start=\"1374\" data-end=\"1416\">\n<p data-start=\"1376\" data-end=\"1416\">Pastas de neg\u00f3cios e pastas para documentos<\/p>\n<\/li>\n<li data-start=\"1417\" data-end=\"1457\">\n<p data-start=\"1419\" data-end=\"1457\">Caixas de ferramentas e caixas de arruma\u00e7\u00e3o port\u00e1teis<\/p>\n<\/li>\n<li data-start=\"1458\" data-end=\"1486\">\n<p data-start=\"1460\" data-end=\"1486\">Estojos para instrumentos musicais<\/p>\n<\/li>\n<li data-start=\"1487\" data-end=\"1530\">\n<p data-start=\"1489\" data-end=\"1530\">Malas, malas personalizadas e malas de viagem<\/p>\n<\/li>\n<\/ul>\n<h3 data-start=\"1532\" data-end=\"1560\">Porqu\u00ea escolher o FS-1149?<\/h3>\n<ul data-start=\"1561\" data-end=\"1885\">\n<li data-start=\"1561\" data-end=\"1649\">\n<p data-start=\"1563\" data-end=\"1649\">Excelente op\u00e7\u00e3o de substitui\u00e7\u00e3o para os produtos danificados ou em falta <strong data-start=\"1615\" data-end=\"1647\">fechos e fechos para pastas<\/strong><\/p>\n<\/li>\n<li data-start=\"1650\" data-end=\"1734\">\n<p data-start=\"1652\" data-end=\"1734\">Op\u00e7\u00f5es de acabamento de n\u00edvel profissional para produ\u00e7\u00e3o OEM e repara\u00e7\u00e3o p\u00f3s-venda<\/p>\n<\/li>\n<li data-start=\"1735\" data-end=\"1808\">\n<p data-start=\"1737\" data-end=\"1808\">Instala\u00e7\u00e3o f\u00e1cil com design compacto para caixas pequenas e m\u00e9dias<\/p>\n<\/li>\n<li data-start=\"1809\" data-end=\"1885\">\n<p data-start=\"1811\" data-end=\"1885\">Dispon\u00edvel para <strong data-start=\"1825\" data-end=\"1883\">compra a granel, fornecimento por grosso e personaliza\u00e7\u00e3o OEM<\/strong><\/p>\n<\/li>\n<\/ul>","protected":false},"excerpt":{"rendered":"<p>Tamanho: 55*34mm<br \/>\nMaterial: placa fria\/fio de ferro<br \/>\nAcabado: Dourado, Cromado, Preto<br \/>\nDescri\u00e7\u00e3o: Oval, Oval, O fundo \u00e9 plano<br \/>\nPrato deslocado: 13mm<br \/>\nBloqueio: Sem bloqueio<\/p>","protected":false},"featured_media":5275,"comment_status":"closed","ping_status":"closed","template":"","meta":{"_acf_changed":false},"product_brand":[],"product_cat":[23,162],"product_tag":[],"class_list":{"0":"post-3238","1":"product","2":"type-product","3":"status-publish","4":"has-post-thumbnail","6":"product_cat-latches","7":"product_cat-briefcase-draw-latches","8":"description-off","10":"first","11":"instock","12":"shipping-taxable","13":"product-type-simple"},"acf":[],"_links":{"self":[{"href":"https:\/\/fayshing.com\/pt-pt\/wp-json\/wp\/v2\/product\/3238","targetHints":{"allow":["GET"]}}],"collection":[{"href":"https:\/\/fayshing.com\/pt-pt\/wp-json\/wp\/v2\/product"}],"about":[{"href":"https:\/\/fayshing.com\/pt-pt\/wp-json\/wp\/v2\/types\/product"}],"replies":[{"embeddable":true,"href":"https:\/\/fayshing.com\/pt-pt\/wp-json\/wp\/v2\/comments?post=3238"}],"wp:featuredmedia":[{"embeddable":true,"href":"https:\/\/fayshing.com\/pt-pt\/wp-json\/wp\/v2\/media\/5275"}],"wp:attachment":[{"href":"https:\/\/fayshing.com\/pt-pt\/wp-json\/wp\/v2\/media?parent=3238"}],"wp:term":[{"taxonomy":"product_brand","embeddable":true,"href":"https:\/\/fayshing.com\/pt-pt\/wp-json\/wp\/v2\/product_brand?post=3238"},{"taxonomy":"product_cat","embeddable":true,"href":"https:\/\/fayshing.com\/pt-pt\/wp-json\/wp\/v2\/product_cat?post=3238"},{"taxonomy":"product_tag","embeddable":true,"href":"https:\/\/fayshing.com\/pt-pt\/wp-json\/wp\/v2\/product_tag?post=3238"}],"curies":[{"name":"wp","href":"https:\/\/api.w.org\/{rel}","templated":true}]}}