{"id":3237,"date":"2022-05-17T10:15:43","date_gmt":"2022-05-17T02:15:43","guid":{"rendered":"https:\/\/fayshing.com\/index.php\/product\/fayshing-5534mm-latch-hasp-fs-1148\/"},"modified":"2025-06-23T11:29:00","modified_gmt":"2025-06-23T03:29:00","slug":"fayshing-5534mm-latch-hasp-fs-1148","status":"publish","type":"product","link":"https:\/\/fayshing.com\/pt-pt\/product\/fayshing-5534mm-latch-hasp-fs-1148\/","title":{"rendered":"Trava de fecho para pasta FS1150"},"content":{"rendered":"<h5>Temos fivelas e fechaduras de caixa\/caixa em diferentes formatos e cores para atender \u00e0s suas diversas necessidades. Todos os tipos de lindos designs, protegendo sua caixa e tamb\u00e9m decorando sua caixa\/estojo.<\/h5>\n<p>\u2605 Tamanho: 55*34 mm.<br \/>\n\u2605 Qualidade: 100% novo, com um design requintado e bonito.<br \/>\n\u2605 Material: Feito de bom ferro, forte e dur\u00e1vel para usar, n\u00e3o \u00e9 f\u00e1cil de enferrujar.<br \/>\n\u2605 Aplica\u00e7\u00e3o: A trava de altern\u00e2ncia geralmente usa em caixa de alum\u00ednio, caixa de ferramentas, mala, pasta, caixa de maquiagem, caixa de j\u00f3ias, etc.<br \/>\nNota: Todos os tamanhos s\u00e3o apenas para sua refer\u00eancia. Erro de dados de 1 ~ 2 mm \u00e9 permitido. Obrigado pela sua compreens\u00e3o.<\/p>","protected":false},"excerpt":{"rendered":"<p>Tamanho: 55*34mm<br \/>\nMaterial: placa fria\/fio de ferro<br \/>\nAcabado: Dourado, Cromado, Preto<br \/>\nDescri\u00e7\u00e3o: Oval<br \/>\nPrato deslocado: 13mm<br \/>\nBloqueio: Sem bloqueio<\/p>","protected":false},"featured_media":5274,"comment_status":"closed","ping_status":"closed","template":"","meta":{"_acf_changed":false},"product_brand":[],"product_cat":[23,162],"product_tag":[],"class_list":{"0":"post-3237","1":"product","2":"type-product","3":"status-publish","4":"has-post-thumbnail","6":"product_cat-latches","7":"product_cat-briefcase-draw-latches","8":"description-off","10":"first","11":"instock","12":"shipping-taxable","13":"product-type-simple"},"acf":[],"_links":{"self":[{"href":"https:\/\/fayshing.com\/pt-pt\/wp-json\/wp\/v2\/product\/3237","targetHints":{"allow":["GET"]}}],"collection":[{"href":"https:\/\/fayshing.com\/pt-pt\/wp-json\/wp\/v2\/product"}],"about":[{"href":"https:\/\/fayshing.com\/pt-pt\/wp-json\/wp\/v2\/types\/product"}],"replies":[{"embeddable":true,"href":"https:\/\/fayshing.com\/pt-pt\/wp-json\/wp\/v2\/comments?post=3237"}],"wp:featuredmedia":[{"embeddable":true,"href":"https:\/\/fayshing.com\/pt-pt\/wp-json\/wp\/v2\/media\/5274"}],"wp:attachment":[{"href":"https:\/\/fayshing.com\/pt-pt\/wp-json\/wp\/v2\/media?parent=3237"}],"wp:term":[{"taxonomy":"product_brand","embeddable":true,"href":"https:\/\/fayshing.com\/pt-pt\/wp-json\/wp\/v2\/product_brand?post=3237"},{"taxonomy":"product_cat","embeddable":true,"href":"https:\/\/fayshing.com\/pt-pt\/wp-json\/wp\/v2\/product_cat?post=3237"},{"taxonomy":"product_tag","embeddable":true,"href":"https:\/\/fayshing.com\/pt-pt\/wp-json\/wp\/v2\/product_tag?post=3237"}],"curies":[{"name":"wp","href":"https:\/\/api.w.org\/{rel}","templated":true}]}}