{"id":3234,"date":"2022-05-17T10:15:42","date_gmt":"2022-05-17T02:15:42","guid":{"rendered":"https:\/\/fayshing.com\/index.php\/product\/fayshing-5534mm-latch-hasp-fs-1038\/"},"modified":"2025-08-18T10:33:44","modified_gmt":"2025-08-18T02:33:44","slug":"fayshing-5534mm-latch-hasp-fs-1038","status":"publish","type":"product","link":"https:\/\/fayshing.com\/pt-pt\/product\/fayshing-5534mm-latch-hasp-fs-1038\/","title":{"rendered":"Fecho de trinco de mala FS-1038"},"content":{"rendered":"<p data-start=\"131\" data-end=\"438\">O <strong data-start=\"135\" data-end=\"167\">Fecho de trinco de mala FS-1038<\/strong> \u00e9 um acess\u00f3rio de hardware dur\u00e1vel e pr\u00e1tico concebido para proteger pastas, bagagens, caixas de ferramentas e caixas de armazenamento. Com um design oval compacto e uma fun\u00e7\u00e3o sem bloqueio, este fecho de ferrolho oferece fiabilidade e comodidade para utiliza\u00e7\u00e3o di\u00e1ria e aplica\u00e7\u00f5es industriais.<\/p>\n<h3 data-start=\"440\" data-end=\"471\">Especifica\u00e7\u00f5es do produto<\/h3>\n<ul data-start=\"472\" data-end=\"696\">\n<li data-start=\"472\" data-end=\"494\">\n<p data-start=\"474\" data-end=\"494\"><strong data-start=\"474\" data-end=\"484\">Modelo:<\/strong> FS-1038<\/p>\n<\/li>\n<li data-start=\"495\" data-end=\"519\">\n<p data-start=\"497\" data-end=\"519\"><strong data-start=\"497\" data-end=\"506\">Tamanho:<\/strong> 55 \u00d7 34 mm<\/p>\n<\/li>\n<li data-start=\"520\" data-end=\"560\">\n<p data-start=\"522\" data-end=\"560\"><strong data-start=\"522\" data-end=\"535\">Material:<\/strong> Chapa fria \/ Fio de ferro<\/p>\n<\/li>\n<li data-start=\"561\" data-end=\"619\">\n<p data-start=\"563\" data-end=\"619\"><strong data-start=\"563\" data-end=\"574\">Conce\u00e7\u00e3o:<\/strong> Forma oval, fundo plano, prato deslocado de 13 mm<\/p>\n<\/li>\n<li data-start=\"620\" data-end=\"665\">\n<p data-start=\"622\" data-end=\"665\"><strong data-start=\"622\" data-end=\"641\">Op\u00e7\u00f5es de acabamento:<\/strong> Dourado, cromado, preto<\/p>\n<\/li>\n<li data-start=\"666\" data-end=\"696\">\n<p data-start=\"668\" data-end=\"696\"><strong data-start=\"668\" data-end=\"682\">Tipo de fechadura:<\/strong> Sem bloqueio<\/p>\n<\/li>\n<\/ul>\n<h3 data-start=\"698\" data-end=\"730\">Principais carater\u00edsticas e vantagens<\/h3>\n<ul data-start=\"731\" data-end=\"1309\">\n<li data-start=\"731\" data-end=\"867\">\n<p data-start=\"733\" data-end=\"867\"><strong data-start=\"733\" data-end=\"755\">Forte e fi\u00e1vel:<\/strong> Fabricado em chapa de a\u00e7o a frio de alta qualidade com arame de ferro refor\u00e7ado, garantindo um desempenho duradouro.<\/p>\n<\/li>\n<li data-start=\"868\" data-end=\"971\">\n<p data-start=\"870\" data-end=\"971\"><strong data-start=\"870\" data-end=\"889\">Design compacto:<\/strong> Tamanho de 55\u00d734 mm com uma forma oval elegante, adequado para caixas pequenas e m\u00e9dias.<\/p>\n<\/li>\n<li data-start=\"972\" data-end=\"1087\">\n<p data-start=\"974\" data-end=\"1087\"><strong data-start=\"974\" data-end=\"996\">Instala\u00e7\u00e3o f\u00e1cil:<\/strong> O design padr\u00e3o do prato deslocado (13 mm) facilita a montagem em diferentes superf\u00edcies da caixa.<\/p>\n<\/li>\n<li data-start=\"1088\" data-end=\"1191\">\n<p data-start=\"1090\" data-end=\"1191\"><strong data-start=\"1090\" data-end=\"1113\">Acesso sem bloqueio:<\/strong> Pr\u00e1tico para aplica\u00e7\u00f5es em que \u00e9 prefer\u00edvel uma fun\u00e7\u00e3o de abertura\/fecho r\u00e1pido.<\/p>\n<\/li>\n<li data-start=\"1192\" data-end=\"1309\">\n<p data-start=\"1194\" data-end=\"1309\"><strong data-start=\"1194\" data-end=\"1216\">Acabamentos m\u00faltiplos:<\/strong> Dispon\u00edvel em <strong data-start=\"1230\" data-end=\"1259\">Dourado, cromado e preto<\/strong> para corresponder a diferentes designs e est\u00e9ticas de caixas.<\/p>\n<\/li>\n<\/ul>\n<h3 data-start=\"1311\" data-end=\"1332\">Aplica\u00e7\u00f5es<\/h3>\n<p data-start=\"1333\" data-end=\"1427\">O ferrolho de trinco FS-1038 \u00e9 amplamente utilizado em diferentes sectores e tipos de caixas, incluindo<\/p>\n<ul data-start=\"1428\" data-end=\"1590\">\n<li data-start=\"1428\" data-end=\"1470\">\n<p data-start=\"1430\" data-end=\"1470\">Pastas de neg\u00f3cios e pastas para documentos<\/p>\n<\/li>\n<li data-start=\"1471\" data-end=\"1511\">\n<p data-start=\"1473\" data-end=\"1511\">Caixas de arruma\u00e7\u00e3o e caixas de ferramentas port\u00e1teis<\/p>\n<\/li>\n<li data-start=\"1512\" data-end=\"1540\">\n<p data-start=\"1514\" data-end=\"1540\">Estojos para instrumentos musicais<\/p>\n<\/li>\n<li data-start=\"1541\" data-end=\"1590\">\n<p data-start=\"1543\" data-end=\"1590\">Malas de viagem, malas de avi\u00e3o e malas feitas por medida<\/p>\n<\/li>\n<\/ul>\n<h3 data-start=\"1592\" data-end=\"1620\">Porqu\u00ea escolher o FS-1038?<\/h3>\n<ul data-start=\"1621\" data-end=\"2001\">\n<li data-start=\"1621\" data-end=\"1700\">\n<p data-start=\"1623\" data-end=\"1700\">Solu\u00e7\u00e3o de substitui\u00e7\u00e3o para pe\u00e7as partidas ou em falta <strong data-start=\"1666\" data-end=\"1698\">fechos e fechos para pastas<\/strong><\/p>\n<\/li>\n<li data-start=\"1701\" data-end=\"1802\">\n<p data-start=\"1703\" data-end=\"1802\">Compat\u00edvel com uma variedade de designs de caixas, tornando-o vers\u00e1til para fabricantes e oficinas de repara\u00e7\u00e3o<\/p>\n<\/li>\n<li data-start=\"1803\" data-end=\"1884\">\n<p data-start=\"1805\" data-end=\"1884\">Op\u00e7\u00f5es de acabamento profissional adequadas tanto para o mercado de consumo como para o mercado comercial<\/p>\n<\/li>\n<li data-start=\"1885\" data-end=\"2001\">\n<p data-start=\"1887\" data-end=\"2001\">Compra a granel e personaliza\u00e7\u00e3o OEM dispon\u00edveis para <strong data-start=\"1937\" data-end=\"1999\">fabricantes de caixas, distribuidores de ferragens e grossistas<\/strong><\/p>\n<\/li>\n<\/ul>","protected":false},"excerpt":{"rendered":"<ul>\n<li>Tamanho: 55*34 mm<\/li>\n<li>Material: placa fria\/fio de ferro<\/li>\n<li>Acabado: Dourado, Cromado, Preto<\/li>\n<li>Descri\u00e7\u00e3o: Oval, o fundo \u00e9 plano<\/li>\n<li>Prato deslocado: 13mm<\/li>\n<li>Bloqueio: Sem bloqueio<\/li>\n<\/ul>","protected":false},"featured_media":5244,"comment_status":"closed","ping_status":"closed","template":"","meta":{"_acf_changed":false},"product_brand":[],"product_cat":[23,162],"product_tag":[],"class_list":{"0":"post-3234","1":"product","2":"type-product","3":"status-publish","4":"has-post-thumbnail","6":"product_cat-latches","7":"product_cat-briefcase-draw-latches","8":"description-off","10":"first","11":"instock","12":"shipping-taxable","13":"product-type-simple"},"acf":[],"_links":{"self":[{"href":"https:\/\/fayshing.com\/pt-pt\/wp-json\/wp\/v2\/product\/3234","targetHints":{"allow":["GET"]}}],"collection":[{"href":"https:\/\/fayshing.com\/pt-pt\/wp-json\/wp\/v2\/product"}],"about":[{"href":"https:\/\/fayshing.com\/pt-pt\/wp-json\/wp\/v2\/types\/product"}],"replies":[{"embeddable":true,"href":"https:\/\/fayshing.com\/pt-pt\/wp-json\/wp\/v2\/comments?post=3234"}],"wp:featuredmedia":[{"embeddable":true,"href":"https:\/\/fayshing.com\/pt-pt\/wp-json\/wp\/v2\/media\/5244"}],"wp:attachment":[{"href":"https:\/\/fayshing.com\/pt-pt\/wp-json\/wp\/v2\/media?parent=3234"}],"wp:term":[{"taxonomy":"product_brand","embeddable":true,"href":"https:\/\/fayshing.com\/pt-pt\/wp-json\/wp\/v2\/product_brand?post=3234"},{"taxonomy":"product_cat","embeddable":true,"href":"https:\/\/fayshing.com\/pt-pt\/wp-json\/wp\/v2\/product_cat?post=3234"},{"taxonomy":"product_tag","embeddable":true,"href":"https:\/\/fayshing.com\/pt-pt\/wp-json\/wp\/v2\/product_tag?post=3234"}],"curies":[{"name":"wp","href":"https:\/\/api.w.org\/{rel}","templated":true}]}}