{"id":3231,"date":"2022-05-17T10:15:41","date_gmt":"2022-05-17T02:15:41","guid":{"rendered":"https:\/\/fayshing.com\/index.php\/product\/fayshing-5534mm-lockable-latch-hasp-fs-1035\/"},"modified":"2025-06-23T13:45:32","modified_gmt":"2025-06-23T05:45:32","slug":"fayshing-5534mm-lockable-latch-hasp-fs-1035","status":"publish","type":"product","link":"https:\/\/fayshing.com\/pt-pt\/product\/fayshing-5534mm-lockable-latch-hasp-fs-1035\/","title":{"rendered":"Fecho de trinco de mala com fechadura FS-1035"},"content":{"rendered":"<h5>Temos fivelas e fechaduras de caixa\/caixa em diferentes formatos e cores para atender \u00e0s suas diversas necessidades. Todos os tipos de lindos designs, protegendo sua caixa e tamb\u00e9m decorando sua caixa\/estojo.<\/h5>\n<ul>\n<li>Tamanho: 55*34mm<\/li>\n<li>Material: placa fria\/fio de ferro<\/li>\n<li>Acabado: Dourado, Cromado, Preto<\/li>\n<li>Descri\u00e7\u00e3o: Oval, o fundo \u00e9 plano<\/li>\n<li>Prato deslocado: 13mm<\/li>\n<li>Bloqueio: Bloqueio<\/li>\n<li>Cilindro de fechadura: Cobre<\/li>\n<\/ul>\n<p>[Dimens\u00e3o do produto]: 55*34 mm.<br \/>\n[F\u00e1cil de usar]: Basta levantar o bra\u00e7o de tra\u00e7\u00e3o para abrir.<br \/>\n[V\u00e1rias aplica\u00e7\u00f5es]: Usado para estojo de alum\u00ednio, caixa de ferramentas, mala, ba\u00fa, caixas de bugigangas e muito mais!<br \/>\n[Caracter\u00edstica do produto]: Com for\u00e7a de tra\u00e7\u00e3o, estrutura simples, f\u00e1cil de instalar, dur\u00e1vel.<br \/>\n[Instala\u00e7\u00e3o]: De acordo com as especifica\u00e7\u00f5es do produto, fixe um bom tamanho e, em seguida, use opera\u00e7\u00f5es de rebite\/parafuso\/soldagem por pontos.<\/p>","protected":false},"excerpt":{"rendered":"<ul>\n<li>Tamanho: 55*34mm<\/li>\n<li>Material: placa fria\/fio de ferro<\/li>\n<li>Acabado: Dourado, Cromado, Preto<\/li>\n<li>Descri\u00e7\u00e3o: Oval, o fundo \u00e9 plano<\/li>\n<li>Prato deslocado: 13mm<\/li>\n<li>Bloqueio: Bloqueio<\/li>\n<li>Cilindro de fechadura: Cobre<\/li>\n<\/ul>","protected":false},"featured_media":3278,"comment_status":"closed","ping_status":"closed","template":"","meta":{"_acf_changed":false},"product_brand":[],"product_cat":[23,162],"product_tag":[],"class_list":{"0":"post-3231","1":"product","2":"type-product","3":"status-publish","4":"has-post-thumbnail","6":"product_cat-latches","7":"product_cat-briefcase-draw-latches","8":"pa_material-iron","9":"pa_surface-treatment-black","10":"pa_surface-treatment-chrome","11":"pa_surface-treatment-golden","12":"description-off","14":"first","15":"instock","16":"shipping-taxable","17":"product-type-simple"},"acf":[],"_links":{"self":[{"href":"https:\/\/fayshing.com\/pt-pt\/wp-json\/wp\/v2\/product\/3231","targetHints":{"allow":["GET"]}}],"collection":[{"href":"https:\/\/fayshing.com\/pt-pt\/wp-json\/wp\/v2\/product"}],"about":[{"href":"https:\/\/fayshing.com\/pt-pt\/wp-json\/wp\/v2\/types\/product"}],"replies":[{"embeddable":true,"href":"https:\/\/fayshing.com\/pt-pt\/wp-json\/wp\/v2\/comments?post=3231"}],"wp:featuredmedia":[{"embeddable":true,"href":"https:\/\/fayshing.com\/pt-pt\/wp-json\/wp\/v2\/media\/3278"}],"wp:attachment":[{"href":"https:\/\/fayshing.com\/pt-pt\/wp-json\/wp\/v2\/media?parent=3231"}],"wp:term":[{"taxonomy":"product_brand","embeddable":true,"href":"https:\/\/fayshing.com\/pt-pt\/wp-json\/wp\/v2\/product_brand?post=3231"},{"taxonomy":"product_cat","embeddable":true,"href":"https:\/\/fayshing.com\/pt-pt\/wp-json\/wp\/v2\/product_cat?post=3231"},{"taxonomy":"product_tag","embeddable":true,"href":"https:\/\/fayshing.com\/pt-pt\/wp-json\/wp\/v2\/product_tag?post=3231"}],"curies":[{"name":"wp","href":"https:\/\/api.w.org\/{rel}","templated":true}]}}