{"id":3228,"date":"2022-05-17T10:15:39","date_gmt":"2022-05-17T02:15:39","guid":{"rendered":"https:\/\/fayshing.com\/index.php\/product\/fayshing-6034-5mm-latch-hasp-fs-1032\/"},"modified":"2025-08-08T14:46:19","modified_gmt":"2025-08-08T06:46:19","slug":"fayshing-6034-5mm-latch-hasp-fs-1032","status":"publish","type":"product","link":"https:\/\/fayshing.com\/pt-pt\/product\/fayshing-6034-5mm-latch-hasp-fs-1032\/","title":{"rendered":"Hasp de trava de pasta FS-1032"},"content":{"rendered":"<p data-start=\"117\" data-end=\"398\">O <strong data-start=\"121\" data-end=\"153\">FS-1032 Fecho de trinco de mala<\/strong> \u00e9 uma solu\u00e7\u00e3o de fecho compacta e duradoura concebida para pastas, estojos de instrumentos e pequenas caixas de arruma\u00e7\u00e3o. Com uma <strong data-start=\"273\" data-end=\"288\">lado mais alto<\/strong> perfil e <strong data-start=\"301\" data-end=\"321\">Prato deslocado de 13 mm<\/strong>Este fecho proporciona um ajuste seguro, permitindo uma abertura e um fecho suaves.<\/p>\n<p data-start=\"400\" data-end=\"753\">Fabricado a partir de <strong data-start=\"418\" data-end=\"459\">chapa de a\u00e7o laminada a frio e fio de ferro<\/strong>O FS-1032 combina for\u00e7a com um aspeto limpo e profissional. Dispon\u00edvel em <strong data-start=\"537\" data-end=\"547\">dourado<\/strong>, <strong data-start=\"549\" data-end=\"559\">cromo<\/strong>, ou <strong data-start=\"564\" data-end=\"573\">preto<\/strong> pode combinar com uma variedade de designs de caixas. Este <strong data-start=\"629\" data-end=\"644\">sem bloqueio<\/strong> \u00e9 ideal para aplica\u00e7\u00f5es em que \u00e9 prefer\u00edvel um acesso r\u00e1pido sem comprometer a fiabilidade do fecho.<\/p>\n<p data-start=\"755\" data-end=\"772\"><strong data-start=\"755\" data-end=\"772\">Carater\u00edsticas principais:<\/strong><\/p>\n<ul data-start=\"773\" data-end=\"1102\">\n<li data-start=\"773\" data-end=\"798\">\n<p data-start=\"775\" data-end=\"798\">C\u00f3digo do produto: FS-1032<\/p>\n<\/li>\n<li data-start=\"799\" data-end=\"829\">\n<p data-start=\"801\" data-end=\"829\">Tipo: Fecho de trinco de mala<\/p>\n<\/li>\n<li data-start=\"830\" data-end=\"851\">\n<p data-start=\"832\" data-end=\"851\">Tamanho: 60 \u00d7 34,5 mm<\/p>\n<\/li>\n<li data-start=\"852\" data-end=\"888\">\n<p data-start=\"854\" data-end=\"888\">Material: Chapa fria e fio de ferro<\/p>\n<\/li>\n<li data-start=\"889\" data-end=\"926\">\n<p data-start=\"891\" data-end=\"926\">Acabamentos: Dourado \/ Cromado \/ Preto<\/p>\n<\/li>\n<li data-start=\"927\" data-end=\"980\">\n<p data-start=\"929\" data-end=\"980\">Design: Perfil lateral mais alto com prato deslocado de 13 mm<\/p>\n<\/li>\n<li data-start=\"981\" data-end=\"1020\">\n<p data-start=\"983\" data-end=\"1020\">Bloqueio: Sem bloqueio - acesso r\u00e1pido<\/p>\n<\/li>\n<li data-start=\"1021\" data-end=\"1102\">\n<p data-start=\"1023\" data-end=\"1102\">Aplica\u00e7\u00f5es: Malas, estojos para instrumentos, estojos para ferramentas e caixas personalizadas<\/p>\n<\/li>\n<\/ul>\n<p data-start=\"1104\" data-end=\"1243\">Uma escolha de hardware fi\u00e1vel e elegante para um fecho seguro e conveniente, o FS-1032 \u00e9 perfeito para fabricantes de malas e projectos de repara\u00e7\u00e3o.<\/p>","protected":false},"excerpt":{"rendered":"<ul>\n<li>Tamanho: 60*34,5mm<\/li>\n<li>Material: placa fria\/fio de ferro<\/li>\n<li>Acabado: Dourado, Cromado, Preto<\/li>\n<li>Descri\u00e7\u00e3o: Lado superior<\/li>\n<li>Prato deslocado: 13mm<\/li>\n<li>Bloqueio: Sem bloqueio<\/li>\n<\/ul>","protected":false},"featured_media":6381,"comment_status":"closed","ping_status":"closed","template":"","meta":{"_acf_changed":false},"product_brand":[],"product_cat":[23,162],"product_tag":[],"class_list":{"0":"post-3228","1":"product","2":"type-product","3":"status-publish","4":"has-post-thumbnail","6":"product_cat-latches","7":"product_cat-briefcase-draw-latches","8":"description-off","10":"first","11":"instock","12":"shipping-taxable","13":"product-type-simple"},"acf":[],"_links":{"self":[{"href":"https:\/\/fayshing.com\/pt-pt\/wp-json\/wp\/v2\/product\/3228","targetHints":{"allow":["GET"]}}],"collection":[{"href":"https:\/\/fayshing.com\/pt-pt\/wp-json\/wp\/v2\/product"}],"about":[{"href":"https:\/\/fayshing.com\/pt-pt\/wp-json\/wp\/v2\/types\/product"}],"replies":[{"embeddable":true,"href":"https:\/\/fayshing.com\/pt-pt\/wp-json\/wp\/v2\/comments?post=3228"}],"wp:featuredmedia":[{"embeddable":true,"href":"https:\/\/fayshing.com\/pt-pt\/wp-json\/wp\/v2\/media\/6381"}],"wp:attachment":[{"href":"https:\/\/fayshing.com\/pt-pt\/wp-json\/wp\/v2\/media?parent=3228"}],"wp:term":[{"taxonomy":"product_brand","embeddable":true,"href":"https:\/\/fayshing.com\/pt-pt\/wp-json\/wp\/v2\/product_brand?post=3228"},{"taxonomy":"product_cat","embeddable":true,"href":"https:\/\/fayshing.com\/pt-pt\/wp-json\/wp\/v2\/product_cat?post=3228"},{"taxonomy":"product_tag","embeddable":true,"href":"https:\/\/fayshing.com\/pt-pt\/wp-json\/wp\/v2\/product_tag?post=3228"}],"curies":[{"name":"wp","href":"https:\/\/api.w.org\/{rel}","templated":true}]}}