{"id":3224,"date":"2022-05-17T10:15:35","date_gmt":"2022-05-17T02:15:35","guid":{"rendered":"https:\/\/fayshing.com\/index.php\/product\/fayshing-6333-5mm-latch-hasp-fs-1028\/"},"modified":"2025-08-08T17:23:55","modified_gmt":"2025-08-08T09:23:55","slug":"fayshing-6333-5mm-latch-hasp-fs-1028","status":"publish","type":"product","link":"https:\/\/fayshing.com\/pt-pt\/product\/fayshing-6333-5mm-latch-hasp-fs-1028\/","title":{"rendered":"Fecho de trinco de mala FS-1028"},"content":{"rendered":"<p data-start=\"116\" data-end=\"383\">O <strong data-start=\"120\" data-end=\"152\">FS-1028 Fecho de trinco de mala<\/strong> \u00e9 uma solu\u00e7\u00e3o de fecho compacta e duradoura concebida para pastas, estojos de instrumentos, estojos de ferramentas e caixas de armazenamento personalizadas. Medi\u00e7\u00e3o <strong data-start=\"286\" data-end=\"301\">63 \u00d7 33,5 mm<\/strong>, possui uma <strong data-start=\"317\" data-end=\"337\">Prato deslocado de 13 mm<\/strong> para um alinhamento preciso e uma fixa\u00e7\u00e3o segura.<\/p>\n<p data-start=\"385\" data-end=\"673\">Fabricado a partir de <strong data-start=\"403\" data-end=\"430\">chapa de a\u00e7o laminada a frio<\/strong> e <strong data-start=\"435\" data-end=\"448\">fio de ferro<\/strong>Este trinco oferece um desempenho duradouro, mantendo um aspeto profissional. Dispon\u00edvel em <strong data-start=\"545\" data-end=\"555\">dourado<\/strong>, <strong data-start=\"557\" data-end=\"567\">cromo<\/strong>, ou <strong data-start=\"572\" data-end=\"581\">preto<\/strong> acabamentos, o FS-1028 \u00e9 ideal para projectos em que \u00e9 prefer\u00edvel um acesso r\u00e1pido e sem bloqueio.<\/p>\n<p data-start=\"675\" data-end=\"694\"><strong data-start=\"675\" data-end=\"692\">Carater\u00edsticas principais:<\/strong><\/p>\n<ul data-start=\"695\" data-end=\"1003\">\n<li data-start=\"695\" data-end=\"720\">\n<p data-start=\"697\" data-end=\"720\">C\u00f3digo do produto: FS-1028<\/p>\n<\/li>\n<li data-start=\"721\" data-end=\"751\">\n<p data-start=\"723\" data-end=\"751\">Tipo: Fecho de trinco de mala<\/p>\n<\/li>\n<li data-start=\"752\" data-end=\"773\">\n<p data-start=\"754\" data-end=\"773\">Tamanho: 63 \u00d7 33,5 mm<\/p>\n<\/li>\n<li data-start=\"774\" data-end=\"810\">\n<p data-start=\"776\" data-end=\"810\">Material: Chapa fria e fio de ferro<\/p>\n<\/li>\n<li data-start=\"811\" data-end=\"854\">\n<p data-start=\"813\" data-end=\"854\">Op\u00e7\u00f5es de acabamento: Dourado \/ Cromado \/ Preto<\/p>\n<\/li>\n<li data-start=\"855\" data-end=\"876\">\n<p data-start=\"857\" data-end=\"876\">Prato deslocado: 13mm<\/p>\n<\/li>\n<li data-start=\"877\" data-end=\"929\">\n<p data-start=\"879\" data-end=\"929\">Bloqueio: Sem bloqueio - acesso r\u00e1pido sem chaves<\/p>\n<\/li>\n<li data-start=\"930\" data-end=\"1003\">\n<p data-start=\"932\" data-end=\"1003\">Aplica\u00e7\u00f5es: Pastas, estojos para instrumentos, estojos para ferramentas, caixas de arruma\u00e7\u00e3o<\/p>\n<\/li>\n<\/ul>\n<p data-start=\"1005\" data-end=\"1161\">O FS-1028 fornece <strong data-start=\"1026\" data-end=\"1084\">fecho seguro, funcionamento suave e um acabamento requintado<\/strong>tornando-o uma escolha fi\u00e1vel tanto para novas constru\u00e7\u00f5es como para projectos de substitui\u00e7\u00e3o.<\/p>","protected":false},"excerpt":{"rendered":"<ul>\n<li>Tamanho: 63*33,5 mm<\/li>\n<li>Material: placa fria\/fio de ferro<\/li>\n<li>Acabado: Dourado, Cromado, Preto<\/li>\n<li>Prato deslocado: 13mm<\/li>\n<li>Bloqueio: Sem bloqueio<\/li>\n<\/ul>","protected":false},"featured_media":3299,"comment_status":"closed","ping_status":"closed","template":"","meta":{"_acf_changed":false},"product_brand":[],"product_cat":[23,162],"product_tag":[],"class_list":{"0":"post-3224","1":"product","2":"type-product","3":"status-publish","4":"has-post-thumbnail","6":"product_cat-latches","7":"product_cat-briefcase-draw-latches","8":"description-off","10":"first","11":"instock","12":"shipping-taxable","13":"product-type-simple"},"acf":[],"_links":{"self":[{"href":"https:\/\/fayshing.com\/pt-pt\/wp-json\/wp\/v2\/product\/3224","targetHints":{"allow":["GET"]}}],"collection":[{"href":"https:\/\/fayshing.com\/pt-pt\/wp-json\/wp\/v2\/product"}],"about":[{"href":"https:\/\/fayshing.com\/pt-pt\/wp-json\/wp\/v2\/types\/product"}],"replies":[{"embeddable":true,"href":"https:\/\/fayshing.com\/pt-pt\/wp-json\/wp\/v2\/comments?post=3224"}],"wp:featuredmedia":[{"embeddable":true,"href":"https:\/\/fayshing.com\/pt-pt\/wp-json\/wp\/v2\/media\/3299"}],"wp:attachment":[{"href":"https:\/\/fayshing.com\/pt-pt\/wp-json\/wp\/v2\/media?parent=3224"}],"wp:term":[{"taxonomy":"product_brand","embeddable":true,"href":"https:\/\/fayshing.com\/pt-pt\/wp-json\/wp\/v2\/product_brand?post=3224"},{"taxonomy":"product_cat","embeddable":true,"href":"https:\/\/fayshing.com\/pt-pt\/wp-json\/wp\/v2\/product_cat?post=3224"},{"taxonomy":"product_tag","embeddable":true,"href":"https:\/\/fayshing.com\/pt-pt\/wp-json\/wp\/v2\/product_tag?post=3224"}],"curies":[{"name":"wp","href":"https:\/\/api.w.org\/{rel}","templated":true}]}}