{"id":3222,"date":"2022-05-17T10:15:35","date_gmt":"2022-05-17T02:15:35","guid":{"rendered":"https:\/\/fayshing.com\/index.php\/product\/fayshing-5533mm-latch-hasp-fs-1026\/"},"modified":"2025-01-06T09:52:50","modified_gmt":"2025-01-06T01:52:50","slug":"fayshing-5533mm-latch-hasp-fs-1026","status":"publish","type":"product","link":"https:\/\/fayshing.com\/pt-pt\/product\/fayshing-5533mm-latch-hasp-fs-1026\/","title":{"rendered":"Fecho de trinco de mala FS-1026"},"content":{"rendered":"<h5>Temos fivelas e fechaduras de caixa\/caixa em diferentes formatos e cores para atender \u00e0s suas diversas necessidades. Todos os tipos de lindos designs, protegendo sua caixa e tamb\u00e9m decorando sua caixa\/estojo.<\/h5>\n<p>\u2605 Tamanho: 55*33 mm.<br \/>\n\u2605 Qualidade: 100% novo, com um design requintado e bonito.<br \/>\n\u2605 Material: Feito de bom ferro, forte e dur\u00e1vel para usar, n\u00e3o \u00e9 f\u00e1cil de enferrujar.<br \/>\n\u2605 Aplica\u00e7\u00e3o: A trava de altern\u00e2ncia geralmente usa em caixa de alum\u00ednio, caixa de ferramentas, mala, pasta, caixa de maquiagem, caixa de j\u00f3ias, etc.<br \/>\nNota: Todos os tamanhos s\u00e3o apenas para sua refer\u00eancia. Erro de dados de 1 ~ 2 mm \u00e9 permitido. Obrigado pela sua compreens\u00e3o.<\/p>","protected":false},"excerpt":{"rendered":"<ul>\n<li>Tamanho: 55*33mm<\/li>\n<li>Material: placa fria\/fio de ferro<\/li>\n<li>Acabado: Dourado, Cromado, Preto<\/li>\n<li>Prato deslocado: 13mm<\/li>\n<li>Bloqueio: Sem bloqueio<\/li>\n<\/ul>","protected":false},"featured_media":3294,"comment_status":"closed","ping_status":"closed","template":"","meta":{"_acf_changed":false},"product_brand":[],"product_cat":[162],"product_tag":[],"class_list":{"0":"post-3222","1":"product","2":"type-product","3":"status-publish","4":"has-post-thumbnail","6":"product_cat-briefcase-draw-latches","7":"description-off","9":"first","10":"instock","11":"shipping-taxable","12":"product-type-simple"},"acf":[],"_links":{"self":[{"href":"https:\/\/fayshing.com\/pt-pt\/wp-json\/wp\/v2\/product\/3222","targetHints":{"allow":["GET"]}}],"collection":[{"href":"https:\/\/fayshing.com\/pt-pt\/wp-json\/wp\/v2\/product"}],"about":[{"href":"https:\/\/fayshing.com\/pt-pt\/wp-json\/wp\/v2\/types\/product"}],"replies":[{"embeddable":true,"href":"https:\/\/fayshing.com\/pt-pt\/wp-json\/wp\/v2\/comments?post=3222"}],"wp:featuredmedia":[{"embeddable":true,"href":"https:\/\/fayshing.com\/pt-pt\/wp-json\/wp\/v2\/media\/3294"}],"wp:attachment":[{"href":"https:\/\/fayshing.com\/pt-pt\/wp-json\/wp\/v2\/media?parent=3222"}],"wp:term":[{"taxonomy":"product_brand","embeddable":true,"href":"https:\/\/fayshing.com\/pt-pt\/wp-json\/wp\/v2\/product_brand?post=3222"},{"taxonomy":"product_cat","embeddable":true,"href":"https:\/\/fayshing.com\/pt-pt\/wp-json\/wp\/v2\/product_cat?post=3222"},{"taxonomy":"product_tag","embeddable":true,"href":"https:\/\/fayshing.com\/pt-pt\/wp-json\/wp\/v2\/product_tag?post=3222"}],"curies":[{"name":"wp","href":"https:\/\/api.w.org\/{rel}","templated":true}]}}