{"id":3218,"date":"2022-05-17T10:15:30","date_gmt":"2022-05-17T02:15:30","guid":{"rendered":"https:\/\/fayshing.com\/index.php\/product\/fayshing-6333-5mm-latch-hasp-fs-1022\/"},"modified":"2025-08-08T17:24:54","modified_gmt":"2025-08-08T09:24:54","slug":"fayshing-6333-5mm-latch-hasp-fs-1022","status":"publish","type":"product","link":"https:\/\/fayshing.com\/pt-pt\/product\/fayshing-6333-5mm-latch-hasp-fs-1022\/","title":{"rendered":"Fecho de trinco de mala FS-1022"},"content":{"rendered":"<p data-start=\"116\" data-end=\"374\">O <strong data-start=\"120\" data-end=\"152\">FS-1022 Fecho de trinco de mala<\/strong> \u00e9 uma solu\u00e7\u00e3o de fecho compacta e fi\u00e1vel concebida para pastas, estojos de instrumentos, estojos de ferramentas e caixas de arruma\u00e7\u00e3o. Medi\u00e7\u00e3o <strong data-start=\"277\" data-end=\"292\">63 \u00d7 33,5 mm<\/strong>, possui uma <strong data-start=\"308\" data-end=\"328\">Prato deslocado de 13 mm<\/strong> para um alinhamento preciso e uma fixa\u00e7\u00e3o segura.<\/p>\n<p data-start=\"376\" data-end=\"740\">Fabricado em <strong data-start=\"389\" data-end=\"416\">chapa de a\u00e7o laminada a frio<\/strong> e <strong data-start=\"421\" data-end=\"434\">fio de ferro<\/strong>O FS-1022 oferece durabilidade e desempenho duradouro. Dispon\u00edvel em <strong data-start=\"509\" data-end=\"519\">dourado<\/strong>, <strong data-start=\"521\" data-end=\"531\">cromo<\/strong>, ou <strong data-start=\"536\" data-end=\"545\">preto<\/strong> acabamentos, combina funcionalidade com um aspeto profissional. Este <strong data-start=\"619\" data-end=\"634\">sem bloqueio<\/strong> garante um acesso r\u00e1pido e c\u00f3modo, tornando-o ideal para aplica\u00e7\u00f5es em que a velocidade \u00e9 uma prioridade.<\/p>\n<p data-start=\"742\" data-end=\"761\"><strong data-start=\"742\" data-end=\"759\">Carater\u00edsticas principais:<\/strong><\/p>\n<ul data-start=\"762\" data-end=\"1070\">\n<li data-start=\"762\" data-end=\"787\">\n<p data-start=\"764\" data-end=\"787\">C\u00f3digo do produto: FS-1022<\/p>\n<\/li>\n<li data-start=\"788\" data-end=\"818\">\n<p data-start=\"790\" data-end=\"818\">Tipo: Fecho de trinco de mala<\/p>\n<\/li>\n<li data-start=\"819\" data-end=\"840\">\n<p data-start=\"821\" data-end=\"840\">Tamanho: 63 \u00d7 33,5 mm<\/p>\n<\/li>\n<li data-start=\"841\" data-end=\"877\">\n<p data-start=\"843\" data-end=\"877\">Material: Chapa fria e fio de ferro<\/p>\n<\/li>\n<li data-start=\"878\" data-end=\"921\">\n<p data-start=\"880\" data-end=\"921\">Op\u00e7\u00f5es de acabamento: Dourado \/ Cromado \/ Preto<\/p>\n<\/li>\n<li data-start=\"922\" data-end=\"943\">\n<p data-start=\"924\" data-end=\"943\">Prato deslocado: 13mm<\/p>\n<\/li>\n<li data-start=\"944\" data-end=\"996\">\n<p data-start=\"946\" data-end=\"996\">Bloqueio: Sem bloqueio - acesso r\u00e1pido sem chaves<\/p>\n<\/li>\n<li data-start=\"997\" data-end=\"1070\">\n<p data-start=\"999\" data-end=\"1070\">Aplica\u00e7\u00f5es: Pastas, estojos para instrumentos, estojos para ferramentas, caixas de arruma\u00e7\u00e3o<\/p>\n<\/li>\n<\/ul>\n<p data-start=\"1072\" data-end=\"1219\">O FS-1022 oferece <strong data-start=\"1093\" data-end=\"1145\">fecho seguro, opera\u00e7\u00e3o f\u00e1cil e um aspeto limpo<\/strong>tornando-o adequado tanto para a constru\u00e7\u00e3o de novas caixas como para a utiliza\u00e7\u00e3o de substitui\u00e7\u00e3o.<\/p>","protected":false},"excerpt":{"rendered":"<ul>\n<li>Tamanho: 63*33,5 mm<\/li>\n<li>Material: placa fria\/fio de ferro<\/li>\n<li>Acabado: Dourado, Cromado, Preto<\/li>\n<li>Prato deslocado: 13mm<\/li>\n<li>Bloqueio: Sem bloqueio<\/li>\n<\/ul>","protected":false},"featured_media":3342,"comment_status":"closed","ping_status":"closed","template":"","meta":{"_acf_changed":false},"product_brand":[],"product_cat":[23,162],"product_tag":[],"class_list":{"0":"post-3218","1":"product","2":"type-product","3":"status-publish","4":"has-post-thumbnail","6":"product_cat-latches","7":"product_cat-briefcase-draw-latches","8":"description-off","10":"first","11":"instock","12":"shipping-taxable","13":"product-type-simple"},"acf":[],"_links":{"self":[{"href":"https:\/\/fayshing.com\/pt-pt\/wp-json\/wp\/v2\/product\/3218","targetHints":{"allow":["GET"]}}],"collection":[{"href":"https:\/\/fayshing.com\/pt-pt\/wp-json\/wp\/v2\/product"}],"about":[{"href":"https:\/\/fayshing.com\/pt-pt\/wp-json\/wp\/v2\/types\/product"}],"replies":[{"embeddable":true,"href":"https:\/\/fayshing.com\/pt-pt\/wp-json\/wp\/v2\/comments?post=3218"}],"wp:featuredmedia":[{"embeddable":true,"href":"https:\/\/fayshing.com\/pt-pt\/wp-json\/wp\/v2\/media\/3342"}],"wp:attachment":[{"href":"https:\/\/fayshing.com\/pt-pt\/wp-json\/wp\/v2\/media?parent=3218"}],"wp:term":[{"taxonomy":"product_brand","embeddable":true,"href":"https:\/\/fayshing.com\/pt-pt\/wp-json\/wp\/v2\/product_brand?post=3218"},{"taxonomy":"product_cat","embeddable":true,"href":"https:\/\/fayshing.com\/pt-pt\/wp-json\/wp\/v2\/product_cat?post=3218"},{"taxonomy":"product_tag","embeddable":true,"href":"https:\/\/fayshing.com\/pt-pt\/wp-json\/wp\/v2\/product_tag?post=3218"}],"curies":[{"name":"wp","href":"https:\/\/api.w.org\/{rel}","templated":true}]}}