{"id":3217,"date":"2022-05-17T10:15:30","date_gmt":"2022-05-17T02:15:30","guid":{"rendered":"https:\/\/fayshing.com\/index.php\/product\/fayshing-6333-5mm-lockable-latch-hasp-fs-1021\/"},"modified":"2025-08-08T17:06:32","modified_gmt":"2025-08-08T09:06:32","slug":"fayshing-6333-5mm-lockable-latch-hasp-fs-1021","status":"publish","type":"product","link":"https:\/\/fayshing.com\/pt-pt\/product\/fayshing-6333-5mm-lockable-latch-hasp-fs-1021\/","title":{"rendered":"Hasp de trava de pasta com fechadura FS-1021"},"content":{"rendered":"<p data-start=\"144\" data-end=\"410\">O <strong data-start=\"148\" data-end=\"189\">FS-1021 Fecho de trinco de mala com fechadura<\/strong> \u00e9 uma solu\u00e7\u00e3o de fecho segura e duradoura para pastas, estojos de instrumentos e caixas de armazenamento personalizadas. Medi\u00e7\u00e3o <strong data-start=\"301\" data-end=\"316\">63 \u00d7 33,5 mm<\/strong>, possui uma <strong data-start=\"332\" data-end=\"352\">Prato deslocado de 13 mm<\/strong> e um <strong data-start=\"359\" data-end=\"385\">cilindro de fechadura incorporado<\/strong> para uma seguran\u00e7a refor\u00e7ada.<\/p>\n<p data-start=\"412\" data-end=\"703\">Fabricado em <strong data-start=\"425\" data-end=\"452\">chapa de a\u00e7o laminada a frio<\/strong> e <strong data-start=\"457\" data-end=\"470\">fio de ferro<\/strong>, com um <strong data-start=\"479\" data-end=\"503\">cilindro de cobre para fechaduras<\/strong>Este trinco combina resist\u00eancia com um desempenho de bloqueio suave. Dispon\u00edvel em <strong data-start=\"580\" data-end=\"590\">dourado<\/strong>, <strong data-start=\"592\" data-end=\"602\">cromo<\/strong>, ou <strong data-start=\"607\" data-end=\"616\">preto<\/strong> O FS-1021 oferece seguran\u00e7a funcional e uma apar\u00eancia profissional.<\/p>\n<p data-start=\"705\" data-end=\"724\"><strong data-start=\"705\" data-end=\"722\">Carater\u00edsticas principais:<\/strong><\/p>\n<ul data-start=\"725\" data-end=\"1047\">\n<li data-start=\"725\" data-end=\"750\">\n<p data-start=\"727\" data-end=\"750\">C\u00f3digo do produto: FS-1021<\/p>\n<\/li>\n<li data-start=\"751\" data-end=\"790\">\n<p data-start=\"753\" data-end=\"790\">Tipo: Fecho de seguran\u00e7a para mala<\/p>\n<\/li>\n<li data-start=\"791\" data-end=\"812\">\n<p data-start=\"793\" data-end=\"812\">Tamanho: 63 \u00d7 33,5 mm<\/p>\n<\/li>\n<li data-start=\"813\" data-end=\"849\">\n<p data-start=\"815\" data-end=\"849\">Material: Chapa fria e fio de ferro<\/p>\n<\/li>\n<li data-start=\"850\" data-end=\"900\">\n<p data-start=\"852\" data-end=\"900\">Bloqueio: Sim - cilindro de cobre integrado na fechadura<\/p>\n<\/li>\n<li data-start=\"901\" data-end=\"922\">\n<p data-start=\"903\" data-end=\"922\">Prato deslocado: 13mm<\/p>\n<\/li>\n<li data-start=\"923\" data-end=\"966\">\n<p data-start=\"925\" data-end=\"966\">Op\u00e7\u00f5es de acabamento: Dourado \/ Cromado \/ Preto<\/p>\n<\/li>\n<li data-start=\"967\" data-end=\"1047\">\n<p data-start=\"969\" data-end=\"1047\">Aplica\u00e7\u00f5es: Pastas, estojos para instrumentos, estojos para ferramentas, caixas de arruma\u00e7\u00e3o personalizadas<\/p>\n<\/li>\n<\/ul>\n<p data-start=\"1049\" data-end=\"1201\">Quer esteja a construir uma nova caixa ou a atualizar uma j\u00e1 existente, o FS-1021 fornece <strong data-start=\"1136\" data-end=\"1178\">seguran\u00e7a fi\u00e1vel e um acabamento requintado<\/strong> num design compacto.<\/p>","protected":false},"excerpt":{"rendered":"<ul>\n<li>Tamanho: 63*33,5 mm<\/li>\n<li>Material: placa fria\/fio de ferro<\/li>\n<li>Acabado: Dourado, Cromado, Preto<\/li>\n<li>Prato deslocado: 13mm<\/li>\n<li>Bloqueio: Bloqueio<\/li>\n<li>Cilindro de bloqueio: cobre<\/li>\n<\/ul>","protected":false},"featured_media":3339,"comment_status":"closed","ping_status":"closed","template":"","meta":{"_acf_changed":false},"product_brand":[],"product_cat":[23,162],"product_tag":[],"class_list":{"0":"post-3217","1":"product","2":"type-product","3":"status-publish","4":"has-post-thumbnail","6":"product_cat-latches","7":"product_cat-briefcase-draw-latches","8":"description-off","10":"first","11":"instock","12":"shipping-taxable","13":"product-type-simple"},"acf":[],"_links":{"self":[{"href":"https:\/\/fayshing.com\/pt-pt\/wp-json\/wp\/v2\/product\/3217","targetHints":{"allow":["GET"]}}],"collection":[{"href":"https:\/\/fayshing.com\/pt-pt\/wp-json\/wp\/v2\/product"}],"about":[{"href":"https:\/\/fayshing.com\/pt-pt\/wp-json\/wp\/v2\/types\/product"}],"replies":[{"embeddable":true,"href":"https:\/\/fayshing.com\/pt-pt\/wp-json\/wp\/v2\/comments?post=3217"}],"wp:featuredmedia":[{"embeddable":true,"href":"https:\/\/fayshing.com\/pt-pt\/wp-json\/wp\/v2\/media\/3339"}],"wp:attachment":[{"href":"https:\/\/fayshing.com\/pt-pt\/wp-json\/wp\/v2\/media?parent=3217"}],"wp:term":[{"taxonomy":"product_brand","embeddable":true,"href":"https:\/\/fayshing.com\/pt-pt\/wp-json\/wp\/v2\/product_brand?post=3217"},{"taxonomy":"product_cat","embeddable":true,"href":"https:\/\/fayshing.com\/pt-pt\/wp-json\/wp\/v2\/product_cat?post=3217"},{"taxonomy":"product_tag","embeddable":true,"href":"https:\/\/fayshing.com\/pt-pt\/wp-json\/wp\/v2\/product_tag?post=3217"}],"curies":[{"name":"wp","href":"https:\/\/api.w.org\/{rel}","templated":true}]}}