{"id":3207,"date":"2022-05-17T10:09:14","date_gmt":"2022-05-17T02:09:14","guid":{"rendered":"https:\/\/fayshing.com\/index.php\/product\/fayshing-6138mm-lockable-draw-latch-fs-1142\/"},"modified":"2025-02-12T09:59:45","modified_gmt":"2025-02-12T01:59:45","slug":"fayshing-6138mm-lockable-draw-latch-fs-1142","status":"publish","type":"product","link":"https:\/\/fayshing.com\/pt-pt\/product\/fayshing-6138mm-lockable-draw-latch-fs-1142\/","title":{"rendered":"Fecho de gaveta de mala com fecho FS-1135"},"content":{"rendered":"<h5>Temos fivelas e fechaduras de caixa\/caixa em diferentes formatos e cores para atender \u00e0s suas diversas necessidades. Todos os tipos de lindos designs, protegendo sua caixa e tamb\u00e9m decorando sua caixa\/estojo.<\/h5>\n<p>\u3010Dimens\u00e3o do produto\u3011 61*38mm.<br \/>\n\u3010Material de alta qualidade\u3011 Feito de ferro de boa qualidade, o que torna a sua apar\u00eancia mais elegante, anti-corros\u00e3o, boa resist\u00eancia ao desgaste.<br \/>\n\u3010Caracter\u00edsticas do produto\u3011A fivela tem um design requintado e acabamento requintado. Os orif\u00edcios de parafuso reservados s\u00e3o f\u00e1ceis de instalar. Ap\u00f3s a fixa\u00e7\u00e3o, sua caixa fica mais bonita.<br \/>\n\u3010Aplica\u00e7\u00f5es amplas\u3011 A trava de altern\u00e2ncia geralmente usa em caixa de ferramentas, gaveta, estojos, caixa de j\u00f3ias ou outro hardware.<br \/>\n\u3010O cliente \u00e9 o primeiro\u3011 Tentamos o melhor para fazer produtos de boa qualidade e esperamos a sua satisfa\u00e7\u00e3o 100%. Qualquer pergunta pls sinta-se livre para nos informar.<\/p>","protected":false},"excerpt":{"rendered":"<ul>\n<li>Tamanho: 61*38mm<\/li>\n<li>Material: placa fria\/fio de ferro<\/li>\n<li>Acabado: Dourado, Cromado, Preto<\/li>\n<li>Prato deslocado: 13mm<\/li>\n<li>Bloqueio: Bloqueio<\/li>\n<li>Cilindro da fechadura: Preto, Pl\u00e1stico<\/li>\n<\/ul>","protected":false},"featured_media":3361,"comment_status":"closed","ping_status":"closed","template":"","meta":{"_acf_changed":false},"product_brand":[],"product_cat":[162],"product_tag":[],"class_list":{"0":"post-3207","1":"product","2":"type-product","3":"status-publish","4":"has-post-thumbnail","6":"product_cat-briefcase-draw-latches","7":"description-off","9":"first","10":"instock","11":"shipping-taxable","12":"product-type-simple"},"acf":[],"_links":{"self":[{"href":"https:\/\/fayshing.com\/pt-pt\/wp-json\/wp\/v2\/product\/3207","targetHints":{"allow":["GET"]}}],"collection":[{"href":"https:\/\/fayshing.com\/pt-pt\/wp-json\/wp\/v2\/product"}],"about":[{"href":"https:\/\/fayshing.com\/pt-pt\/wp-json\/wp\/v2\/types\/product"}],"replies":[{"embeddable":true,"href":"https:\/\/fayshing.com\/pt-pt\/wp-json\/wp\/v2\/comments?post=3207"}],"wp:featuredmedia":[{"embeddable":true,"href":"https:\/\/fayshing.com\/pt-pt\/wp-json\/wp\/v2\/media\/3361"}],"wp:attachment":[{"href":"https:\/\/fayshing.com\/pt-pt\/wp-json\/wp\/v2\/media?parent=3207"}],"wp:term":[{"taxonomy":"product_brand","embeddable":true,"href":"https:\/\/fayshing.com\/pt-pt\/wp-json\/wp\/v2\/product_brand?post=3207"},{"taxonomy":"product_cat","embeddable":true,"href":"https:\/\/fayshing.com\/pt-pt\/wp-json\/wp\/v2\/product_cat?post=3207"},{"taxonomy":"product_tag","embeddable":true,"href":"https:\/\/fayshing.com\/pt-pt\/wp-json\/wp\/v2\/product_tag?post=3207"}],"curies":[{"name":"wp","href":"https:\/\/api.w.org\/{rel}","templated":true}]}}