{"id":3197,"date":"2022-05-17T10:09:05","date_gmt":"2022-05-17T02:09:05","guid":{"rendered":"https:\/\/fayshing.com\/index.php\/product\/fayshing-8850mm-large-draw-latch-fs-1014\/"},"modified":"2025-01-09T14:51:11","modified_gmt":"2025-01-09T06:51:11","slug":"fayshing-8850mm-large-draw-latch-fs-1014","status":"publish","type":"product","link":"https:\/\/fayshing.com\/pt-pt\/product\/fayshing-8850mm-large-draw-latch-fs-1014\/","title":{"rendered":"Trava de tra\u00e7\u00e3o grande Fayshing 88 * 50 mm FS-1014"},"content":{"rendered":"<p>\u2606 Dimens\u00e3o do produto: 88 * 50 mm.<br \/>\n\u2606 Material do fecho de ferrolho: Fecho de ferrolho feito de ferro de boa qualidade, e a superf\u00edcie \u00e9 cromada, com excelentes propriedades anti-corros\u00e3o, resistente e dur\u00e1vel para uso prolongado.<br \/>\n\u2606 Aplica\u00e7\u00e3o: Fecho de ferrolho adequado para gaveta, arm\u00e1rio, caixa normal, caixas de instrumentos, etc.<br \/>\n\u2606 Fecho de hasp de f\u00e1cil instala\u00e7\u00e3o: Apresentado com estrutura simples, basta levantar o bra\u00e7o de tra\u00e7\u00e3o para abrir, f\u00e1cil de instalar e usar.<br \/>\n\u2606 Conselhos: Armazenar em local seco, n\u00e3o empilhar em local h\u00famido e frio, para evitar ferrugem ou oxida\u00e7\u00e3o do produto.<\/p>","protected":false},"excerpt":{"rendered":"<p>Temos fivelas e fechaduras de caixa\/caixa em diferentes formatos e cores para atender \u00e0s suas diversas necessidades. Todos os tipos de lindos designs, protegendo sua caixa e tamb\u00e9m decorando sua caixa\/estojo.<\/p>","protected":false},"featured_media":3382,"comment_status":"open","ping_status":"closed","template":"","meta":{"_acf_changed":false},"product_brand":[],"product_cat":[162],"product_tag":[],"class_list":{"0":"post-3197","1":"product","2":"type-product","3":"status-publish","4":"has-post-thumbnail","6":"product_cat-briefcase-draw-latches","7":"description-off","9":"first","10":"instock","11":"shipping-taxable","12":"product-type-simple"},"acf":[],"_links":{"self":[{"href":"https:\/\/fayshing.com\/pt-pt\/wp-json\/wp\/v2\/product\/3197","targetHints":{"allow":["GET"]}}],"collection":[{"href":"https:\/\/fayshing.com\/pt-pt\/wp-json\/wp\/v2\/product"}],"about":[{"href":"https:\/\/fayshing.com\/pt-pt\/wp-json\/wp\/v2\/types\/product"}],"replies":[{"embeddable":true,"href":"https:\/\/fayshing.com\/pt-pt\/wp-json\/wp\/v2\/comments?post=3197"}],"wp:featuredmedia":[{"embeddable":true,"href":"https:\/\/fayshing.com\/pt-pt\/wp-json\/wp\/v2\/media\/3382"}],"wp:attachment":[{"href":"https:\/\/fayshing.com\/pt-pt\/wp-json\/wp\/v2\/media?parent=3197"}],"wp:term":[{"taxonomy":"product_brand","embeddable":true,"href":"https:\/\/fayshing.com\/pt-pt\/wp-json\/wp\/v2\/product_brand?post=3197"},{"taxonomy":"product_cat","embeddable":true,"href":"https:\/\/fayshing.com\/pt-pt\/wp-json\/wp\/v2\/product_cat?post=3197"},{"taxonomy":"product_tag","embeddable":true,"href":"https:\/\/fayshing.com\/pt-pt\/wp-json\/wp\/v2\/product_tag?post=3197"}],"curies":[{"name":"wp","href":"https:\/\/api.w.org\/{rel}","templated":true}]}}