{"id":3157,"date":"2022-05-17T09:59:09","date_gmt":"2022-05-17T01:59:09","guid":{"rendered":"https:\/\/fayshing.com\/index.php\/product\/fayshing-7245mm-draw-latch-fs-1002-2\/"},"modified":"2025-08-05T13:48:43","modified_gmt":"2025-08-05T05:48:43","slug":"fayshing-7245mm-draw-latch-fs-1002","status":"publish","type":"product","link":"https:\/\/fayshing.com\/pt-pt\/product\/fayshing-7245mm-draw-latch-fs-1002\/","title":{"rendered":"Fayshing 72*45mm Trava de tra\u00e7\u00e3o FS-1002"},"content":{"rendered":"<p>\u2606 Dimens\u00e3o do produto: 72 * 45 mm.<br \/>\n\u2606 Material do fecho de ferrolho: Fecho de ferrolho feito de ferro de boa qualidade, e a superf\u00edcie \u00e9 cromada, com excelentes propriedades anti-corros\u00e3o, resistente e dur\u00e1vel para uso prolongado.<br \/>\n\u2606 Aplica\u00e7\u00e3o: Fecho de ferrolho adequado para gaveta, arm\u00e1rio, caixa normal, caixas de instrumentos, etc.<br \/>\n\u2606 Fecho de hasp de f\u00e1cil instala\u00e7\u00e3o: Apresentado com estrutura simples, basta levantar o bra\u00e7o de tra\u00e7\u00e3o para abrir, f\u00e1cil de instalar e usar.<br \/>\n\u2606 Conselhos: Armazenar em local seco, n\u00e3o empilhar em local h\u00famido e frio, para evitar ferrugem ou oxida\u00e7\u00e3o do produto.<\/p>","protected":false},"excerpt":{"rendered":"<ul>\n<li>Fecho de tra\u00e7\u00e3o<\/li>\n<li>Material: A\u00e7o<\/li>\n<li>Acabamento: Ouro \/ Cromo \/ Preto<\/li>\n<\/ul>","protected":false},"featured_media":5248,"comment_status":"open","ping_status":"closed","template":"","meta":{"_acf_changed":false},"product_brand":[],"product_cat":[162],"product_tag":[],"class_list":{"0":"post-3157","1":"product","2":"type-product","3":"status-publish","4":"has-post-thumbnail","6":"product_cat-briefcase-draw-latches","7":"description-off","9":"first","10":"instock","11":"shipping-taxable","12":"product-type-simple"},"acf":[],"_links":{"self":[{"href":"https:\/\/fayshing.com\/pt-pt\/wp-json\/wp\/v2\/product\/3157","targetHints":{"allow":["GET"]}}],"collection":[{"href":"https:\/\/fayshing.com\/pt-pt\/wp-json\/wp\/v2\/product"}],"about":[{"href":"https:\/\/fayshing.com\/pt-pt\/wp-json\/wp\/v2\/types\/product"}],"replies":[{"embeddable":true,"href":"https:\/\/fayshing.com\/pt-pt\/wp-json\/wp\/v2\/comments?post=3157"}],"wp:featuredmedia":[{"embeddable":true,"href":"https:\/\/fayshing.com\/pt-pt\/wp-json\/wp\/v2\/media\/5248"}],"wp:attachment":[{"href":"https:\/\/fayshing.com\/pt-pt\/wp-json\/wp\/v2\/media?parent=3157"}],"wp:term":[{"taxonomy":"product_brand","embeddable":true,"href":"https:\/\/fayshing.com\/pt-pt\/wp-json\/wp\/v2\/product_brand?post=3157"},{"taxonomy":"product_cat","embeddable":true,"href":"https:\/\/fayshing.com\/pt-pt\/wp-json\/wp\/v2\/product_cat?post=3157"},{"taxonomy":"product_tag","embeddable":true,"href":"https:\/\/fayshing.com\/pt-pt\/wp-json\/wp\/v2\/product_tag?post=3157"}],"curies":[{"name":"wp","href":"https:\/\/api.w.org\/{rel}","templated":true}]}}